{"id":11234,"date":"2019-03-11T10:13:07","date_gmt":"2019-03-11T10:13:07","guid":{"rendered":"https:\/\/karpaten-meat.com\/die-gruppe-kmg\/"},"modified":"2019-06-28T11:22:51","modified_gmt":"2019-06-28T11:22:51","slug":"die-gruppe-kmg","status":"publish","type":"page","link":"https:\/\/karpaten-meat.com\/de\/die-gruppe-kmg\/","title":{"rendered":"DIE GRUPPE KMG"},"content":{"rendered":"<div class=\"wpb-content-wrapper\"><p>[vc_row][vc_column css=&#8220;.vc_custom_1491472811803{margin-top: 20px !important;}&#8220;][vc_column_text]<\/p>\n<h1>DIE UNTERNEHMENSGRUPPE<\/h1>\n<p>[\/vc_column_text][\/vc_column][\/vc_row][vc_row][vc_column width=&#8220;1\/2&#8243; css=&#8220;.vc_custom_1481814793729{margin-bottom: 40px !important;}&#8220;][vc_column_text]2008 legten die Unternehmer von Karpaten Meat den Grundstein f\u00fcr die Angus-Rindfleischproduktion in Rum\u00e4nien. Unser Angus-System umfasst alle Produktionsstufen, von K\u00e4lberproduktion \u00fcber Aufzucht und Mast bis hin zur fachgerechten Fleischverarbeitung. Heute besteht Karpaten Meat Rum\u00e4nien aus einem Angus-Reproduktionsbetrieb, drei Mastbetriebe und einem Quarant\u00e4ne- und Import-Export-Betrieb, mit einem Bestand von insgesamt 3500 Zucht- und 3500 Masttieren.[\/vc_column_text][\/vc_column][vc_column width=&#8220;1\/2&#8243; css=&#8220;.vc_custom_1481814802867{margin-bottom: 40px !important;}&#8220;][vc_column_text]Unser Motto bei der Fleischerzeugung: <strong>wenig im Stall, viel auf der Weide<\/strong>, also \u201evom Gras zum Qualit\u00e4tsfleisch\u201d, beschreibt unser Gesamtsystem f\u00fcr alle Produktionsstufen, beginnend mit der Weidehaltung auf Bio-Gr\u00fcnland \u00fcber Aufzucht und Mast von ANGUS-Rindern bis zur Fleischverarbeitung.<\/p>\n<p>Schon seit einigen Jahren zeigt sich dieses komplette Systemangebot von Karpaten Meat erfolgreich f\u00fcr Reproduktion, Mast und Vermarktung von Angus-Rindern bzw. der Vermarktung\u00a0 von Angus-Qualit\u00e4tsfleisch.[\/vc_column_text][\/vc_column][\/vc_row][vc_row][vc_column css=&#8220;.vc_custom_1488972818741{margin-bottom: 40px !important;}&#8220;][vc_column_text]<\/p>\n<h3><a href=\"\/?page_id=4570\">Karpaten Meat<\/a><\/h3>\n<ul>\n<li>Aufzucht von Rindern der Rasse Aberdeen Angus.<\/li>\n<li>Strenge Beachtung der EU- Verordnung und der Richtlinien von Bio Suisse.<\/li>\n<li>Eigenproduktion von Futter<\/li>\n<li>Nur erstklassige Angus-Zuchtbullen werden zur Reproduktion eingesetzt.<\/li>\n<li>Nat\u00fcrliche Besamung aller Rinder durch unsere Zuchtbullen.<\/li>\n<li>Zucht von harmonischen, ausgeglichenen Typen.<\/li>\n<\/ul>\n<p>&nbsp;<\/p>\n<p>&nbsp;<\/p>\n<h3><a href=\"\/?page_id=4559\">Karpaten Meat Trading<\/a><\/h3>\n<ul>\n<li>Die Angus-Rinder unserer Zucht zeigen optimale Futterverwertung sowie hohe Mast- und Schlachtleistung.<\/li>\n<\/ul>\n<p>&nbsp;<\/p>\n<p>&nbsp;<\/p>\n<h3><a href=\"\/?page_id=4579\">Karpaten Meat Siebenbuergen<\/a><\/h3>\n<h4>Anbieter von Premium-Rindfleisch und Top-Genetik<\/h4>\n<p>&nbsp;<\/p>\n<ul>\n<li>Aufbau eines Produktionssystems f\u00fcr ANGUS-Rindfleisch in Rum\u00e4nien.<\/li>\n<li>Aufbau eines ANGUS-Netzwerks (Partnerprogramm).<\/li>\n<li>Einf\u00fchrung von ANGUS- Rindfleisch auf dem rum\u00e4nischen Markt.<\/li>\n<li>Vermarktung von ANGUS-Premiumrindfleisch auf dem europ\u00e4ischen Markt.<\/li>\n<li>Angus-Rindfleisch geh\u00f6rt zu den beliebtesten Rindfleischsorten weltweit.<\/li>\n<li>Angus-Rinder liefern zartes, feinmarmoriertes Fleisch in Spitzenqualit\u00e4t.<\/li>\n<\/ul>\n<p>[\/vc_column_text][\/vc_column][\/vc_row][vc_row][vc_column width=&#8220;1\/4&#8243; css=&#8220;.vc_custom_1481807138609{margin-bottom: 40px !important;}&#8220;]<div class=\"q_pie_chart_holder\"><div class=\"q_percentage\" data-alignment=\"\" data-percent=\"100\" data-linewidth=\"\" data-size=\"\" data-active=\"\" data-noactive=\"\"><span class=\"tocounter with_mark\" style=\"font-weight:700;\">100<\/span><\/div><div class=\"pie_chart_text\" ><h3 class=\"pie_title\" style=\"color: #000000;\">Zucht<\/h3><p style=\"color: #000000;\">Bei allem, was wir tun, ist h\u00f6chste Qualit\u00e4t vorhanden.<\/p><\/div><\/div>[\/vc_column][vc_column width=&#8220;1\/4&#8243; css=&#8220;.vc_custom_1491472227310{margin-bottom: 40px !important;}&#8220;]<div class=\"q_pie_chart_holder\"><div class=\"q_percentage\" data-alignment=\"\" data-percent=\"100\" data-linewidth=\"\" data-size=\"\" data-active=\"\" data-noactive=\"\"><span class=\"tocounter with_mark\" style=\"font-weight:700;\">100<\/span><\/div><div class=\"pie_chart_text\" ><h3 class=\"pie_title\" style=\"color: #000000;\">Mast<\/h3><p style=\"color: #000000;\">Wir verpflichten uns, Qualit\u00e4t und Integrit\u00e4t zu liefern.<\/p><\/div><\/div>[\/vc_column][vc_column width=&#8220;1\/4&#8243; css=&#8220;.vc_custom_1491472234271{margin-bottom: 40px !important;}&#8220;]<div class=\"q_pie_chart_holder\"><div class=\"q_percentage\" data-alignment=\"\" data-percent=\"100\" data-linewidth=\"\" data-size=\"\" data-active=\"\" data-noactive=\"\"><span class=\"tocounter with_mark\" style=\"font-weight:700;\">100<\/span><\/div><div class=\"pie_chart_text\" ><h3 class=\"pie_title\" style=\"color: #000000;\">Rinder<\/h3><p style=\"color: #000000;\">Vom Gras zum Rindfleisch ANGUS Business Systems<\/p><\/div><\/div>[\/vc_column][vc_column width=&#8220;1\/4&#8243; css=&#8220;.vc_custom_1491472242120{margin-bottom: 40px !important;}&#8220;]<div class=\"q_pie_chart_holder\"><div class=\"q_percentage\" data-alignment=\"\" data-percent=\"100\" data-linewidth=\"\" data-size=\"\" data-active=\"\" data-noactive=\"\"><span class=\"tocounter with_mark\" style=\"font-weight:700;\">100<\/span><\/div><div class=\"pie_chart_text\" ><h3 class=\"pie_title\" style=\"color: #000000;\">Fleisch<\/h3><p style=\"color: #000000;\">Karpaten Premium Angus<\/p><\/div><\/div>[\/vc_column][\/vc_row]<\/p>\n<\/div>","protected":false},"excerpt":{"rendered":"<p>[vc_row][vc_column css=&#8220;.vc_custom_1491472811803{margin-top: 20px !important;}&#8220;][vc_column_text] DIE UNTERNEHMENSGRUPPE [\/vc_column_text][\/vc_column][\/vc_row][vc_row][vc_column width=&#8220;1\/2&#8243; css=&#8220;.vc_custom_1481814793729{margin-bottom: 40px !important;}&#8220;][vc_column_text]2008 legten die Unternehmer von Karpaten Meat den Grundstein f\u00fcr die Angus-Rindfleischproduktion in Rum\u00e4nien. Unser&#8230;<\/p>\n","protected":false},"author":1,"featured_media":0,"parent":0,"menu_order":0,"comment_status":"closed","ping_status":"closed","template":"","meta":{"_exactmetrics_skip_tracking":false,"_exactmetrics_sitenote_active":false,"_exactmetrics_sitenote_note":"","_exactmetrics_sitenote_category":0,"footnotes":""},"yoast_head":"<!-- This site is optimized with the Yoast SEO plugin v23.0 - https:\/\/yoast.com\/wordpress\/plugins\/seo\/ -->\n<title>DIE GRUPPE KMG - Karpaten Meat<\/title>\n<meta name=\"robots\" content=\"index, follow, max-snippet:-1, max-image-preview:large, max-video-preview:-1\" \/>\n<link rel=\"canonical\" href=\"https:\/\/karpaten-meat.com\/grupul-de-firme\/\" \/>\n<meta property=\"og:locale\" content=\"de_DE\" \/>\n<meta property=\"og:type\" content=\"article\" \/>\n<meta property=\"og:title\" content=\"DIE GRUPPE KMG - Karpaten Meat\" \/>\n<meta property=\"og:description\" content=\"[vc_row][vc_column css=&#8220;.vc_custom_1491472811803{margin-top: 20px !important;}&#8220;][vc_column_text] DIE UNTERNEHMENSGRUPPE [\/vc_column_text][\/vc_column][\/vc_row][vc_row][vc_column width=&#8220;1\/2&#8243; css=&#8220;.vc_custom_1481814793729{margin-bottom: 40px !important;}&#8220;][vc_column_text]2008 legten die Unternehmer von Karpaten Meat den Grundstein f\u00fcr die Angus-Rindfleischproduktion in Rum\u00e4nien. Unser...\" \/>\n<meta property=\"og:url\" content=\"https:\/\/karpaten-meat.com\/grupul-de-firme\/\" \/>\n<meta property=\"og:site_name\" content=\"Karpaten Meat\" \/>\n<meta property=\"article:modified_time\" content=\"2019-06-28T11:22:51+00:00\" \/>\n<meta name=\"twitter:card\" content=\"summary_large_image\" \/>\n<meta name=\"twitter:label1\" content=\"Gesch\u00e4tzte Lesezeit\" \/>\n\t<meta name=\"twitter:data1\" content=\"2\u00a0Minuten\" \/>\n<script type=\"application\/ld+json\" class=\"yoast-schema-graph\">{\"@context\":\"https:\/\/schema.org\",\"@graph\":[{\"@type\":\"WebPage\",\"@id\":\"https:\/\/karpaten-meat.com\/grupul-de-firme\/\",\"url\":\"https:\/\/karpaten-meat.com\/grupul-de-firme\/\",\"name\":\"DIE GRUPPE KMG - Karpaten Meat\",\"isPartOf\":{\"@id\":\"https:\/\/karpaten-meat.com\/#website\"},\"datePublished\":\"2019-03-11T10:13:07+00:00\",\"dateModified\":\"2019-06-28T11:22:51+00:00\",\"breadcrumb\":{\"@id\":\"https:\/\/karpaten-meat.com\/grupul-de-firme\/#breadcrumb\"},\"inLanguage\":\"de\",\"potentialAction\":[{\"@type\":\"ReadAction\",\"target\":[\"https:\/\/karpaten-meat.com\/grupul-de-firme\/\"]}]},{\"@type\":\"BreadcrumbList\",\"@id\":\"https:\/\/karpaten-meat.com\/grupul-de-firme\/#breadcrumb\",\"itemListElement\":[{\"@type\":\"ListItem\",\"position\":1,\"name\":\"Prima pagin\u0103\",\"item\":\"https:\/\/karpaten-meat.com\/de\/\"},{\"@type\":\"ListItem\",\"position\":2,\"name\":\"DIE GRUPPE KMG\"}]},{\"@type\":\"WebSite\",\"@id\":\"https:\/\/karpaten-meat.com\/#website\",\"url\":\"https:\/\/karpaten-meat.com\/\",\"name\":\"Karpaten Meat\",\"description\":\"from grass to beef\",\"potentialAction\":[{\"@type\":\"SearchAction\",\"target\":{\"@type\":\"EntryPoint\",\"urlTemplate\":\"https:\/\/karpaten-meat.com\/?s={search_term_string}\"},\"query-input\":\"required name=search_term_string\"}],\"inLanguage\":\"de\"}]}<\/script>\n<!-- \/ Yoast SEO plugin. -->","yoast_head_json":{"title":"DIE GRUPPE KMG - Karpaten Meat","robots":{"index":"index","follow":"follow","max-snippet":"max-snippet:-1","max-image-preview":"max-image-preview:large","max-video-preview":"max-video-preview:-1"},"canonical":"https:\/\/karpaten-meat.com\/grupul-de-firme\/","og_locale":"de_DE","og_type":"article","og_title":"DIE GRUPPE KMG - Karpaten Meat","og_description":"[vc_row][vc_column css=&#8220;.vc_custom_1491472811803{margin-top: 20px !important;}&#8220;][vc_column_text] DIE UNTERNEHMENSGRUPPE [\/vc_column_text][\/vc_column][\/vc_row][vc_row][vc_column width=&#8220;1\/2&#8243; css=&#8220;.vc_custom_1481814793729{margin-bottom: 40px !important;}&#8220;][vc_column_text]2008 legten die Unternehmer von Karpaten Meat den Grundstein f\u00fcr die Angus-Rindfleischproduktion in Rum\u00e4nien. Unser...","og_url":"https:\/\/karpaten-meat.com\/grupul-de-firme\/","og_site_name":"Karpaten Meat","article_modified_time":"2019-06-28T11:22:51+00:00","twitter_card":"summary_large_image","twitter_misc":{"Gesch\u00e4tzte Lesezeit":"2\u00a0Minuten"},"schema":{"@context":"https:\/\/schema.org","@graph":[{"@type":"WebPage","@id":"https:\/\/karpaten-meat.com\/grupul-de-firme\/","url":"https:\/\/karpaten-meat.com\/grupul-de-firme\/","name":"DIE GRUPPE KMG - Karpaten Meat","isPartOf":{"@id":"https:\/\/karpaten-meat.com\/#website"},"datePublished":"2019-03-11T10:13:07+00:00","dateModified":"2019-06-28T11:22:51+00:00","breadcrumb":{"@id":"https:\/\/karpaten-meat.com\/grupul-de-firme\/#breadcrumb"},"inLanguage":"de","potentialAction":[{"@type":"ReadAction","target":["https:\/\/karpaten-meat.com\/grupul-de-firme\/"]}]},{"@type":"BreadcrumbList","@id":"https:\/\/karpaten-meat.com\/grupul-de-firme\/#breadcrumb","itemListElement":[{"@type":"ListItem","position":1,"name":"Prima pagin\u0103","item":"https:\/\/karpaten-meat.com\/de\/"},{"@type":"ListItem","position":2,"name":"DIE GRUPPE KMG"}]},{"@type":"WebSite","@id":"https:\/\/karpaten-meat.com\/#website","url":"https:\/\/karpaten-meat.com\/","name":"Karpaten Meat","description":"from grass to beef","potentialAction":[{"@type":"SearchAction","target":{"@type":"EntryPoint","urlTemplate":"https:\/\/karpaten-meat.com\/?s={search_term_string}"},"query-input":"required name=search_term_string"}],"inLanguage":"de"}]}},"_links":{"self":[{"href":"https:\/\/karpaten-meat.com\/de\/wp-json\/wp\/v2\/pages\/11234"}],"collection":[{"href":"https:\/\/karpaten-meat.com\/de\/wp-json\/wp\/v2\/pages"}],"about":[{"href":"https:\/\/karpaten-meat.com\/de\/wp-json\/wp\/v2\/types\/page"}],"author":[{"embeddable":true,"href":"https:\/\/karpaten-meat.com\/de\/wp-json\/wp\/v2\/users\/1"}],"replies":[{"embeddable":true,"href":"https:\/\/karpaten-meat.com\/de\/wp-json\/wp\/v2\/comments?post=11234"}],"version-history":[{"count":6,"href":"https:\/\/karpaten-meat.com\/de\/wp-json\/wp\/v2\/pages\/11234\/revisions"}],"predecessor-version":[{"id":11869,"href":"https:\/\/karpaten-meat.com\/de\/wp-json\/wp\/v2\/pages\/11234\/revisions\/11869"}],"wp:attachment":[{"href":"https:\/\/karpaten-meat.com\/de\/wp-json\/wp\/v2\/media?parent=11234"}],"curies":[{"name":"wp","href":"https:\/\/api.w.org\/{rel}","templated":true}]}}