{"id":11238,"date":"2019-03-11T10:33:58","date_gmt":"2019-03-11T10:33:58","guid":{"rendered":"https:\/\/karpaten-meat.com\/zucht\/"},"modified":"2019-06-28T10:10:49","modified_gmt":"2019-06-28T10:10:49","slug":"zucht","status":"publish","type":"page","link":"https:\/\/karpaten-meat.com\/de\/zucht\/","title":{"rendered":"ZUCHT"},"content":{"rendered":"<div class=\"wpb-content-wrapper\"><p>[vc_row][vc_column width=&#8220;1\/2&#8243; css=&#8220;.vc_custom_1478790934888{margin-top: 20px !important;}&#8220;][vc_column_text]<\/p>\n<h1>ZUCHT<\/h1>\n<h4>Der Schl\u00fcssel zur Produktion von Qualit\u00e4tsrindfleisch sind gesunde Rinder draussen, auf unbelasteten Weiden. Unsere Angusrinder genie\u00dfen frisches, saftiges Gras und sauberes Wasser in ganzj\u00e4hriger Weidehaltung. Diese nat\u00fcrliche Zuchtmethode sowie die Mutterkuhhaltung macht den gr\u00f6\u00dften Teil des Zuchtzyklus aus und ist optimal sowohl f\u00fcr die Gesundheit der Tiere als auch f\u00fcr die Umwelt. Bei der Aufzucht der Rinder werden keine Antibiotika, Hormone oder Steroide verwendet.<\/h4>\n<p>[\/vc_column_text][\/vc_column][vc_column width=&#8220;1\/2&#8243; css=&#8220;.vc_custom_1478789574664{margin-top: 40px !important;}&#8220;]<div class='image_hover ' style='' data-transition-delay=''><div class='images_holder'><img class='active_image ' src='https:\/\/karpaten-meat.com\/wp-content\/uploads\/2016\/08\/KM-JA-0516-075.jpg' alt='' style='' \/><img class='hover_image' src='https:\/\/karpaten-meat.com\/wp-content\/uploads\/2016\/08\/KM-JAM-15-138.jpg' alt='' style='' \/><\/div><\/div>[\/vc_column][\/vc_row][vc_row][vc_column width=&#8220;1\/2&#8243; css=&#8220;.vc_custom_1478698149892{margin-top: 40px !important;margin-bottom: 40px !important;}&#8220;][vc_column_text]Der Betrieb\u00a0<strong>\u00a0<a href=\"http:\/\/karpaten-meat.com\/breeding\/breeding-farm\/\">BioPark<\/a><\/strong> \u00a0in Nocrich (dt. Leschkirch) ist der Hauptbetrieb unserer Anguszucht, der etwa 3000 Tiere umfasst. Alle unsere Rinder besitzen ein Zuchtbescheinigung und werden j\u00e4hrlich sorgf\u00e4ltig selektiert und bewertet, von Angus-Experten aus unseren eigenen Betrieben sowie aus ausl\u00e4ndischen Partnerbetrieben. Jedes Tier wird in unser Stockbook-System (Herdbuch) eingetragen, mit Angaben zu Kalbung, Gewicht, Besamung, k\u00f6rperlicher Entwicklung, Pr\u00fcfungen, Impfungen, Eigenschaften der Mutterkuh, bis hin zur \u00dcbertragung genetischer Eigenschaften. So werden, mit Unterst\u00fctzung des Verbandes <em>Aberdeen Angus Romania<\/em> sowie mit Hilfe des Breedplan-Systems zur Zucht nur solche Rinder eingesetzt, die allen Zuchtstandards entsprechen.<\/p>\n<p>&nbsp;<\/p>\n<p><strong>Wir wenden die neuesten Zuchtmethoden an, <\/strong>wie zum Beispiel GEN-MARKER-Tests zur Sicherung einer entsprechenden Qualit\u00e4t, Zartheit und Marmorierung des Fleisches, sowie der Futtereffizienz. \u00a0Das bedeutet auch Qualit\u00e4tssicherung auf allen Produktionsstufen, R\u00fcckverfolgbarkeit f\u00fcr jedes einzelne Tier, DNA-Tests \u2013 vom Steak zur\u00fcck zum Rind.<\/p>\n<p>&nbsp;<\/p>\n<p>Die Mutterkuhhaltung erlaubt sowohl uns als auch unseren Partnern eine entsprechende Qualit\u00e4tskontrolle und garantiert hochwertiges Rindfleisch. Karpaten Meat w\u00fcnscht sich eine <a href=\"http:\/\/devel.karpaten-meat.com\/sales-cattle\/partner-program\/\"><strong>dauerhafte Partnerschaft mit seiner Partnerbetrieben<\/strong><\/a>. Deshalb achten wir bei der K\u00e4lberproduktion auf Effizienz, um im gemeinsamen Interesse \u2013 Partner, eigenes Unternehmen, Kunden \u2013 beste Ergebnisse zu erzielen.<\/p>\n<p>&nbsp;[\/vc_column_text][\/vc_column][vc_column width=&#8220;1\/2&#8243; css=&#8220;.vc_custom_1478703597401{margin-top: 40px !important;margin-bottom: 40px !important;}&#8220;][vc_column_text]<a href=\"http:\/\/karpaten-meat.com\/sales-cattle\/technical\/\"><strong>Das Herdmanagement<\/strong><\/a>\u00a0unseres Zuchtbetriebes beruht auf jahrelanger Erfahrung in Angus-Betrieben, sodass Prozesse, Infrastruktur und Futterplanung maximal optimiert sind; dabei liegt der Schwerpunkt auf Effizienz und auf Gesundheit und Sicherheit des Tierbestands.<\/p>\n<p>&nbsp;<\/p>\n<p><a href=\"http:\/\/karpaten-meat.com\/breeding\/angus-breeding\/\"><strong>Das Angus-Zuchtsystem <\/strong><\/a>\u00a0beruht auf extensiver Aufzucht in Mutterkuhhaltung auf die Weide; das hei\u00dft, die K\u00e4lber bleiben nach dem Abkalben 8\u201310 Monate bei der Mutterkuh und werden erst danach abgesetzt. Bis dahin sind die K\u00e4lber auf der Weide und ern\u00e4hren sich ausschlie\u00dflich von Milch und Weidegras, ohne zus\u00e4tzliche Futtermittel. Angus-Rinder sind gute Weidegrasverwerter, auch bei geringerer Weidequalit\u00e4t. Auch \u00fcber den Winter stehen die Tiere draussen und nicht im Stall. Anguszuchtrinder sind f\u00fcr Stallhaltung nicht geeignet, denn Temperaturschwankungen sind nachteilig f\u00fcr die Tiere. Der Gro\u00dfteil der Zuchtrinder sind das ganze Jahr \u00fcber drau\u00dfen und werden im Winter mit Heu und Grassilage gef\u00fcttert.<\/p>\n<p>&nbsp;<\/p>\n<p><a href=\"http:\/\/karpaten-meat.com\/breeding\/angus-breeding\/\"><strong>Unser Ziel: robuste und pflegeleichte Tiere<\/strong><\/a><\/p>\n<ul>\n<li>Die robusten und pflegeleichten Rinder passen sich an Au\u00dfentemperaturen von -40\u00b0C bis +40\u00b0C an<\/li>\n<li>Mittelrahmige, harmonische und ausgeglichene Typen (Energy-smart-cattle)<\/li>\n<li>Fruchtbare, pflegeleichte K\u00fche mit hoher Milchleistung f\u00fcr die K\u00e4lberaufzucht (Easy-handling-cow)<\/li>\n<li>Sehr gute Mast- und Schlachtausbeute<\/li>\n<li>Hohe durchschnittliche Gewichtzunahme der K\u00e4lber mit Weidegras und Milch<\/li>\n<li>Absetzer, wenn das Kalb mindestens 50% vom Lebendgewicht der Mutter erreicht hat<\/li>\n<\/ul>\n<p>[\/vc_column_text][\/vc_column][\/vc_row]<\/p>\n<\/div>","protected":false},"excerpt":{"rendered":"<p>[vc_row][vc_column width=&#8220;1\/2&#8243; css=&#8220;.vc_custom_1478790934888{margin-top: 20px !important;}&#8220;][vc_column_text] ZUCHT Der Schl\u00fcssel zur Produktion von Qualit\u00e4tsrindfleisch sind gesunde Rinder draussen, auf unbelasteten Weiden. Unsere Angusrinder genie\u00dfen frisches, saftiges Gras&#8230;<\/p>\n","protected":false},"author":1,"featured_media":0,"parent":0,"menu_order":0,"comment_status":"closed","ping_status":"closed","template":"","meta":{"_exactmetrics_skip_tracking":false,"_exactmetrics_sitenote_active":false,"_exactmetrics_sitenote_note":"","_exactmetrics_sitenote_category":0,"footnotes":""},"yoast_head":"<!-- This site is optimized with the Yoast SEO plugin v23.0 - https:\/\/yoast.com\/wordpress\/plugins\/seo\/ -->\n<title>ZUCHT - Karpaten Meat<\/title>\n<meta name=\"robots\" content=\"index, follow, max-snippet:-1, max-image-preview:large, max-video-preview:-1\" \/>\n<link rel=\"canonical\" href=\"https:\/\/karpaten-meat.com\/reproductie\/\" \/>\n<meta property=\"og:locale\" content=\"de_DE\" \/>\n<meta property=\"og:type\" content=\"article\" \/>\n<meta property=\"og:title\" content=\"ZUCHT - Karpaten Meat\" \/>\n<meta property=\"og:description\" content=\"[vc_row][vc_column width=&#8220;1\/2&#8243; css=&#8220;.vc_custom_1478790934888{margin-top: 20px !important;}&#8220;][vc_column_text] ZUCHT Der Schl\u00fcssel zur Produktion von Qualit\u00e4tsrindfleisch sind gesunde Rinder draussen, auf unbelasteten Weiden. Unsere Angusrinder genie\u00dfen frisches, saftiges Gras...\" \/>\n<meta property=\"og:url\" content=\"https:\/\/karpaten-meat.com\/reproductie\/\" \/>\n<meta property=\"og:site_name\" content=\"Karpaten Meat\" \/>\n<meta property=\"article:modified_time\" content=\"2019-06-28T10:10:49+00:00\" \/>\n<meta name=\"twitter:card\" content=\"summary_large_image\" \/>\n<meta name=\"twitter:label1\" content=\"Gesch\u00e4tzte Lesezeit\" \/>\n\t<meta name=\"twitter:data1\" content=\"3\u00a0Minuten\" \/>\n<script type=\"application\/ld+json\" class=\"yoast-schema-graph\">{\"@context\":\"https:\/\/schema.org\",\"@graph\":[{\"@type\":\"WebPage\",\"@id\":\"https:\/\/karpaten-meat.com\/reproductie\/\",\"url\":\"https:\/\/karpaten-meat.com\/reproductie\/\",\"name\":\"ZUCHT - Karpaten Meat\",\"isPartOf\":{\"@id\":\"https:\/\/karpaten-meat.com\/#website\"},\"datePublished\":\"2019-03-11T10:33:58+00:00\",\"dateModified\":\"2019-06-28T10:10:49+00:00\",\"breadcrumb\":{\"@id\":\"https:\/\/karpaten-meat.com\/reproductie\/#breadcrumb\"},\"inLanguage\":\"de\",\"potentialAction\":[{\"@type\":\"ReadAction\",\"target\":[\"https:\/\/karpaten-meat.com\/reproductie\/\"]}]},{\"@type\":\"BreadcrumbList\",\"@id\":\"https:\/\/karpaten-meat.com\/reproductie\/#breadcrumb\",\"itemListElement\":[{\"@type\":\"ListItem\",\"position\":1,\"name\":\"Prima pagin\u0103\",\"item\":\"https:\/\/karpaten-meat.com\/de\/\"},{\"@type\":\"ListItem\",\"position\":2,\"name\":\"ZUCHT\"}]},{\"@type\":\"WebSite\",\"@id\":\"https:\/\/karpaten-meat.com\/#website\",\"url\":\"https:\/\/karpaten-meat.com\/\",\"name\":\"Karpaten Meat\",\"description\":\"from grass to beef\",\"potentialAction\":[{\"@type\":\"SearchAction\",\"target\":{\"@type\":\"EntryPoint\",\"urlTemplate\":\"https:\/\/karpaten-meat.com\/?s={search_term_string}\"},\"query-input\":\"required name=search_term_string\"}],\"inLanguage\":\"de\"}]}<\/script>\n<!-- \/ Yoast SEO plugin. -->","yoast_head_json":{"title":"ZUCHT - Karpaten Meat","robots":{"index":"index","follow":"follow","max-snippet":"max-snippet:-1","max-image-preview":"max-image-preview:large","max-video-preview":"max-video-preview:-1"},"canonical":"https:\/\/karpaten-meat.com\/reproductie\/","og_locale":"de_DE","og_type":"article","og_title":"ZUCHT - Karpaten Meat","og_description":"[vc_row][vc_column width=&#8220;1\/2&#8243; css=&#8220;.vc_custom_1478790934888{margin-top: 20px !important;}&#8220;][vc_column_text] ZUCHT Der Schl\u00fcssel zur Produktion von Qualit\u00e4tsrindfleisch sind gesunde Rinder draussen, auf unbelasteten Weiden. Unsere Angusrinder genie\u00dfen frisches, saftiges Gras...","og_url":"https:\/\/karpaten-meat.com\/reproductie\/","og_site_name":"Karpaten Meat","article_modified_time":"2019-06-28T10:10:49+00:00","twitter_card":"summary_large_image","twitter_misc":{"Gesch\u00e4tzte Lesezeit":"3\u00a0Minuten"},"schema":{"@context":"https:\/\/schema.org","@graph":[{"@type":"WebPage","@id":"https:\/\/karpaten-meat.com\/reproductie\/","url":"https:\/\/karpaten-meat.com\/reproductie\/","name":"ZUCHT - Karpaten Meat","isPartOf":{"@id":"https:\/\/karpaten-meat.com\/#website"},"datePublished":"2019-03-11T10:33:58+00:00","dateModified":"2019-06-28T10:10:49+00:00","breadcrumb":{"@id":"https:\/\/karpaten-meat.com\/reproductie\/#breadcrumb"},"inLanguage":"de","potentialAction":[{"@type":"ReadAction","target":["https:\/\/karpaten-meat.com\/reproductie\/"]}]},{"@type":"BreadcrumbList","@id":"https:\/\/karpaten-meat.com\/reproductie\/#breadcrumb","itemListElement":[{"@type":"ListItem","position":1,"name":"Prima pagin\u0103","item":"https:\/\/karpaten-meat.com\/de\/"},{"@type":"ListItem","position":2,"name":"ZUCHT"}]},{"@type":"WebSite","@id":"https:\/\/karpaten-meat.com\/#website","url":"https:\/\/karpaten-meat.com\/","name":"Karpaten Meat","description":"from grass to beef","potentialAction":[{"@type":"SearchAction","target":{"@type":"EntryPoint","urlTemplate":"https:\/\/karpaten-meat.com\/?s={search_term_string}"},"query-input":"required name=search_term_string"}],"inLanguage":"de"}]}},"_links":{"self":[{"href":"https:\/\/karpaten-meat.com\/de\/wp-json\/wp\/v2\/pages\/11238"}],"collection":[{"href":"https:\/\/karpaten-meat.com\/de\/wp-json\/wp\/v2\/pages"}],"about":[{"href":"https:\/\/karpaten-meat.com\/de\/wp-json\/wp\/v2\/types\/page"}],"author":[{"embeddable":true,"href":"https:\/\/karpaten-meat.com\/de\/wp-json\/wp\/v2\/users\/1"}],"replies":[{"embeddable":true,"href":"https:\/\/karpaten-meat.com\/de\/wp-json\/wp\/v2\/comments?post=11238"}],"version-history":[{"count":5,"href":"https:\/\/karpaten-meat.com\/de\/wp-json\/wp\/v2\/pages\/11238\/revisions"}],"predecessor-version":[{"id":11243,"href":"https:\/\/karpaten-meat.com\/de\/wp-json\/wp\/v2\/pages\/11238\/revisions\/11243"}],"wp:attachment":[{"href":"https:\/\/karpaten-meat.com\/de\/wp-json\/wp\/v2\/media?parent=11238"}],"curies":[{"name":"wp","href":"https:\/\/api.w.org\/{rel}","templated":true}]}}