{"id":11257,"date":"2019-03-13T06:54:01","date_gmt":"2019-03-13T06:54:01","guid":{"rendered":"https:\/\/karpaten-meat.com\/mast\/"},"modified":"2019-06-28T10:11:37","modified_gmt":"2019-06-28T10:11:37","slug":"mast","status":"publish","type":"page","link":"https:\/\/karpaten-meat.com\/de\/mast\/","title":{"rendered":"MAST"},"content":{"rendered":"<div class=\"wpb-content-wrapper\"><p>[vc_row][vc_column width=&#8220;1\/2&#8243; css=&#8220;.vc_custom_1478860259660{margin-top: 20px !important;}&#8220;][vc_column_text]<\/p>\n<h1>MAST<\/h1>\n<h4>Premium-Rindfleisch und niedrige Unterhaltskosten durch extensive Mast. Weidemast ist eine gute Alternative zur konventionellen Mast durch F\u00fctterung im Stall. F\u00fcr Karpaten Meat ist die Weidemast unverzichtbar in der Produktion von Qualit\u00e4tsfleisch. Die Weidemast verringert auch den Pflegeaufwand. Sie l\u00e4sst sich einfacher managen und bringt eine Kostenersparnis gegen\u00fcber der herk\u00f6mmlichen Intensivmast.<\/h4>\n<p>[\/vc_column_text][\/vc_column][vc_column width=&#8220;1\/2&#8243; css=&#8220;.vc_custom_1478860094162{margin-top: 40px !important;}&#8220;]<div class='image_hover ' style='' data-transition-delay=''><div class='images_holder'><img class='active_image ' src='https:\/\/karpaten-meat.com\/wp-content\/uploads\/2016\/08\/KMJA57.jpg' alt='' style='' \/><img class='hover_image' src='https:\/\/karpaten-meat.com\/wp-content\/uploads\/2016\/08\/DSC00209.jpg' alt='' style='' \/><\/div><\/div>[\/vc_column][\/vc_row][vc_row][vc_column width=&#8220;1\/2&#8243; css=&#8220;.vc_custom_1478859962060{margin-top: 40px !important;margin-bottom: 40px !important;}&#8220;][vc_column_text]Der j\u00fcngste Betrieb von Karpaten Meat in Al\u021b\u00e2na (dt. Alzen), f\u00fcr Mast und Verkauf, wird laufend erweitert und modernisiert. Der heutige Bestand z\u00e4hlt ungef\u00e4hr 2500 Tiere, und zwar f\u00fcr die Mast bestimmte K\u00e4lber aus dem eigenen Betrieb sowie aus Partnerbetrieben.<\/p>\n<p>&nbsp;<\/p>\n<p>Der <a href=\"http:\/\/karpaten-meat.com\/fattening\/fattening-farm\/\"><strong>Betrieb in Alzen <\/strong><\/a>ist spezialisiert auf die Mast der Angusk\u00e4lbern von Karpaten Meat als auch aus Partnerbetrieben. Ziel ist eine <strong>Mast mit hoher Gewichtszunahme pro Tag und eine effiziente F\u00fctterung<\/strong> sowie die Sicherung eines guten Gesundheitszustands der Tiere bei geringem Aufwand.[\/vc_column_text][\/vc_column][vc_column width=&#8220;1\/2&#8243; css=&#8220;.vc_custom_1478859972798{margin-top: 40px !important;margin-bottom: 40px !important;}&#8220;][vc_column_text]Die Ausmast umfasst drei Phasen. F\u00fcr optimale Ergebnisse werden die K\u00e4lber sowohl auf der Weide gem\u00e4stet als auch, in der letzten Mastphase, in speziellen Angusst\u00e4lle.<\/p>\n<p>&nbsp;<\/p>\n<p>Der Alzener Betrieb produziert und liefert gem\u00e4\u00df Qualit\u00e4tsstandard des Kunden ausgem\u00e4stete Schlachtk\u00e4lber. Ein entsprechendes Herdenmanagement gew\u00e4hrleistet Effizienz und Qualit\u00e4t durch optimale Prozesse und rassenspezifische Infrastruktur. Regelm\u00e4\u00dfige Tests und Untersuchungen legen die optimale Zusammensetzung der Futtermittel abh\u00e4ngend von Alter und Kategorie fest.[\/vc_column_text][\/vc_column][\/vc_row]<\/p>\n<\/div>","protected":false},"excerpt":{"rendered":"<p>[vc_row][vc_column width=&#8220;1\/2&#8243; css=&#8220;.vc_custom_1478860259660{margin-top: 20px !important;}&#8220;][vc_column_text] MAST Premium-Rindfleisch und niedrige Unterhaltskosten durch extensive Mast. Weidemast ist eine gute Alternative zur konventionellen Mast durch F\u00fctterung im Stall&#8230;.<\/p>\n","protected":false},"author":1,"featured_media":0,"parent":0,"menu_order":0,"comment_status":"closed","ping_status":"closed","template":"","meta":{"_exactmetrics_skip_tracking":false,"_exactmetrics_sitenote_active":false,"_exactmetrics_sitenote_note":"","_exactmetrics_sitenote_category":0,"footnotes":""},"yoast_head":"<!-- This site is optimized with the Yoast SEO plugin v23.0 - https:\/\/yoast.com\/wordpress\/plugins\/seo\/ -->\n<title>MAST - Karpaten Meat<\/title>\n<meta name=\"robots\" content=\"index, follow, max-snippet:-1, max-image-preview:large, max-video-preview:-1\" \/>\n<link rel=\"canonical\" href=\"https:\/\/karpaten-meat.com\/ingrasare\/\" \/>\n<meta property=\"og:locale\" content=\"de_DE\" \/>\n<meta property=\"og:type\" content=\"article\" \/>\n<meta property=\"og:title\" content=\"MAST - Karpaten Meat\" \/>\n<meta property=\"og:description\" content=\"[vc_row][vc_column width=&#8220;1\/2&#8243; css=&#8220;.vc_custom_1478860259660{margin-top: 20px !important;}&#8220;][vc_column_text] MAST Premium-Rindfleisch und niedrige Unterhaltskosten durch extensive Mast. Weidemast ist eine gute Alternative zur konventionellen Mast durch F\u00fctterung im Stall....\" \/>\n<meta property=\"og:url\" content=\"https:\/\/karpaten-meat.com\/ingrasare\/\" \/>\n<meta property=\"og:site_name\" content=\"Karpaten Meat\" \/>\n<meta property=\"article:modified_time\" content=\"2019-06-28T10:11:37+00:00\" \/>\n<meta name=\"twitter:card\" content=\"summary_large_image\" \/>\n<meta name=\"twitter:label1\" content=\"Gesch\u00e4tzte Lesezeit\" \/>\n\t<meta name=\"twitter:data1\" content=\"2\u00a0Minuten\" \/>\n<script type=\"application\/ld+json\" class=\"yoast-schema-graph\">{\"@context\":\"https:\/\/schema.org\",\"@graph\":[{\"@type\":\"WebPage\",\"@id\":\"https:\/\/karpaten-meat.com\/ingrasare\/\",\"url\":\"https:\/\/karpaten-meat.com\/ingrasare\/\",\"name\":\"MAST - Karpaten Meat\",\"isPartOf\":{\"@id\":\"https:\/\/karpaten-meat.com\/#website\"},\"datePublished\":\"2019-03-13T06:54:01+00:00\",\"dateModified\":\"2019-06-28T10:11:37+00:00\",\"breadcrumb\":{\"@id\":\"https:\/\/karpaten-meat.com\/ingrasare\/#breadcrumb\"},\"inLanguage\":\"de\",\"potentialAction\":[{\"@type\":\"ReadAction\",\"target\":[\"https:\/\/karpaten-meat.com\/ingrasare\/\"]}]},{\"@type\":\"BreadcrumbList\",\"@id\":\"https:\/\/karpaten-meat.com\/ingrasare\/#breadcrumb\",\"itemListElement\":[{\"@type\":\"ListItem\",\"position\":1,\"name\":\"Prima pagin\u0103\",\"item\":\"https:\/\/karpaten-meat.com\/de\/\"},{\"@type\":\"ListItem\",\"position\":2,\"name\":\"MAST\"}]},{\"@type\":\"WebSite\",\"@id\":\"https:\/\/karpaten-meat.com\/#website\",\"url\":\"https:\/\/karpaten-meat.com\/\",\"name\":\"Karpaten Meat\",\"description\":\"from grass to beef\",\"potentialAction\":[{\"@type\":\"SearchAction\",\"target\":{\"@type\":\"EntryPoint\",\"urlTemplate\":\"https:\/\/karpaten-meat.com\/?s={search_term_string}\"},\"query-input\":\"required name=search_term_string\"}],\"inLanguage\":\"de\"}]}<\/script>\n<!-- \/ Yoast SEO plugin. -->","yoast_head_json":{"title":"MAST - Karpaten Meat","robots":{"index":"index","follow":"follow","max-snippet":"max-snippet:-1","max-image-preview":"max-image-preview:large","max-video-preview":"max-video-preview:-1"},"canonical":"https:\/\/karpaten-meat.com\/ingrasare\/","og_locale":"de_DE","og_type":"article","og_title":"MAST - Karpaten Meat","og_description":"[vc_row][vc_column width=&#8220;1\/2&#8243; css=&#8220;.vc_custom_1478860259660{margin-top: 20px !important;}&#8220;][vc_column_text] MAST Premium-Rindfleisch und niedrige Unterhaltskosten durch extensive Mast. Weidemast ist eine gute Alternative zur konventionellen Mast durch F\u00fctterung im Stall....","og_url":"https:\/\/karpaten-meat.com\/ingrasare\/","og_site_name":"Karpaten Meat","article_modified_time":"2019-06-28T10:11:37+00:00","twitter_card":"summary_large_image","twitter_misc":{"Gesch\u00e4tzte Lesezeit":"2\u00a0Minuten"},"schema":{"@context":"https:\/\/schema.org","@graph":[{"@type":"WebPage","@id":"https:\/\/karpaten-meat.com\/ingrasare\/","url":"https:\/\/karpaten-meat.com\/ingrasare\/","name":"MAST - Karpaten Meat","isPartOf":{"@id":"https:\/\/karpaten-meat.com\/#website"},"datePublished":"2019-03-13T06:54:01+00:00","dateModified":"2019-06-28T10:11:37+00:00","breadcrumb":{"@id":"https:\/\/karpaten-meat.com\/ingrasare\/#breadcrumb"},"inLanguage":"de","potentialAction":[{"@type":"ReadAction","target":["https:\/\/karpaten-meat.com\/ingrasare\/"]}]},{"@type":"BreadcrumbList","@id":"https:\/\/karpaten-meat.com\/ingrasare\/#breadcrumb","itemListElement":[{"@type":"ListItem","position":1,"name":"Prima pagin\u0103","item":"https:\/\/karpaten-meat.com\/de\/"},{"@type":"ListItem","position":2,"name":"MAST"}]},{"@type":"WebSite","@id":"https:\/\/karpaten-meat.com\/#website","url":"https:\/\/karpaten-meat.com\/","name":"Karpaten Meat","description":"from grass to beef","potentialAction":[{"@type":"SearchAction","target":{"@type":"EntryPoint","urlTemplate":"https:\/\/karpaten-meat.com\/?s={search_term_string}"},"query-input":"required name=search_term_string"}],"inLanguage":"de"}]}},"_links":{"self":[{"href":"https:\/\/karpaten-meat.com\/de\/wp-json\/wp\/v2\/pages\/11257"}],"collection":[{"href":"https:\/\/karpaten-meat.com\/de\/wp-json\/wp\/v2\/pages"}],"about":[{"href":"https:\/\/karpaten-meat.com\/de\/wp-json\/wp\/v2\/types\/page"}],"author":[{"embeddable":true,"href":"https:\/\/karpaten-meat.com\/de\/wp-json\/wp\/v2\/users\/1"}],"replies":[{"embeddable":true,"href":"https:\/\/karpaten-meat.com\/de\/wp-json\/wp\/v2\/comments?post=11257"}],"version-history":[{"count":3,"href":"https:\/\/karpaten-meat.com\/de\/wp-json\/wp\/v2\/pages\/11257\/revisions"}],"predecessor-version":[{"id":11260,"href":"https:\/\/karpaten-meat.com\/de\/wp-json\/wp\/v2\/pages\/11257\/revisions\/11260"}],"wp:attachment":[{"href":"https:\/\/karpaten-meat.com\/de\/wp-json\/wp\/v2\/media?parent=11257"}],"curies":[{"name":"wp","href":"https:\/\/api.w.org\/{rel}","templated":true}]}}