{"id":11838,"date":"2019-06-27T11:33:41","date_gmt":"2019-06-27T11:33:41","guid":{"rendered":"https:\/\/karpaten-meat.com\/fleischvermarktung\/"},"modified":"2019-07-04T12:05:01","modified_gmt":"2019-07-04T12:05:01","slug":"fleischvermarktung","status":"publish","type":"page","link":"https:\/\/karpaten-meat.com\/de\/fleischvermarktung\/","title":{"rendered":"FLEISCHVERMARKTUNG"},"content":{"rendered":"<div class=\"wpb-content-wrapper\"><p>[vc_row][vc_column width=&#8220;1\/2&#8243; css=&#8220;.vc_custom_1484147331647{margin-top: 0px !important;margin-bottom: 40px !important;}&#8220;][vc_column_text css=&#8220;.vc_custom_1535530970446{margin-top: 20px !important;}&#8220;]<\/p>\n<h1>FLEISCHVERMARKTUNG<\/h1>\n<p>&nbsp;<\/p>\n<h4><strong>Unser Rindfleisch kommt von <\/strong><a href=\"http:\/\/karpaten-meat.com\/breeding\/\"><strong>ausgew\u00e4hlten Rindern, die auf rum\u00e4nischen Weiden grasen und<\/strong><\/a><strong> in der letzten Mastphase <\/strong><a href=\"http:\/\/karpaten-meat.com\/group\/agriculture\/\"><strong>in unserem Betrieb produzierte F\u00fctterung erhalten<\/strong><\/a><strong>. Mit Leidenschaft f\u00fcr Landwirtschaft und Tierzucht, die aus der Schweizer Tradition und Know-how stammt, ist unser Rindfleisch f\u00fcr ihr Geschmack, Zartheit und Qualit\u00e4t bekannt.<\/strong><\/h4>\n<p>[\/vc_column_text][\/vc_column][vc_column width=&#8220;1\/2&#8243; css=&#8220;.vc_custom_1491426823217{margin-top: 40px !important;margin-bottom: 40px !important;}&#8220;]<div class='image_hover ' style='' data-transition-delay=''><div class='images_holder'><img class='active_image ' src='https:\/\/karpaten-meat.com\/wp-content\/uploads\/2016\/08\/Dollarphotoclub_73957682.jpg' alt='' style='' \/><img class='hover_image' src='https:\/\/karpaten-meat.com\/wp-content\/uploads\/2016\/08\/PREMIUM-SET-Final.jpg' alt='' style='' \/><\/div><\/div>[\/vc_column][\/vc_row][vc_row][vc_column][vc_column_text]<br \/>\nUnser Rindfleisch kommt in Deutschland und der Schweiz auf die Teller der Luxusrestaurants, oder wird in Gourmetmetzgereien von Starchefs und Feinschmeckern erworben, f\u00fcr die exzellente Qualit\u00e4t, Aroma, Frische und R\u00fcckverfolgbarkeit wichtig sind.\u00a0<strong>Unser Fleisch stammt von 17-24 Monate alten Angusrinder und wird frisch vermarktet<\/strong>. Die Rinder werden direkt aus dem Betrieb zum Schlachthof transportieri; von hier kommen die Schlachtk\u00f6rper zum Verarbeiter, wo sie fachgerecht zerlegt werden. Der gesamte Fleischproduktionsprozess unterliegt Zertifizierungssystemen. Unser Fleisch ist <a href=\"http:\/\/karpaten-meat.com\/sales-beef\/angus-quality\/\"><strong>Angus-Rindfleisch h\u00f6chster Qualit\u00e4t.<\/strong><\/a><\/p>\n<p>[\/vc_column_text][\/vc_column][\/vc_row][vc_row][vc_column css=&#8220;.vc_custom_1539077397217{margin-top: 20px !important;}&#8220;]<a href=\"https:\/\/karpaten-meat.com\/vanzare-carne\/oferta\/\" target=\"_blank\" data-hover-background-color=#e20613 data-hover-color=#ffffff  class=\"qbutton  icon_right\" style=\"background-color: #e20613;\">DAS ANGEBOT<\/a>[\/vc_column][\/vc_row][vc_row][vc_column][vc_empty_space height=&#8220;62px&#8220;][\/vc_column][\/vc_row][vc_row][vc_column][vc_column_text css=&#8220;.vc_custom_1539077460631{margin-bottom: 25px !important;}&#8220;]<br \/>\n<a href=\"http:\/\/karpaten-meat.com\/breeding\/angus-breeding\/\"><strong>Die Rasse Aberdeen Angus<\/strong><\/a>\u00a0ist unter den wenigen Rinderrassen die speziell f\u00fcr die Fleischproduktion gez\u00fcchtet wird. Daher weist das Fleisch eine ausgepr\u00e4gte Marmorierung auf und ist fest in der Konsistenz; auch der Fettrand am Schlachtk\u00f6rper geh\u00f6rt zu den Merkmalen der Angusrasse, die Fleischgenie\u00dfern vielf\u00e4ltige Produkte liefert. Das Premium-Fleisch hat ein ausgezeichnetes Geschmack und entspricht den h\u00f6chsten Anspr\u00fcchen \u2013 St\u00fcck f\u00fcr St\u00fcck ein Genuss![\/vc_column_text][\/vc_column][\/vc_row][vc_row][vc_column css=&#8220;.vc_custom_1535712970000{margin-bottom: 60px !important;}&#8220;]<a href=\"https:\/\/premiumangus.ro\/shop\/\" target=\"_blank\" data-hover-background-color=#e20613 data-hover-color=#ffffff  class=\"qbutton  icon_right\" style=\"background-color: #e20613;\">DER ONLINESHOP<\/a>[\/vc_column][\/vc_row][vc_row][vc_column][vc_empty_space][\/vc_column][\/vc_row]<\/p>\n<\/div>","protected":false},"excerpt":{"rendered":"<p>[vc_row][vc_column width=&#8220;1\/2&#8243; css=&#8220;.vc_custom_1484147331647{margin-top: 0px !important;margin-bottom: 40px !important;}&#8220;][vc_column_text css=&#8220;.vc_custom_1535530970446{margin-top: 20px !important;}&#8220;] FLEISCHVERMARKTUNG &nbsp; Unser Rindfleisch kommt von ausgew\u00e4hlten Rindern, die auf rum\u00e4nischen Weiden grasen und in&#8230;<\/p>\n","protected":false},"author":1,"featured_media":0,"parent":0,"menu_order":0,"comment_status":"closed","ping_status":"closed","template":"","meta":{"_exactmetrics_skip_tracking":false,"_exactmetrics_sitenote_active":false,"_exactmetrics_sitenote_note":"","_exactmetrics_sitenote_category":0,"footnotes":""},"yoast_head":"<!-- This site is optimized with the Yoast SEO plugin v23.0 - https:\/\/yoast.com\/wordpress\/plugins\/seo\/ -->\n<title>FLEISCHVERMARKTUNG - Karpaten Meat<\/title>\n<meta name=\"robots\" content=\"index, follow, max-snippet:-1, max-image-preview:large, max-video-preview:-1\" \/>\n<link rel=\"canonical\" href=\"https:\/\/karpaten-meat.com\/vanzare-carne\/\" \/>\n<meta property=\"og:locale\" content=\"de_DE\" \/>\n<meta property=\"og:type\" content=\"article\" \/>\n<meta property=\"og:title\" content=\"FLEISCHVERMARKTUNG - Karpaten Meat\" \/>\n<meta property=\"og:description\" content=\"[vc_row][vc_column width=&#8220;1\/2&#8243; css=&#8220;.vc_custom_1484147331647{margin-top: 0px !important;margin-bottom: 40px !important;}&#8220;][vc_column_text css=&#8220;.vc_custom_1535530970446{margin-top: 20px !important;}&#8220;] FLEISCHVERMARKTUNG &nbsp; Unser Rindfleisch kommt von ausgew\u00e4hlten Rindern, die auf rum\u00e4nischen Weiden grasen und in...\" \/>\n<meta property=\"og:url\" content=\"https:\/\/karpaten-meat.com\/vanzare-carne\/\" \/>\n<meta property=\"og:site_name\" content=\"Karpaten Meat\" \/>\n<meta property=\"article:modified_time\" content=\"2019-07-04T12:05:01+00:00\" \/>\n<meta name=\"twitter:card\" content=\"summary_large_image\" \/>\n<meta name=\"twitter:label1\" content=\"Gesch\u00e4tzte Lesezeit\" \/>\n\t<meta name=\"twitter:data1\" content=\"2\u00a0Minuten\" \/>\n<script type=\"application\/ld+json\" class=\"yoast-schema-graph\">{\"@context\":\"https:\/\/schema.org\",\"@graph\":[{\"@type\":\"WebPage\",\"@id\":\"https:\/\/karpaten-meat.com\/vanzare-carne\/\",\"url\":\"https:\/\/karpaten-meat.com\/vanzare-carne\/\",\"name\":\"FLEISCHVERMARKTUNG - Karpaten Meat\",\"isPartOf\":{\"@id\":\"https:\/\/karpaten-meat.com\/#website\"},\"datePublished\":\"2019-06-27T11:33:41+00:00\",\"dateModified\":\"2019-07-04T12:05:01+00:00\",\"breadcrumb\":{\"@id\":\"https:\/\/karpaten-meat.com\/vanzare-carne\/#breadcrumb\"},\"inLanguage\":\"de\",\"potentialAction\":[{\"@type\":\"ReadAction\",\"target\":[\"https:\/\/karpaten-meat.com\/vanzare-carne\/\"]}]},{\"@type\":\"BreadcrumbList\",\"@id\":\"https:\/\/karpaten-meat.com\/vanzare-carne\/#breadcrumb\",\"itemListElement\":[{\"@type\":\"ListItem\",\"position\":1,\"name\":\"Prima pagin\u0103\",\"item\":\"https:\/\/karpaten-meat.com\/de\/\"},{\"@type\":\"ListItem\",\"position\":2,\"name\":\"FLEISCHVERMARKTUNG\"}]},{\"@type\":\"WebSite\",\"@id\":\"https:\/\/karpaten-meat.com\/#website\",\"url\":\"https:\/\/karpaten-meat.com\/\",\"name\":\"Karpaten Meat\",\"description\":\"from grass to beef\",\"potentialAction\":[{\"@type\":\"SearchAction\",\"target\":{\"@type\":\"EntryPoint\",\"urlTemplate\":\"https:\/\/karpaten-meat.com\/?s={search_term_string}\"},\"query-input\":\"required name=search_term_string\"}],\"inLanguage\":\"de\"}]}<\/script>\n<!-- \/ Yoast SEO plugin. -->","yoast_head_json":{"title":"FLEISCHVERMARKTUNG - Karpaten Meat","robots":{"index":"index","follow":"follow","max-snippet":"max-snippet:-1","max-image-preview":"max-image-preview:large","max-video-preview":"max-video-preview:-1"},"canonical":"https:\/\/karpaten-meat.com\/vanzare-carne\/","og_locale":"de_DE","og_type":"article","og_title":"FLEISCHVERMARKTUNG - Karpaten Meat","og_description":"[vc_row][vc_column width=&#8220;1\/2&#8243; css=&#8220;.vc_custom_1484147331647{margin-top: 0px !important;margin-bottom: 40px !important;}&#8220;][vc_column_text css=&#8220;.vc_custom_1535530970446{margin-top: 20px !important;}&#8220;] FLEISCHVERMARKTUNG &nbsp; Unser Rindfleisch kommt von ausgew\u00e4hlten Rindern, die auf rum\u00e4nischen Weiden grasen und in...","og_url":"https:\/\/karpaten-meat.com\/vanzare-carne\/","og_site_name":"Karpaten Meat","article_modified_time":"2019-07-04T12:05:01+00:00","twitter_card":"summary_large_image","twitter_misc":{"Gesch\u00e4tzte Lesezeit":"2\u00a0Minuten"},"schema":{"@context":"https:\/\/schema.org","@graph":[{"@type":"WebPage","@id":"https:\/\/karpaten-meat.com\/vanzare-carne\/","url":"https:\/\/karpaten-meat.com\/vanzare-carne\/","name":"FLEISCHVERMARKTUNG - Karpaten Meat","isPartOf":{"@id":"https:\/\/karpaten-meat.com\/#website"},"datePublished":"2019-06-27T11:33:41+00:00","dateModified":"2019-07-04T12:05:01+00:00","breadcrumb":{"@id":"https:\/\/karpaten-meat.com\/vanzare-carne\/#breadcrumb"},"inLanguage":"de","potentialAction":[{"@type":"ReadAction","target":["https:\/\/karpaten-meat.com\/vanzare-carne\/"]}]},{"@type":"BreadcrumbList","@id":"https:\/\/karpaten-meat.com\/vanzare-carne\/#breadcrumb","itemListElement":[{"@type":"ListItem","position":1,"name":"Prima pagin\u0103","item":"https:\/\/karpaten-meat.com\/de\/"},{"@type":"ListItem","position":2,"name":"FLEISCHVERMARKTUNG"}]},{"@type":"WebSite","@id":"https:\/\/karpaten-meat.com\/#website","url":"https:\/\/karpaten-meat.com\/","name":"Karpaten Meat","description":"from grass to beef","potentialAction":[{"@type":"SearchAction","target":{"@type":"EntryPoint","urlTemplate":"https:\/\/karpaten-meat.com\/?s={search_term_string}"},"query-input":"required name=search_term_string"}],"inLanguage":"de"}]}},"_links":{"self":[{"href":"https:\/\/karpaten-meat.com\/de\/wp-json\/wp\/v2\/pages\/11838"}],"collection":[{"href":"https:\/\/karpaten-meat.com\/de\/wp-json\/wp\/v2\/pages"}],"about":[{"href":"https:\/\/karpaten-meat.com\/de\/wp-json\/wp\/v2\/types\/page"}],"author":[{"embeddable":true,"href":"https:\/\/karpaten-meat.com\/de\/wp-json\/wp\/v2\/users\/1"}],"replies":[{"embeddable":true,"href":"https:\/\/karpaten-meat.com\/de\/wp-json\/wp\/v2\/comments?post=11838"}],"version-history":[{"count":3,"href":"https:\/\/karpaten-meat.com\/de\/wp-json\/wp\/v2\/pages\/11838\/revisions"}],"predecessor-version":[{"id":11866,"href":"https:\/\/karpaten-meat.com\/de\/wp-json\/wp\/v2\/pages\/11838\/revisions\/11866"}],"wp:attachment":[{"href":"https:\/\/karpaten-meat.com\/de\/wp-json\/wp\/v2\/media?parent=11838"}],"curies":[{"name":"wp","href":"https:\/\/api.w.org\/{rel}","templated":true}]}}