{"id":11875,"date":"2019-07-01T08:36:33","date_gmt":"2019-07-01T08:36:33","guid":{"rendered":"https:\/\/karpaten-meat.com\/die-gruppe-kmg\/kmg-in-rumanien\/"},"modified":"2019-07-04T12:19:31","modified_gmt":"2019-07-04T12:19:31","slug":"kmg-in-rumanien","status":"publish","type":"page","link":"https:\/\/karpaten-meat.com\/de\/die-gruppe-kmg\/kmg-in-rumanien\/","title":{"rendered":"KMG IN RUM\u00c4NIEN"},"content":{"rendered":"<div class=\"wpb-content-wrapper\"><p>[vc_row][vc_column][vc_gallery interval=&#8220;5&#8243; images=&#8220;948,611&#8243; img_size=&#8220;full&#8220; onclick=&#8220;&#8220; disable_navigation_arrows=&#8220;yes&#8220; show_navigation_controls=&#8220;yes&#8220;][\/vc_column][\/vc_row][vc_row][vc_column][vc_column_text]<\/p>\n<h3>KMG in Rum\u00e4nien<\/h3>\n<p>[\/vc_column_text][\/vc_column][\/vc_row][vc_row][vc_column width=&#8220;1\/2&#8243; css=&#8220;.vc_custom_1492015768414{margin-top: 20px !important;margin-bottom: 10px !important;}&#8220;][vc_column_text]Vor mehr als sieben Jahren entstand die Idee eines Gesch\u00e4ftes mit Angus-Rindfleisch; damals entschlossen sich die Unternehmensgr\u00fcnder, das unbegrenzte landwirtschaftliche Potenzial Rum\u00e4niens zu nutzen. Im Laufe der Zeit wandelten sich das Einzelunternehmen zu Unternehmensgruppe am Anfang jedoch standen ein Wunschtraum und eine Vision. F\u00fcr Landwirte mit Mut und Unternehmergeist ist Rum\u00e4nien das Land der fast unbegrenzten M\u00f6glichkeiten; das meint auch der Gesch\u00e4ftsf\u00fchrer der Unternehmensgruppe Karpaten Meat, wenn er sagt, in Rum\u00e4nien sei \u201eLand, soweit das Auge reicht\u201d. Hier fanden Samuel Widmer und Stefan Jung die idealen Voraussetzungen f\u00fcr die Produktion von hochwertigem Fleisch aus nachhaltiger Weidehaltung.<\/p>\n<p>&nbsp;<\/p>\n<p><a href=\"http:\/\/karpaten-meat.com\/breeding\/\"><strong>\u201eVom Gras zum Qualit\u00e4tsrindfleisch\u201d<\/strong><\/a> war das Motto von Anfang an, und das Rindfleisch aus den Karpaten hat Zukunft\u00a0 auf dem europ\u00e4ischen Markt. Der Betrieb in Rum\u00e4nien wurde zu einem Vorbild f\u00fcr ressourcenfreundliche osteurop\u00e4ische L\u00e4nder, ein erfolgreiches Gesch\u00e4ftsmodell f\u00fcr <a href=\"http:\/\/karpaten-meat.com\/sales-beef\/angus-quality\/\"><strong>die Produktion von Angus-Qualit\u00e4tsfleisch nach h\u00f6chstem Standard<\/strong>.<\/a>\u00a0 Die Unternehmensgr\u00fcnder m\u00f6chten, dass das Qualit\u00e4tsfleisch auf dem europ\u00e4ischen Markt auch hier, in Europa, produziert wird.<\/p>\n<p>&nbsp;<\/p>\n<p>Anl\u00e4sslich einer Rum\u00e4nienreise erkannten die Unternehmensgr\u00fcnder das Potenzial des siebenb\u00fcrgischen Weidelandes. Schon l\u00e4nger hatten sie sich mit dem Gedanken einer Angus-Zucht getragen, und 2008 wurde der Wunsch[\/vc_column_text][\/vc_column][vc_column width=&#8220;1\/2&#8243; css=&#8220;.vc_custom_1492015776771{margin-top: 20px !important;margin-bottom: 10px !important;}&#8220;][vc_column_text]Wirklichkeit: An diesem idealen Standort entstand das erste Projekt, ein Zuchtbetrieb f\u00fcr Angus-Rinder, wo bestes Rindfleisch produziert wird. In ihrem Vorhaben vertreten die Unternehmer wirtschaftliche und \u00f6kologische Nachhaltigkeit.<\/p>\n<p>&nbsp;<\/p>\n<p>Das <a href=\"\/?page_id=11333\"><strong>Leitbild<\/strong><\/a>\u00a0 des Unternehmens widerspiegelt landwirtschaftliche Tradition und ist gepr\u00e4gt von Offenheit und Ehrlichkeit, Vertrauen und Respekt. Bei Karpaten Meat sind Arbeits- und Lebensweise eins: natur- und gleichzeitig qualit\u00e4tsbewusst. Sowohl die Art der T\u00e4tigkeit\u00a0 als auch der Standort kommen dieser Einstellung entgegen. Die Angus-Zucht beruht auf dem Konzept einer nachhaltigen Zukunft; Wertsch\u00e4tzung in allen aufgebauten Beziehungen ist Kerngedanke des Gesch\u00e4fts.<\/p>\n<p>&nbsp;<\/p>\n<p>Der Trend in der europ\u00e4ischen Rinderzucht geht nach Osten, in die Balkanl\u00e4nder. Die Gr\u00fcnder von Karpaten Meat erkannten die Zeichen der Zeit und schufen in Rum\u00e4nien einen <a href=\"http:\/\/karpaten-meat.com\/sales-cattle\/partner-program\/\"><strong>Grundbestand<\/strong><strong>\u00a0von Angus-Rindern <\/strong><\/a>sowie ein Netzwerk f\u00fcr die Produktion von Angus-K\u00e4lbern durch Partnerprogramme. Auch mit europ\u00e4ischen Partnern arbeitet Karpaten Meat vertrauensvoll zusammen. Unser Angus-System basiert auf der Kooperation mit zuverl\u00e4ssigen Partnern, sowohl f\u00fcr die Reproduktion als auch f\u00fcr die Mast. So k\u00f6nnen wir gemeinsam wirtschaftliche Vorteile durch die Spezialisierung auf einzelne Produktionsschritte erzielen. Als <a href=\"\/?page_id=149\"><strong>Systemanbieter<\/strong><\/a> bieten wir faire Liefer- und Abnahmevertr\u00e4ge, von denen beide Seiten profitieren.[\/vc_column_text][\/vc_column][\/vc_row][vc_row][vc_column width=&#8220;1\/3&#8243; css=&#8220;.vc_custom_1481813995397{margin-top: 30px !important;margin-bottom: 30px !important;}&#8220;]<div class=\"q_image_with_text_over  image_zoom \"><div class=\"shader\" style=\"background-color:rgba(0,0,0,0.01);\" data-hover-background-color=rgba(0,0,0,0.75) ><\/div><a class=\"q_image_with_text_link_class\" target=\"_self\" href=\"\/vanzare-bovine\/\"><\/a><img decoding=\"async\" src=\"https:\/\/karpaten-meat.com\/wp-content\/uploads\/2016\/11\/0951.jpg\" alt=\"VERKAUF VON ANGUS RINDER\" \/><div class=\"front_holder\" ><div class=\"front_holder_inner\" style=\"border:none;\" ><div class=\"front_holder_bottom\"><div class=\"front_holder_inner2 \" ><h4 class=\"front_title visible_holder\" style=\"color: #ffffff;font-size: 32px;text-align: center;\">VERKAUF VON ANGUS RINDER<\/h4> <div class='front_holder_new  without_separator  visible_holder_on_hover ' style=\"text-align: center;\"><p><\/p>\n<h3><\/h3>\n<p><\/p><\/div><\/div><\/div><\/div><\/div><\/div>[\/vc_column][vc_column width=&#8220;1\/3&#8243; css=&#8220;.vc_custom_1481814016374{margin-top: 30px !important;margin-bottom: 30px !important;}&#8220;]<div class=\"q_image_with_text_over  image_zoom \"><div class=\"shader\" style=\"background-color:rgba(0,0,0,0.01);\" data-hover-background-color=rgba(0,0,0,0.75) ><\/div><a class=\"q_image_with_text_link_class\" target=\"_self\" href=\"\/vanzare-bovine\/material-seminal\/\"><\/a><img decoding=\"async\" src=\"https:\/\/karpaten-meat.com\/wp-content\/uploads\/2016\/08\/KM-JA-0516-075.jpg\" alt=\"ANGUS SAMENMATERIAL\" \/><div class=\"front_holder\" ><div class=\"front_holder_inner\" style=\"border:none;\" ><div class=\"front_holder_bottom\"><div class=\"front_holder_inner2 \" ><h4 class=\"front_title visible_holder\" style=\"color: #ffffff;font-size: 32px;text-align: center;\">ANGUS SAMENMATERIAL<\/h4><\/div><\/div><\/div><\/div><\/div>[\/vc_column][vc_column width=&#8220;1\/3&#8243; css=&#8220;.vc_custom_1481814033130{margin-top: 30px !important;margin-bottom: 30px !important;}&#8220;]<div class=\"q_image_with_text_over  image_zoom \"><div class=\"shader\" style=\"background-color:rgba(0,0,0,0.01);\" data-hover-background-color=rgba(0,0,0,0.75) ><\/div><a class=\"q_image_with_text_link_class\" target=\"_self\" href=\"\/vanzare-bovine\/consultanta\/\"><\/a><img decoding=\"async\" src=\"https:\/\/karpaten-meat.com\/wp-content\/uploads\/2016\/11\/5488_Bildgr\u00f6\u00dfe-\u00e4ndern.jpg\" alt=\"BERATUNG\" \/><div class=\"front_holder\" ><div class=\"front_holder_inner\" style=\"border:none;\" ><div class=\"front_holder_bottom\"><div class=\"front_holder_inner2 \" ><h4 class=\"front_title visible_holder\" style=\"color: #ffffff;font-size: 32px;text-align: center;\">BERATUNG<\/h4> <div class='front_holder_new  without_separator  visible_holder_on_hover ' style=\"text-align: center;\"><p><\/p>\n<h3><\/h3>\n<p><\/p><\/div><\/div><\/div><\/div><\/div><\/div>[\/vc_column][\/vc_row][vc_row][vc_column width=&#8220;1\/3&#8243; css=&#8220;.vc_custom_1481813952218{margin-top: 0px !important;margin-bottom: 40px !important;}&#8220;]<div class=\"q_image_with_text_over  image_zoom \"><div class=\"shader\" style=\"background-color:rgba(0,0,0,0.01);\" data-hover-background-color=rgba(0,0,0,0.75) ><\/div><a class=\"q_image_with_text_link_class\" target=\"_self\" href=\"\/vanzare-bovine\/dotari-tehnice\/\"><\/a><img decoding=\"async\" src=\"https:\/\/karpaten-meat.com\/wp-content\/uploads\/2016\/11\/KM-JAM-15-019-copy_Bildgr\u00f6\u00dfe-\u00e4ndern.jpg\" alt=\"TECHNISCHE AUSR\u00dcSTUNGEN\" \/><div class=\"front_holder\" ><div class=\"front_holder_inner\" style=\"border:none;\" ><div class=\"front_holder_bottom\"><div class=\"front_holder_inner2 \" ><h4 class=\"front_title visible_holder\" style=\"color: #ffffff;font-size: 32px;text-align: center;\">TECHNISCHE AUSR\u00dcSTUNGEN<\/h4> <div class='front_holder_new  without_separator  visible_holder_on_hover ' style=\"text-align: center;\"><p><\/p>\n<h3><\/h3>\n<p><\/p><\/div><\/div><\/div><\/div><\/div><\/div>[\/vc_column][vc_column width=&#8220;1\/3&#8243; css=&#8220;.vc_custom_1481813937587{margin-top: 0px !important;margin-bottom: 40px !important;}&#8220;]<div class=\"q_image_with_text_over  image_zoom \"><div class=\"shader\" style=\"background-color:rgba(0,0,0,0.01);\" data-hover-background-color=rgba(0,0,0,0.75) ><\/div><a class=\"q_image_with_text_link_class\" target=\"_self\" href=\"\/vanzare-bovine\/achizitia-de-bovine\/\"><\/a><img decoding=\"async\" src=\"https:\/\/karpaten-meat.com\/wp-content\/uploads\/2016\/11\/KM-JAM-15-121_Bildgr\u00f6\u00dfe-\u00e4ndern.jpg\" alt=\"EINKAUF VON ANGUS RINDER\" \/><div class=\"front_holder\" ><div class=\"front_holder_inner\" style=\"border:none;\" ><div class=\"front_holder_bottom\"><div class=\"front_holder_inner2 \" ><h4 class=\"front_title visible_holder\" style=\"color: #ffffff;font-size: 32px;text-align: center;\">EINKAUF VON ANGUS RINDER<\/h4><\/div><\/div><\/div><\/div><\/div>[\/vc_column][vc_column width=&#8220;1\/3&#8243; css=&#8220;.vc_custom_1492015791921{margin-top: 0px !important;margin-bottom: 60px !important;}&#8220;]<div class=\"q_image_with_text_over  image_zoom \"><div class=\"shader\" style=\"background-color:rgba(0,0,0,0.01);\" data-hover-background-color=rgba(0,0,0,0.75) ><\/div><a class=\"q_image_with_text_link_class\" target=\"_self\" href=\"\/vanzare-carne\/\"><\/a><img decoding=\"async\" src=\"https:\/\/karpaten-meat.com\/wp-content\/uploads\/2016\/11\/Clubsteak_2_2440_Bildgr\u00f6\u00dfe-\u00e4ndern.jpg\" alt=\"FLEISCHVERMARKTUNG\" \/><div class=\"front_holder\" ><div class=\"front_holder_inner\" style=\"border:none;\" ><div class=\"front_holder_bottom\"><div class=\"front_holder_inner2 \" ><h4 class=\"front_title visible_holder\" style=\"color: #ffffff;font-size: 32px;text-align: center;\">FLEISCHVERMARKTUNG<\/h4><\/div><\/div><\/div><\/div><\/div>[\/vc_column][\/vc_row]<\/p>\n<\/div>","protected":false},"excerpt":{"rendered":"<p>[vc_row][vc_column][vc_gallery interval=&#8220;5&#8243; images=&#8220;948,611&#8243; img_size=&#8220;full&#8220; onclick=&#8220;&#8220; disable_navigation_arrows=&#8220;yes&#8220; show_navigation_controls=&#8220;yes&#8220;][\/vc_column][\/vc_row][vc_row][vc_column][vc_column_text] KMG in Rum\u00e4nien [\/vc_column_text][\/vc_column][\/vc_row][vc_row][vc_column width=&#8220;1\/2&#8243; css=&#8220;.vc_custom_1492015768414{margin-top: 20px !important;margin-bottom: 10px !important;}&#8220;][vc_column_text]Vor mehr als sieben Jahren entstand die Idee eines&#8230;<\/p>\n","protected":false},"author":1,"featured_media":0,"parent":11234,"menu_order":0,"comment_status":"closed","ping_status":"closed","template":"","meta":{"_exactmetrics_skip_tracking":false,"_exactmetrics_sitenote_active":false,"_exactmetrics_sitenote_note":"","_exactmetrics_sitenote_category":0,"footnotes":""},"yoast_head":"<!-- This site is optimized with the Yoast SEO plugin v23.0 - https:\/\/yoast.com\/wordpress\/plugins\/seo\/ -->\n<title>KMG IN RUM\u00c4NIEN - Karpaten Meat<\/title>\n<meta name=\"robots\" content=\"index, follow, max-snippet:-1, max-image-preview:large, max-video-preview:-1\" \/>\n<link rel=\"canonical\" href=\"https:\/\/karpaten-meat.com\/grupul-de-firme\/kmg-in-romania\/\" \/>\n<meta property=\"og:locale\" content=\"de_DE\" \/>\n<meta property=\"og:type\" content=\"article\" \/>\n<meta property=\"og:title\" content=\"KMG IN RUM\u00c4NIEN - Karpaten Meat\" \/>\n<meta property=\"og:description\" content=\"[vc_row][vc_column][vc_gallery interval=&#8220;5&#8243; images=&#8220;948,611&#8243; img_size=&#8220;full&#8220; onclick=&#8220;&#8220; disable_navigation_arrows=&#8220;yes&#8220; show_navigation_controls=&#8220;yes&#8220;][\/vc_column][\/vc_row][vc_row][vc_column][vc_column_text] KMG in Rum\u00e4nien [\/vc_column_text][\/vc_column][\/vc_row][vc_row][vc_column width=&#8220;1\/2&#8243; css=&#8220;.vc_custom_1492015768414{margin-top: 20px !important;margin-bottom: 10px !important;}&#8220;][vc_column_text]Vor mehr als sieben Jahren entstand die Idee eines...\" \/>\n<meta property=\"og:url\" content=\"https:\/\/karpaten-meat.com\/grupul-de-firme\/kmg-in-romania\/\" \/>\n<meta property=\"og:site_name\" content=\"Karpaten Meat\" \/>\n<meta property=\"article:modified_time\" content=\"2019-07-04T12:19:31+00:00\" \/>\n<meta name=\"twitter:card\" content=\"summary_large_image\" \/>\n<meta name=\"twitter:label1\" content=\"Gesch\u00e4tzte Lesezeit\" \/>\n\t<meta name=\"twitter:data1\" content=\"5\u00a0Minuten\" \/>\n<script type=\"application\/ld+json\" class=\"yoast-schema-graph\">{\"@context\":\"https:\/\/schema.org\",\"@graph\":[{\"@type\":\"WebPage\",\"@id\":\"https:\/\/karpaten-meat.com\/grupul-de-firme\/kmg-in-romania\/\",\"url\":\"https:\/\/karpaten-meat.com\/grupul-de-firme\/kmg-in-romania\/\",\"name\":\"KMG IN RUM\u00c4NIEN - Karpaten Meat\",\"isPartOf\":{\"@id\":\"https:\/\/karpaten-meat.com\/#website\"},\"datePublished\":\"2019-07-01T08:36:33+00:00\",\"dateModified\":\"2019-07-04T12:19:31+00:00\",\"breadcrumb\":{\"@id\":\"https:\/\/karpaten-meat.com\/grupul-de-firme\/kmg-in-romania\/#breadcrumb\"},\"inLanguage\":\"de\",\"potentialAction\":[{\"@type\":\"ReadAction\",\"target\":[\"https:\/\/karpaten-meat.com\/grupul-de-firme\/kmg-in-romania\/\"]}]},{\"@type\":\"BreadcrumbList\",\"@id\":\"https:\/\/karpaten-meat.com\/grupul-de-firme\/kmg-in-romania\/#breadcrumb\",\"itemListElement\":[{\"@type\":\"ListItem\",\"position\":1,\"name\":\"Prima pagin\u0103\",\"item\":\"https:\/\/karpaten-meat.com\/de\/\"},{\"@type\":\"ListItem\",\"position\":2,\"name\":\"DIE GRUPPE KMG\",\"item\":\"https:\/\/karpaten-meat.com\/grupul-de-firme\/\"},{\"@type\":\"ListItem\",\"position\":3,\"name\":\"KMG IN RUM\u00c4NIEN\"}]},{\"@type\":\"WebSite\",\"@id\":\"https:\/\/karpaten-meat.com\/#website\",\"url\":\"https:\/\/karpaten-meat.com\/\",\"name\":\"Karpaten Meat\",\"description\":\"from grass to beef\",\"potentialAction\":[{\"@type\":\"SearchAction\",\"target\":{\"@type\":\"EntryPoint\",\"urlTemplate\":\"https:\/\/karpaten-meat.com\/?s={search_term_string}\"},\"query-input\":\"required name=search_term_string\"}],\"inLanguage\":\"de\"}]}<\/script>\n<!-- \/ Yoast SEO plugin. -->","yoast_head_json":{"title":"KMG IN RUM\u00c4NIEN - Karpaten Meat","robots":{"index":"index","follow":"follow","max-snippet":"max-snippet:-1","max-image-preview":"max-image-preview:large","max-video-preview":"max-video-preview:-1"},"canonical":"https:\/\/karpaten-meat.com\/grupul-de-firme\/kmg-in-romania\/","og_locale":"de_DE","og_type":"article","og_title":"KMG IN RUM\u00c4NIEN - Karpaten Meat","og_description":"[vc_row][vc_column][vc_gallery interval=&#8220;5&#8243; images=&#8220;948,611&#8243; img_size=&#8220;full&#8220; onclick=&#8220;&#8220; disable_navigation_arrows=&#8220;yes&#8220; show_navigation_controls=&#8220;yes&#8220;][\/vc_column][\/vc_row][vc_row][vc_column][vc_column_text] KMG in Rum\u00e4nien [\/vc_column_text][\/vc_column][\/vc_row][vc_row][vc_column width=&#8220;1\/2&#8243; css=&#8220;.vc_custom_1492015768414{margin-top: 20px !important;margin-bottom: 10px !important;}&#8220;][vc_column_text]Vor mehr als sieben Jahren entstand die Idee eines...","og_url":"https:\/\/karpaten-meat.com\/grupul-de-firme\/kmg-in-romania\/","og_site_name":"Karpaten Meat","article_modified_time":"2019-07-04T12:19:31+00:00","twitter_card":"summary_large_image","twitter_misc":{"Gesch\u00e4tzte Lesezeit":"5\u00a0Minuten"},"schema":{"@context":"https:\/\/schema.org","@graph":[{"@type":"WebPage","@id":"https:\/\/karpaten-meat.com\/grupul-de-firme\/kmg-in-romania\/","url":"https:\/\/karpaten-meat.com\/grupul-de-firme\/kmg-in-romania\/","name":"KMG IN RUM\u00c4NIEN - Karpaten Meat","isPartOf":{"@id":"https:\/\/karpaten-meat.com\/#website"},"datePublished":"2019-07-01T08:36:33+00:00","dateModified":"2019-07-04T12:19:31+00:00","breadcrumb":{"@id":"https:\/\/karpaten-meat.com\/grupul-de-firme\/kmg-in-romania\/#breadcrumb"},"inLanguage":"de","potentialAction":[{"@type":"ReadAction","target":["https:\/\/karpaten-meat.com\/grupul-de-firme\/kmg-in-romania\/"]}]},{"@type":"BreadcrumbList","@id":"https:\/\/karpaten-meat.com\/grupul-de-firme\/kmg-in-romania\/#breadcrumb","itemListElement":[{"@type":"ListItem","position":1,"name":"Prima pagin\u0103","item":"https:\/\/karpaten-meat.com\/de\/"},{"@type":"ListItem","position":2,"name":"DIE GRUPPE KMG","item":"https:\/\/karpaten-meat.com\/grupul-de-firme\/"},{"@type":"ListItem","position":3,"name":"KMG IN RUM\u00c4NIEN"}]},{"@type":"WebSite","@id":"https:\/\/karpaten-meat.com\/#website","url":"https:\/\/karpaten-meat.com\/","name":"Karpaten Meat","description":"from grass to beef","potentialAction":[{"@type":"SearchAction","target":{"@type":"EntryPoint","urlTemplate":"https:\/\/karpaten-meat.com\/?s={search_term_string}"},"query-input":"required name=search_term_string"}],"inLanguage":"de"}]}},"_links":{"self":[{"href":"https:\/\/karpaten-meat.com\/de\/wp-json\/wp\/v2\/pages\/11875"}],"collection":[{"href":"https:\/\/karpaten-meat.com\/de\/wp-json\/wp\/v2\/pages"}],"about":[{"href":"https:\/\/karpaten-meat.com\/de\/wp-json\/wp\/v2\/types\/page"}],"author":[{"embeddable":true,"href":"https:\/\/karpaten-meat.com\/de\/wp-json\/wp\/v2\/users\/1"}],"replies":[{"embeddable":true,"href":"https:\/\/karpaten-meat.com\/de\/wp-json\/wp\/v2\/comments?post=11875"}],"version-history":[{"count":4,"href":"https:\/\/karpaten-meat.com\/de\/wp-json\/wp\/v2\/pages\/11875\/revisions"}],"predecessor-version":[{"id":11879,"href":"https:\/\/karpaten-meat.com\/de\/wp-json\/wp\/v2\/pages\/11875\/revisions\/11879"}],"up":[{"embeddable":true,"href":"https:\/\/karpaten-meat.com\/de\/wp-json\/wp\/v2\/pages\/11234"}],"wp:attachment":[{"href":"https:\/\/karpaten-meat.com\/de\/wp-json\/wp\/v2\/media?parent=11875"}],"curies":[{"name":"wp","href":"https:\/\/api.w.org\/{rel}","templated":true}]}}