{"id":11880,"date":"2019-07-01T10:11:29","date_gmt":"2019-07-01T10:11:29","guid":{"rendered":"https:\/\/karpaten-meat.com\/die-gruppe-kmg\/land-und-vermessung\/"},"modified":"2019-07-04T12:20:28","modified_gmt":"2019-07-04T12:20:28","slug":"land-und-vermessung","status":"publish","type":"page","link":"https:\/\/karpaten-meat.com\/de\/die-gruppe-kmg\/land-und-vermessung\/","title":{"rendered":"LAND UND VERMESSUNG"},"content":{"rendered":"<div class=\"wpb-content-wrapper\"><p>[vc_row use_row_as_full_screen_section=&#8220;yes&#8220; pattern_background=&#8220;pattern_background&#8220;][vc_column][vc_gallery interval=&#8220;3&#8243; images=&#8220;617,616&#8243; img_size=&#8220;full&#8220; onclick=&#8220;&#8220; disable_navigation_arrows=&#8220;yes&#8220; show_navigation_controls=&#8220;yes&#8220;][\/vc_column][\/vc_row][vc_row][vc_column css=&#8220;.vc_custom_1487791034473{margin-top: 0px !important;margin-bottom: 40px !important;}&#8220;][vc_column_text]<\/p>\n<h3>LAND UND VERMESSUNG<\/h3>\n<p>[\/vc_column_text][\/vc_column][\/vc_row][vc_row][vc_column width=&#8220;1\/2&#8243;][vc_column_text]Die Unternehmensgruppe Karpaten Meat entstand schrittweise, durch Zusammenschluss mehrerer Unternehmen.\u00a0Eines davon ist LS&amp;T. Die Br\u00fcder Dan und Marian Arimie begannen 1998, Land f\u00fcr ihre Kunden einzukaufen.\u00a0Erst wurden ein paar Hektar Land in Hermannstadt erworben, dann breiten sich die Investitionen auf Arad, Timi\u015foara, Dolj, Mehedin\u0163i aus.[\/vc_column_text][\/vc_column][vc_column width=&#8220;1\/2&#8243;][vc_column_text]Inzwischen wuchs auch das Angebot an Dienstleistungen, um allen Kundenw\u00fcnschen entgegenzukommen. Heute besitzt LS&amp;T Gesch\u00e4ftsstellen in Sibiu, Arad, Craiova und V\u00e2nju Mare (Mehedin\u0163i). \u00a040 Mitarbeiter verwalten 24.000 Ha Land f\u00fcr die Kunden des Unternehmens.[\/vc_column_text][\/vc_column][\/vc_row][vc_row][vc_column width=&#8220;1\/2&#8243; css=&#8220;.vc_custom_1492015990866{margin-top: 40px !important;margin-bottom: 20px !important;}&#8220;][vc_column_text]<strong>Das Unternehmen unterst\u00fctzt Sie in folgenden Bereichen:<\/strong><\/p>\n<p>&nbsp;<\/p>\n<p><strong>Beratung in der Vor-Investitionsphase:<\/strong><\/p>\n<ul>\n<li>Beratung bei Investitionsentscheidungen<\/li>\n<li>Gr\u00fcndung eines Unternehmens<\/li>\n<li>Rechtsberatung<\/li>\n<\/ul>\n<p>&nbsp;<\/p>\n<p><strong>Beratung in der Betriebsphase:<\/strong><\/p>\n<ul>\n<li>Datenbankverwaltung<\/li>\n<li>Bericht zur Erfassung bei den zust\u00e4ndigen Beh\u00f6rden<\/li>\n<li>Grundst\u00fcckskartierung<\/li>\n<li>Grundst\u00fccksverkauf<\/li>\n<li>Subventionsmanagement<\/li>\n<li>Biozertifikat-Management<\/li>\n<li>Rechtsberatung<\/li>\n<li>Buchhaltung und Finanzmanagement<\/li>\n<\/ul>\n<p>[\/vc_column_text][\/vc_column][vc_column width=&#8220;1\/2&#8243; css=&#8220;.vc_custom_1484134626342{margin-top: 40px !important;margin-bottom: 40px !important;}&#8220;][vc_column_text]<strong>Beratung in der Projektentwicklungsphase:<\/strong><\/p>\n<ul>\n<li>Verfahren bei Grundst\u00fcckeinnkauf<\/li>\n<li>Grundbucheintragung<\/li>\n<li>Lease-in-Management bei der Grundst\u00fccksverwaltung<\/li>\n<li>Verfahren bei Grundst\u00fcckszusammenlegung<\/li>\n<li>Grundst\u00fcckserfassung<\/li>\n<li>Datenbankmanagement<\/li>\n<li>Bericht zur Einschreibung bei den zust\u00e4ndigen Beh\u00f6rden<\/li>\n<li>Grundst\u00fcckskartierung<\/li>\n<li>Grundst\u00fcckss\u00e4uberung<\/li>\n<li>Rechtsberatung<\/li>\n<li>Buchhaltung und Finanzmanagement<\/li>\n<\/ul>\n<p>[\/vc_column_text][\/vc_column][\/vc_row][vc_row][vc_column width=&#8220;1\/2&#8243; css=&#8220;.vc_custom_1492015936296{margin-top: 20px !important;margin-bottom: 20px !important;}&#8220;][vc_accordion active_tab=&#8220;false&#8220; collapsible=&#8220;yes&#8220; style=&#8220;boxed_accordion&#8220; title_alignment=&#8220;right&#8220;][vc_accordion_tab title=&#8220;Grundst\u00fcckseinkauf&#8220; background_color=&#8220;rgba(0,0,0,0.25)&#8220;][vc_column_text]<strong>Schritte bei einem Grundst\u00fcckseinkauf:<\/strong><\/p>\n<ul>\n<li>Bevollm\u00e4chtigung<\/li>\n<li>Datenbank<\/li>\n<li>Entwurf der Unterlagen<\/li>\n<li>Zentralisieren: Eintragen der Angaben bei der zust\u00e4ndigen Beh\u00f6rden und in das Agrarregister<\/li>\n<li>Grundst\u00fcckvermessung, Flurst\u00fcckkarte, Entwurf der Unterlagen f\u00fcr die Grundbucheintragung<\/li>\n<li>Einr\u00e4umung Ver\u00e4u\u00dferungsverbot<\/li>\n<li>\u00dcbertragung<\/li>\n<li>Eintragung in das Agrarregister auf den Namen des K\u00e4ufers<\/li>\n<\/ul>\n<p>&nbsp;<\/p>\n<p style=\"text-align: justify;\">Die Eintragung in das Grundbuch wird von einem zugelassenen Sachverst\u00e4ndigen vorgenommen. Unsere Unternehmen sind vom Ministerium f\u00fcr Verwaltung und Inneres f\u00fcr die Grundbucheintragung zugelassen. Eine entsprechende Ausstiegsstrategie f\u00fcr Investoren ist wesentlich f\u00fcr den Investitionserfolg. Wir besitzen langj\u00e4hrige Erfahrung in der Markteinf\u00fchrung in Rum\u00e4nien. Wir bieten unseren Kunden einen monatlichen Grundst\u00fccksbericht \u00fcber Zusammenlegung, Lease-in, Lease-out, Austausch usw.<\/p>\n<p>[\/vc_column_text][\/vc_accordion_tab][vc_accordion_tab title=&#8220;Grundst\u00fcckskartierung&#8220; background_color=&#8220;rgba(0,0,0,0.25)&#8220;][vc_column_text]<\/p>\n<p style=\"text-align: justify;\">Unser Unternehmen bietet Grundst\u00fcckskarten; das erlaubt einen \u00dcberblick \u00fcber alle Grundst\u00fccke im Besitz des Investors.\u00a0 Die thematischen Karten werden auf die Bed\u00fcrfnisse des Kunden zugeschnitten: Karten f\u00fcr Eigentums- oder vermietetes Grundst\u00fcck, bewirtschaftetes Grundst\u00fcck \u2013 mit orthografischen Aufnahmen und Karten f\u00fcr zuk\u00fcnftige Investitionen, Vermietungen (Mieten),\u00a0 Austausch, andere Investoren in der Region. Die Karten werden mit AutoCAD (digitalisiert und georeferenziert) erstellt und k\u00f6nnen in PDF-Format, als JPG oder als KMZ-Dateien (f\u00fcr Google Earth) exportiert werden.<\/p>\n<p>[\/vc_column_text][\/vc_accordion_tab][vc_accordion_tab title=&#8220;Grundst\u00fcckserfassung&#8220; background_color=&#8220;rgba(0,0,0,0.25)&#8220;][vc_column_text]Der Grundst\u00fcckswert h\u00e4ngt ma\u00dfgeblich von seinem Nutzungsgrad ab, der sich seinerseits nach dem Rodungs-\/Reinigungszustand des Grundst\u00fccks richtet, den wir mittels einer genauen Bestandsaufnahme nach Standortbegehung und Befliegung mit HexaKopter messen. Diese ergibt viel detailliertere Aufnahmen der Grundst\u00fccke als jede andere Methode (sogenannte Orthofotos).<\/p>\n<p>[\/vc_column_text][\/vc_accordion_tab][\/vc_accordion][\/vc_column][vc_column width=&#8220;1\/2&#8243; css=&#8220;.vc_custom_1492015917204{margin-top: 20px !important;margin-bottom: 60px !important;}&#8220;][vc_accordion active_tab=&#8220;false&#8220; collapsible=&#8220;yes&#8220; style=&#8220;boxed_accordion&#8220; title_alignment=&#8220;right&#8220;][vc_accordion_tab title=&#8220;Grundst\u00fccksreinigung&#8220; background_color=&#8220;rgba(0,0,0,0.25)&#8220;][vc_column_text]Dazu bringen wir Fachteams und professionelles Ausr\u00fcstung zum Einsatz. Danach eignen sich die landwirtschaftlichen Fl\u00e4chen f\u00fcr jede Art von Nutzung.<\/p>\n<p>[\/vc_column_text][\/vc_accordion_tab][vc_accordion_tab title=&#8220;Grundst\u00fccksnutzung&#8220; background_color=&#8220;rgba(0,0,0,0.25)&#8220;][vc_column_text]<\/p>\n<p style=\"text-align: justify;\">Wir vermitteln unseren Kunden sowohl geeignete Beratung, als auch Hilfe bei der Einkaug von Grundst\u00fccke. Auf Wunsch beraten wir Investoren, die ihr Grundst\u00fcck nicht brach liegen lassen wollen (passive Investoren). Das beinhaltet haupts\u00e4chlich Subventionsantr\u00e4ge. Dabei wird das Grundst\u00fcck GPS-gest\u00fctzt aufgenommen.<\/p>\n<p>[\/vc_column_text][\/vc_accordion_tab][vc_accordion_tab title=&#8220;Subventionsmanagement&#8220; background_color=&#8220;rgba(0,0,0,0.25)&#8220;][vc_column_text]Als Mitglied der Europ\u00e4ischen Union genie\u00dft Rum\u00e4nien hohe Preissubventionen f\u00fcr Grundst\u00fccksbesitzer. F\u00fcr unsere Kunden nehmen wir den j\u00e4hrlichen\u00a0 Subventionsantrag vor.<\/p>\n<p>[\/vc_column_text][\/vc_accordion_tab][\/vc_accordion][\/vc_column][\/vc_row]<\/p>\n<\/div>","protected":false},"excerpt":{"rendered":"<p>[vc_row use_row_as_full_screen_section=&#8220;yes&#8220; pattern_background=&#8220;pattern_background&#8220;][vc_column][vc_gallery interval=&#8220;3&#8243; images=&#8220;617,616&#8243; img_size=&#8220;full&#8220; onclick=&#8220;&#8220; disable_navigation_arrows=&#8220;yes&#8220; show_navigation_controls=&#8220;yes&#8220;][\/vc_column][\/vc_row][vc_row][vc_column css=&#8220;.vc_custom_1487791034473{margin-top: 0px !important;margin-bottom: 40px !important;}&#8220;][vc_column_text] LAND UND VERMESSUNG [\/vc_column_text][\/vc_column][\/vc_row][vc_row][vc_column width=&#8220;1\/2&#8243;][vc_column_text]Die Unternehmensgruppe Karpaten Meat entstand schrittweise, durch&#8230;<\/p>\n","protected":false},"author":1,"featured_media":0,"parent":11234,"menu_order":0,"comment_status":"closed","ping_status":"closed","template":"","meta":{"_exactmetrics_skip_tracking":false,"_exactmetrics_sitenote_active":false,"_exactmetrics_sitenote_note":"","_exactmetrics_sitenote_category":0,"footnotes":""},"yoast_head":"<!-- This site is optimized with the Yoast SEO plugin v23.0 - https:\/\/yoast.com\/wordpress\/plugins\/seo\/ -->\n<title>LAND UND VERMESSUNG - Karpaten Meat<\/title>\n<meta name=\"robots\" content=\"index, follow, max-snippet:-1, max-image-preview:large, max-video-preview:-1\" \/>\n<link rel=\"canonical\" href=\"https:\/\/karpaten-meat.com\/grupul-de-firme\/land\/\" \/>\n<meta property=\"og:locale\" content=\"de_DE\" \/>\n<meta property=\"og:type\" content=\"article\" \/>\n<meta property=\"og:title\" content=\"LAND UND VERMESSUNG - Karpaten Meat\" \/>\n<meta property=\"og:description\" content=\"[vc_row use_row_as_full_screen_section=&#8220;yes&#8220; pattern_background=&#8220;pattern_background&#8220;][vc_column][vc_gallery interval=&#8220;3&#8243; images=&#8220;617,616&#8243; img_size=&#8220;full&#8220; onclick=&#8220;&#8220; disable_navigation_arrows=&#8220;yes&#8220; show_navigation_controls=&#8220;yes&#8220;][\/vc_column][\/vc_row][vc_row][vc_column css=&#8220;.vc_custom_1487791034473{margin-top: 0px !important;margin-bottom: 40px !important;}&#8220;][vc_column_text] LAND UND VERMESSUNG [\/vc_column_text][\/vc_column][\/vc_row][vc_row][vc_column width=&#8220;1\/2&#8243;][vc_column_text]Die Unternehmensgruppe Karpaten Meat entstand schrittweise, durch...\" \/>\n<meta property=\"og:url\" content=\"https:\/\/karpaten-meat.com\/grupul-de-firme\/land\/\" \/>\n<meta property=\"og:site_name\" content=\"Karpaten Meat\" \/>\n<meta property=\"article:modified_time\" content=\"2019-07-04T12:20:28+00:00\" \/>\n<meta name=\"twitter:card\" content=\"summary_large_image\" \/>\n<meta name=\"twitter:label1\" content=\"Gesch\u00e4tzte Lesezeit\" \/>\n\t<meta name=\"twitter:data1\" content=\"4\u00a0Minuten\" \/>\n<script type=\"application\/ld+json\" class=\"yoast-schema-graph\">{\"@context\":\"https:\/\/schema.org\",\"@graph\":[{\"@type\":\"WebPage\",\"@id\":\"https:\/\/karpaten-meat.com\/grupul-de-firme\/land\/\",\"url\":\"https:\/\/karpaten-meat.com\/grupul-de-firme\/land\/\",\"name\":\"LAND UND VERMESSUNG - Karpaten Meat\",\"isPartOf\":{\"@id\":\"https:\/\/karpaten-meat.com\/#website\"},\"datePublished\":\"2019-07-01T10:11:29+00:00\",\"dateModified\":\"2019-07-04T12:20:28+00:00\",\"breadcrumb\":{\"@id\":\"https:\/\/karpaten-meat.com\/grupul-de-firme\/land\/#breadcrumb\"},\"inLanguage\":\"de\",\"potentialAction\":[{\"@type\":\"ReadAction\",\"target\":[\"https:\/\/karpaten-meat.com\/grupul-de-firme\/land\/\"]}]},{\"@type\":\"BreadcrumbList\",\"@id\":\"https:\/\/karpaten-meat.com\/grupul-de-firme\/land\/#breadcrumb\",\"itemListElement\":[{\"@type\":\"ListItem\",\"position\":1,\"name\":\"Prima pagin\u0103\",\"item\":\"https:\/\/karpaten-meat.com\/de\/\"},{\"@type\":\"ListItem\",\"position\":2,\"name\":\"DIE GRUPPE KMG\",\"item\":\"https:\/\/karpaten-meat.com\/grupul-de-firme\/\"},{\"@type\":\"ListItem\",\"position\":3,\"name\":\"LAND UND VERMESSUNG\"}]},{\"@type\":\"WebSite\",\"@id\":\"https:\/\/karpaten-meat.com\/#website\",\"url\":\"https:\/\/karpaten-meat.com\/\",\"name\":\"Karpaten Meat\",\"description\":\"from grass to beef\",\"potentialAction\":[{\"@type\":\"SearchAction\",\"target\":{\"@type\":\"EntryPoint\",\"urlTemplate\":\"https:\/\/karpaten-meat.com\/?s={search_term_string}\"},\"query-input\":\"required name=search_term_string\"}],\"inLanguage\":\"de\"}]}<\/script>\n<!-- \/ Yoast SEO plugin. -->","yoast_head_json":{"title":"LAND UND VERMESSUNG - Karpaten Meat","robots":{"index":"index","follow":"follow","max-snippet":"max-snippet:-1","max-image-preview":"max-image-preview:large","max-video-preview":"max-video-preview:-1"},"canonical":"https:\/\/karpaten-meat.com\/grupul-de-firme\/land\/","og_locale":"de_DE","og_type":"article","og_title":"LAND UND VERMESSUNG - Karpaten Meat","og_description":"[vc_row use_row_as_full_screen_section=&#8220;yes&#8220; pattern_background=&#8220;pattern_background&#8220;][vc_column][vc_gallery interval=&#8220;3&#8243; images=&#8220;617,616&#8243; img_size=&#8220;full&#8220; onclick=&#8220;&#8220; disable_navigation_arrows=&#8220;yes&#8220; show_navigation_controls=&#8220;yes&#8220;][\/vc_column][\/vc_row][vc_row][vc_column css=&#8220;.vc_custom_1487791034473{margin-top: 0px !important;margin-bottom: 40px !important;}&#8220;][vc_column_text] LAND UND VERMESSUNG [\/vc_column_text][\/vc_column][\/vc_row][vc_row][vc_column width=&#8220;1\/2&#8243;][vc_column_text]Die Unternehmensgruppe Karpaten Meat entstand schrittweise, durch...","og_url":"https:\/\/karpaten-meat.com\/grupul-de-firme\/land\/","og_site_name":"Karpaten Meat","article_modified_time":"2019-07-04T12:20:28+00:00","twitter_card":"summary_large_image","twitter_misc":{"Gesch\u00e4tzte Lesezeit":"4\u00a0Minuten"},"schema":{"@context":"https:\/\/schema.org","@graph":[{"@type":"WebPage","@id":"https:\/\/karpaten-meat.com\/grupul-de-firme\/land\/","url":"https:\/\/karpaten-meat.com\/grupul-de-firme\/land\/","name":"LAND UND VERMESSUNG - Karpaten Meat","isPartOf":{"@id":"https:\/\/karpaten-meat.com\/#website"},"datePublished":"2019-07-01T10:11:29+00:00","dateModified":"2019-07-04T12:20:28+00:00","breadcrumb":{"@id":"https:\/\/karpaten-meat.com\/grupul-de-firme\/land\/#breadcrumb"},"inLanguage":"de","potentialAction":[{"@type":"ReadAction","target":["https:\/\/karpaten-meat.com\/grupul-de-firme\/land\/"]}]},{"@type":"BreadcrumbList","@id":"https:\/\/karpaten-meat.com\/grupul-de-firme\/land\/#breadcrumb","itemListElement":[{"@type":"ListItem","position":1,"name":"Prima pagin\u0103","item":"https:\/\/karpaten-meat.com\/de\/"},{"@type":"ListItem","position":2,"name":"DIE GRUPPE KMG","item":"https:\/\/karpaten-meat.com\/grupul-de-firme\/"},{"@type":"ListItem","position":3,"name":"LAND UND VERMESSUNG"}]},{"@type":"WebSite","@id":"https:\/\/karpaten-meat.com\/#website","url":"https:\/\/karpaten-meat.com\/","name":"Karpaten Meat","description":"from grass to beef","potentialAction":[{"@type":"SearchAction","target":{"@type":"EntryPoint","urlTemplate":"https:\/\/karpaten-meat.com\/?s={search_term_string}"},"query-input":"required name=search_term_string"}],"inLanguage":"de"}]}},"_links":{"self":[{"href":"https:\/\/karpaten-meat.com\/de\/wp-json\/wp\/v2\/pages\/11880"}],"collection":[{"href":"https:\/\/karpaten-meat.com\/de\/wp-json\/wp\/v2\/pages"}],"about":[{"href":"https:\/\/karpaten-meat.com\/de\/wp-json\/wp\/v2\/types\/page"}],"author":[{"embeddable":true,"href":"https:\/\/karpaten-meat.com\/de\/wp-json\/wp\/v2\/users\/1"}],"replies":[{"embeddable":true,"href":"https:\/\/karpaten-meat.com\/de\/wp-json\/wp\/v2\/comments?post=11880"}],"version-history":[{"count":4,"href":"https:\/\/karpaten-meat.com\/de\/wp-json\/wp\/v2\/pages\/11880\/revisions"}],"predecessor-version":[{"id":11884,"href":"https:\/\/karpaten-meat.com\/de\/wp-json\/wp\/v2\/pages\/11880\/revisions\/11884"}],"up":[{"embeddable":true,"href":"https:\/\/karpaten-meat.com\/de\/wp-json\/wp\/v2\/pages\/11234"}],"wp:attachment":[{"href":"https:\/\/karpaten-meat.com\/de\/wp-json\/wp\/v2\/media?parent=11880"}],"curies":[{"name":"wp","href":"https:\/\/api.w.org\/{rel}","templated":true}]}}