{"id":11885,"date":"2019-07-01T12:49:12","date_gmt":"2019-07-01T12:49:12","guid":{"rendered":"https:\/\/karpaten-meat.com\/die-gruppe-kmg\/landwirtschaft\/"},"modified":"2019-07-04T12:21:38","modified_gmt":"2019-07-04T12:21:38","slug":"landwirtschaft","status":"publish","type":"page","link":"https:\/\/karpaten-meat.com\/de\/die-gruppe-kmg\/landwirtschaft\/","title":{"rendered":"LANDWIRTSCHAFT"},"content":{"rendered":"<div class=\"wpb-content-wrapper\"><p>[vc_row use_row_as_full_screen_section=&#8220;yes&#8220;][vc_column][vc_gallery interval=&#8220;5&#8243; images=&#8220;620,621&#8243; img_size=&#8220;full&#8220; onclick=&#8220;&#8220; disable_navigation_arrows=&#8220;yes&#8220; show_navigation_controls=&#8220;yes&#8220;][\/vc_column][\/vc_row][vc_row][vc_column][vc_column_text]<\/p>\n<h3>LANDWIRTSCHAFT<\/h3>\n<p>[\/vc_column_text][\/vc_column][\/vc_row][vc_row][vc_column width=&#8220;1\/2&#8243; css=&#8220;.vc_custom_1481820835484{margin-top: 20px !important;margin-bottom: 40px !important;}&#8220;][vc_column_text]Bei\u00a0 Karpaten Meat sehen wir es als unsere Aufgabe, zur Versorgung der Verbraucher mit gesunden und hochwertigen Lebensmitteln beizutragen. Deshalb bewirtschaften wir unser Land nach den strengen Landbau-Verordnungen der Europ\u00e4ischen Union und den Standards von\u00a0 BioSuisse.<\/p>\n<p>&nbsp;<\/p>\n<p>Rum\u00e4nien bietet beste Bedingungen f\u00fcr eine naturnahe Produktion von Rindfleisch und Getreide. Karpaten Meat tr\u00e4gt durch einen \u00f6kologischen Getreideanbau f\u00fcr seine Rinderaufzucht zu einer starken und umweltbewussten Landwirtschaft bei. Unsere Weiden und Felder werden naturbelassen und nachhaltig bewirtschaftet; das hei\u00dft,\u00a0 einheimische Pflanzenarten k\u00f6nnen sich dauerhaft entfalten, sodass die Artenvielfalt des Harbachtals mit all ihren Besonderheiten erhalten bleibt.[\/vc_column_text][vc_single_image image=&#8220;4021&#8243; img_size=&#8220;full&#8220; css=&#8220;.vc_custom_1491417620240{margin-top: 35px !important;}&#8220;][\/vc_column][vc_column width=&#8220;1\/2&#8243; css=&#8220;.vc_custom_1481820822022{margin-top: 20px !important;margin-bottom: 40px !important;}&#8220;][vc_column_text]Im Rahmen unseres F\u00fctterungsprogramms f\u00fcr Zuchtrinder bauen wir Luzerne, Getreidemischungen und Leguminosen (einheimische Arten) an, f\u00fcr Mastrinder kommt noch Mais hinzu. Daraus erzeugen wir Luzernesilage, Ganzpflanzensilage aus Getreide und Leguminosen, Maissilage, Luzerne- und Getreide-Leguminosen-Heu sowie in Folie gewickelte Luzerne- und Ganzpflanzenballen. Die gesamte Ernte wird als Futtermittel f\u00fcr die eigenen Tiere verwendet. Das Samengut stammt von einheimischen Erzeugern. Produktion und Arbeiten werden in Echtzeit \u00fcberwacht.<\/p>\n<p>&nbsp;<\/p>\n<p>Auch wenn Klima und B\u00f6den an unserem Standort manchmal eine Herausforderung darstellen, erreichen wir unsere Produktionsziele mithilfe unseres einsatzbereiten, engagierten Teams. Wir lassen gr\u00f6\u00dfte Sorgfalt bei der Lagerung unserer Erzeugnisse und der Futtermittel walten und \u00fcberpr\u00fcfen regelm\u00e4\u00dfig ihre Qualit\u00e4t. Unsere j\u00e4hrliche Futtermittelproduktion richtet sich nach dem Bedarf, dem Viehbestand, dem Alter und der Kategorie der Tiere; so erzielen wir\u00a0 Fleisch von herausragender G\u00fcte. Dieses aktive landwirtschaftliche Management, sowohl im Landbau als auch in der Aufzucht, sichert Erfolg und Leistungsverbesserung.[\/vc_column_text][\/vc_column][\/vc_row][vc_row][vc_column]<div class=\"q_counter_holder \" style=\"\"><span class=\"counter \" style=\"\">100<\/span><h4 class='counter_title' style=''>Hallo<\/h4><p class=\"counter_text\" style=\"\">yeah yeah yeah<\/p><\/div>[\/vc_column][\/vc_row]<\/p>\n<\/div>","protected":false},"excerpt":{"rendered":"<p>[vc_row use_row_as_full_screen_section=&#8220;yes&#8220;][vc_column][vc_gallery interval=&#8220;5&#8243; images=&#8220;620,621&#8243; img_size=&#8220;full&#8220; onclick=&#8220;&#8220; disable_navigation_arrows=&#8220;yes&#8220; show_navigation_controls=&#8220;yes&#8220;][\/vc_column][\/vc_row][vc_row][vc_column][vc_column_text] LANDWIRTSCHAFT [\/vc_column_text][\/vc_column][\/vc_row][vc_row][vc_column width=&#8220;1\/2&#8243; css=&#8220;.vc_custom_1481820835484{margin-top: 20px !important;margin-bottom: 40px !important;}&#8220;][vc_column_text]Bei\u00a0 Karpaten Meat sehen wir es als unsere Aufgabe, zur&#8230;<\/p>\n","protected":false},"author":1,"featured_media":0,"parent":11234,"menu_order":0,"comment_status":"closed","ping_status":"closed","template":"","meta":{"_exactmetrics_skip_tracking":false,"_exactmetrics_sitenote_active":false,"_exactmetrics_sitenote_note":"","_exactmetrics_sitenote_category":0,"footnotes":""},"yoast_head":"<!-- This site is optimized with the Yoast SEO plugin v23.0 - https:\/\/yoast.com\/wordpress\/plugins\/seo\/ -->\n<title>LANDWIRTSCHAFT - Karpaten Meat<\/title>\n<meta name=\"robots\" content=\"index, follow, max-snippet:-1, max-image-preview:large, max-video-preview:-1\" \/>\n<link rel=\"canonical\" href=\"https:\/\/karpaten-meat.com\/grupul-de-firme\/agricultura\/\" \/>\n<meta property=\"og:locale\" content=\"de_DE\" \/>\n<meta property=\"og:type\" content=\"article\" \/>\n<meta property=\"og:title\" content=\"LANDWIRTSCHAFT - Karpaten Meat\" \/>\n<meta property=\"og:description\" content=\"[vc_row use_row_as_full_screen_section=&#8220;yes&#8220;][vc_column][vc_gallery interval=&#8220;5&#8243; images=&#8220;620,621&#8243; img_size=&#8220;full&#8220; onclick=&#8220;&#8220; disable_navigation_arrows=&#8220;yes&#8220; show_navigation_controls=&#8220;yes&#8220;][\/vc_column][\/vc_row][vc_row][vc_column][vc_column_text] LANDWIRTSCHAFT [\/vc_column_text][\/vc_column][\/vc_row][vc_row][vc_column width=&#8220;1\/2&#8243; css=&#8220;.vc_custom_1481820835484{margin-top: 20px !important;margin-bottom: 40px !important;}&#8220;][vc_column_text]Bei\u00a0 Karpaten Meat sehen wir es als unsere Aufgabe, zur...\" \/>\n<meta property=\"og:url\" content=\"https:\/\/karpaten-meat.com\/grupul-de-firme\/agricultura\/\" \/>\n<meta property=\"og:site_name\" content=\"Karpaten Meat\" \/>\n<meta property=\"article:modified_time\" content=\"2019-07-04T12:21:38+00:00\" \/>\n<meta name=\"twitter:card\" content=\"summary_large_image\" \/>\n<meta name=\"twitter:label1\" content=\"Gesch\u00e4tzte Lesezeit\" \/>\n\t<meta name=\"twitter:data1\" content=\"2\u00a0Minuten\" \/>\n<script type=\"application\/ld+json\" class=\"yoast-schema-graph\">{\"@context\":\"https:\/\/schema.org\",\"@graph\":[{\"@type\":\"WebPage\",\"@id\":\"https:\/\/karpaten-meat.com\/grupul-de-firme\/agricultura\/\",\"url\":\"https:\/\/karpaten-meat.com\/grupul-de-firme\/agricultura\/\",\"name\":\"LANDWIRTSCHAFT - Karpaten Meat\",\"isPartOf\":{\"@id\":\"https:\/\/karpaten-meat.com\/#website\"},\"datePublished\":\"2019-07-01T12:49:12+00:00\",\"dateModified\":\"2019-07-04T12:21:38+00:00\",\"breadcrumb\":{\"@id\":\"https:\/\/karpaten-meat.com\/grupul-de-firme\/agricultura\/#breadcrumb\"},\"inLanguage\":\"de\",\"potentialAction\":[{\"@type\":\"ReadAction\",\"target\":[\"https:\/\/karpaten-meat.com\/grupul-de-firme\/agricultura\/\"]}]},{\"@type\":\"BreadcrumbList\",\"@id\":\"https:\/\/karpaten-meat.com\/grupul-de-firme\/agricultura\/#breadcrumb\",\"itemListElement\":[{\"@type\":\"ListItem\",\"position\":1,\"name\":\"Prima pagin\u0103\",\"item\":\"https:\/\/karpaten-meat.com\/de\/\"},{\"@type\":\"ListItem\",\"position\":2,\"name\":\"DIE GRUPPE KMG\",\"item\":\"https:\/\/karpaten-meat.com\/grupul-de-firme\/\"},{\"@type\":\"ListItem\",\"position\":3,\"name\":\"LANDWIRTSCHAFT\"}]},{\"@type\":\"WebSite\",\"@id\":\"https:\/\/karpaten-meat.com\/#website\",\"url\":\"https:\/\/karpaten-meat.com\/\",\"name\":\"Karpaten Meat\",\"description\":\"from grass to beef\",\"potentialAction\":[{\"@type\":\"SearchAction\",\"target\":{\"@type\":\"EntryPoint\",\"urlTemplate\":\"https:\/\/karpaten-meat.com\/?s={search_term_string}\"},\"query-input\":\"required name=search_term_string\"}],\"inLanguage\":\"de\"}]}<\/script>\n<!-- \/ Yoast SEO plugin. -->","yoast_head_json":{"title":"LANDWIRTSCHAFT - Karpaten Meat","robots":{"index":"index","follow":"follow","max-snippet":"max-snippet:-1","max-image-preview":"max-image-preview:large","max-video-preview":"max-video-preview:-1"},"canonical":"https:\/\/karpaten-meat.com\/grupul-de-firme\/agricultura\/","og_locale":"de_DE","og_type":"article","og_title":"LANDWIRTSCHAFT - Karpaten Meat","og_description":"[vc_row use_row_as_full_screen_section=&#8220;yes&#8220;][vc_column][vc_gallery interval=&#8220;5&#8243; images=&#8220;620,621&#8243; img_size=&#8220;full&#8220; onclick=&#8220;&#8220; disable_navigation_arrows=&#8220;yes&#8220; show_navigation_controls=&#8220;yes&#8220;][\/vc_column][\/vc_row][vc_row][vc_column][vc_column_text] LANDWIRTSCHAFT [\/vc_column_text][\/vc_column][\/vc_row][vc_row][vc_column width=&#8220;1\/2&#8243; css=&#8220;.vc_custom_1481820835484{margin-top: 20px !important;margin-bottom: 40px !important;}&#8220;][vc_column_text]Bei\u00a0 Karpaten Meat sehen wir es als unsere Aufgabe, zur...","og_url":"https:\/\/karpaten-meat.com\/grupul-de-firme\/agricultura\/","og_site_name":"Karpaten Meat","article_modified_time":"2019-07-04T12:21:38+00:00","twitter_card":"summary_large_image","twitter_misc":{"Gesch\u00e4tzte Lesezeit":"2\u00a0Minuten"},"schema":{"@context":"https:\/\/schema.org","@graph":[{"@type":"WebPage","@id":"https:\/\/karpaten-meat.com\/grupul-de-firme\/agricultura\/","url":"https:\/\/karpaten-meat.com\/grupul-de-firme\/agricultura\/","name":"LANDWIRTSCHAFT - Karpaten Meat","isPartOf":{"@id":"https:\/\/karpaten-meat.com\/#website"},"datePublished":"2019-07-01T12:49:12+00:00","dateModified":"2019-07-04T12:21:38+00:00","breadcrumb":{"@id":"https:\/\/karpaten-meat.com\/grupul-de-firme\/agricultura\/#breadcrumb"},"inLanguage":"de","potentialAction":[{"@type":"ReadAction","target":["https:\/\/karpaten-meat.com\/grupul-de-firme\/agricultura\/"]}]},{"@type":"BreadcrumbList","@id":"https:\/\/karpaten-meat.com\/grupul-de-firme\/agricultura\/#breadcrumb","itemListElement":[{"@type":"ListItem","position":1,"name":"Prima pagin\u0103","item":"https:\/\/karpaten-meat.com\/de\/"},{"@type":"ListItem","position":2,"name":"DIE GRUPPE KMG","item":"https:\/\/karpaten-meat.com\/grupul-de-firme\/"},{"@type":"ListItem","position":3,"name":"LANDWIRTSCHAFT"}]},{"@type":"WebSite","@id":"https:\/\/karpaten-meat.com\/#website","url":"https:\/\/karpaten-meat.com\/","name":"Karpaten Meat","description":"from grass to beef","potentialAction":[{"@type":"SearchAction","target":{"@type":"EntryPoint","urlTemplate":"https:\/\/karpaten-meat.com\/?s={search_term_string}"},"query-input":"required name=search_term_string"}],"inLanguage":"de"}]}},"_links":{"self":[{"href":"https:\/\/karpaten-meat.com\/de\/wp-json\/wp\/v2\/pages\/11885"}],"collection":[{"href":"https:\/\/karpaten-meat.com\/de\/wp-json\/wp\/v2\/pages"}],"about":[{"href":"https:\/\/karpaten-meat.com\/de\/wp-json\/wp\/v2\/types\/page"}],"author":[{"embeddable":true,"href":"https:\/\/karpaten-meat.com\/de\/wp-json\/wp\/v2\/users\/1"}],"replies":[{"embeddable":true,"href":"https:\/\/karpaten-meat.com\/de\/wp-json\/wp\/v2\/comments?post=11885"}],"version-history":[{"count":1,"href":"https:\/\/karpaten-meat.com\/de\/wp-json\/wp\/v2\/pages\/11885\/revisions"}],"predecessor-version":[{"id":11886,"href":"https:\/\/karpaten-meat.com\/de\/wp-json\/wp\/v2\/pages\/11885\/revisions\/11886"}],"up":[{"embeddable":true,"href":"https:\/\/karpaten-meat.com\/de\/wp-json\/wp\/v2\/pages\/11234"}],"wp:attachment":[{"href":"https:\/\/karpaten-meat.com\/de\/wp-json\/wp\/v2\/media?parent=11885"}],"curies":[{"name":"wp","href":"https:\/\/api.w.org\/{rel}","templated":true}]}}