{"id":11887,"date":"2019-07-01T13:03:39","date_gmt":"2019-07-01T13:03:39","guid":{"rendered":"https:\/\/karpaten-meat.com\/die-gruppe-kmg\/karriere\/"},"modified":"2019-07-04T12:16:26","modified_gmt":"2019-07-04T12:16:26","slug":"karriere","status":"publish","type":"page","link":"https:\/\/karpaten-meat.com\/de\/die-gruppe-kmg\/karriere\/","title":{"rendered":"KARRIERE"},"content":{"rendered":"<div class=\"wpb-content-wrapper\"><p>[vc_row use_row_as_full_screen_section=&#8220;yes&#8220;][vc_column][vc_gallery interval=&#8220;5&#8243; images=&#8220;11337,11341&#8243; img_size=&#8220;full&#8220; onclick=&#8220;&#8220; disable_navigation_arrows=&#8220;yes&#8220; show_navigation_controls=&#8220;yes&#8220;][\/vc_column][\/vc_row][vc_row][vc_column css=&#8220;.vc_custom_1487769211528{margin-bottom: 20px !important;}&#8220;][vc_column_text]<\/p>\n<h3>Karriere<\/h3>\n<p>[\/vc_column_text][vc_column_text css=&#8220;.vc_custom_1495710446782{margin-top: 20px !important;margin-bottom: 20px !important;}&#8220;]<\/p>\n<div class=\"textLayer\">\n<h4>Haben Sie Lust, in einem facherfahrenen multinationalen Unternehmen zu arbeiten? Bei Karpaten Meat erwartet sie ein junges, dynamisches Arbeitsumfeld, gro\u00dfz\u00fcgige Arbeitsvorteile (ansprechendes, leistungsabh\u00e4ngiges\u00a0 Gehalt, und zus\u00e4tzliche Urlaubstage usw.), berufliche und pers\u00f6nliche Entwicklungschancen, vielseitige Ausbildungs- und Fortbildungsm\u00f6glichkeiten.<\/h4>\n<\/div>\n<p>[\/vc_column_text][\/vc_column][\/vc_row][vc_row][vc_column css=&#8220;.vc_custom_1487755632108{margin-top: 20px !important;}&#8220;]<div class=\"call_to_action normal\" style=\"background-color: rgba(0,0,0,0.25);\"><div class=\"call_to_action_row_75_25 clearfix\" style=\"padding: 20px;\"><div class=\"text_wrapper to_action_column1 to_action_cell\"><div class=\"call_to_action_text\" ><\/p>\n<h4>Specialist Marketing<\/h4>\n<p><\/div><\/div><div class=\"button_wrapper to_action_column2 to_action_cell\" style = \"text-align: right\"><a href=\"https:\/\/karpaten-meat.com\/wp-content\/uploads\/2019\/06\/JD-Specialist-marketing-Final.pdf\" class=\"qbutton \" target=\"_blank\"  >SEE MORE<\/a><\/div><\/div><\/div>[\/vc_column][\/vc_row][vc_row][vc_column css=&#8220;.vc_custom_1487755632108{margin-top: 20px !important;}&#8220;]<div class=\"call_to_action normal\" style=\"background-color: rgba(0,0,0,0.25);\"><div class=\"call_to_action_row_75_25 clearfix\" style=\"padding: 20px;\"><div class=\"text_wrapper to_action_column1 to_action_cell\"><div class=\"call_to_action_text\" ><\/p>\n<h4>Tractorist<\/h4>\n<p><\/div><\/div><div class=\"button_wrapper to_action_column2 to_action_cell\" style = \"text-align: right\"><a href=\"https:\/\/karpaten-meat.com\/wp-content\/uploads\/2019\/03\/Tractorist.pdf\" class=\"qbutton \" target=\"_blank\"  >SEE MORE<\/a><\/div><\/div><\/div>[\/vc_column][\/vc_row][vc_row][vc_column css=&#8220;.vc_custom_1487755632108{margin-top: 20px !important;}&#8220;]<div class=\"call_to_action normal\" style=\"background-color: rgba(0,0,0,0.25);\"><div class=\"call_to_action_row_75_25 clearfix\" style=\"padding: 20px;\"><div class=\"text_wrapper to_action_column1 to_action_cell\"><div class=\"call_to_action_text\" ><\/p>\n<h4>Tehnician Veterinar<\/h4>\n<p><\/div><\/div><div class=\"button_wrapper to_action_column2 to_action_cell\" style = \"text-align: right\"><a href=\"https:\/\/karpaten-meat.com\/wp-content\/uploads\/2018\/07\/Tehnician-veterinar_KMS_iulie-2018.pdf\" class=\"qbutton \" target=\"_blank\"  >SEE MORE<\/a><\/div><\/div><\/div>[\/vc_column][\/vc_row][vc_row][vc_column css=&#8220;.vc_custom_1487755632108{margin-top: 20px !important;}&#8220;]<div class=\"call_to_action normal\" style=\"background-color: rgba(0,0,0,0.25);\"><div class=\"call_to_action_row_75_25 clearfix\" style=\"padding: 20px;\"><div class=\"text_wrapper to_action_column1 to_action_cell\"><div class=\"call_to_action_text\" ><\/p>\n<h4>\u0218ofer Camion<\/h4>\n<p><\/div><\/div><div class=\"button_wrapper to_action_column2 to_action_cell\" style = \"text-align: right\"><a href=\"https:\/\/karpaten-meat.com\/wp-content\/uploads\/2018\/07\/SOFER-camion_iulie-2018.pdf\" class=\"qbutton \" target=\"_blank\"  >SEE MORE<\/a><\/div><\/div><\/div>[\/vc_column][\/vc_row][vc_row][vc_column css=&#8220;.vc_custom_1487755632108{margin-top: 20px !important;}&#8220;]<div class=\"call_to_action normal\" style=\"background-color: rgba(0,0,0,0.25);\"><div class=\"call_to_action_row_75_25 clearfix\" style=\"padding: 20px;\"><div class=\"text_wrapper to_action_column1 to_action_cell\"><div class=\"call_to_action_text\" ><\/p>\n<h4>M\u0103celar<\/h4>\n<p><\/div><\/div><div class=\"button_wrapper to_action_column2 to_action_cell\" style = \"text-align: right\"><a href=\"https:\/\/karpaten-meat.com\/wp-content\/uploads\/2018\/11\/Macelar_Profil.pdf\" class=\"qbutton \" target=\"_blank\"  >SEE MORE<\/a><\/div><\/div><\/div>[vc_empty_space height=&#8220;20px&#8220;][\/vc_column][\/vc_row][vc_row][vc_column css=&#8220;.vc_custom_1499265884461{margin-top: 0px !important;}&#8220;]<div class=\"call_to_action normal\" style=\"background-color: rgba(0,0,0,0.25);\"><div class=\"call_to_action_row_75_25 clearfix\" style=\"padding: 20px;\"><div class=\"text_wrapper to_action_column1 to_action_cell\"><div class=\"call_to_action_text\" ><\/p>\n<h4>Inginer Zootehnist<\/h4>\n<p><\/div><\/div><div class=\"button_wrapper to_action_column2 to_action_cell\" style = \"text-align: right\"><a href=\"https:\/\/karpaten-meat.com\/wp-content\/uploads\/2019\/03\/Inginer-zootehnist.pdf\" class=\"qbutton \" target=\"_blank\"  >SEE MORE<\/a><\/div><\/div><\/div>[\/vc_column][\/vc_row][vc_row][vc_column css=&#8220;.vc_custom_1553511416104{margin-top: 20px !important;margin-bottom: 60px !important;}&#8220;]<div class=\"call_to_action normal\" style=\"background-color: rgba(0,0,0,0.25);\"><div class=\"call_to_action_row_75_25 clearfix\" style=\"padding: 20px;\"><div class=\"text_wrapper to_action_column1 to_action_cell\"><div class=\"call_to_action_text\" ><\/p>\n<h4>Medic Veterinar<\/h4>\n<p><\/div><\/div><div class=\"button_wrapper to_action_column2 to_action_cell\" style = \"text-align: right\"><a href=\"https:\/\/karpaten-meat.com\/wp-content\/uploads\/2019\/03\/Medic-veterinar.pdf\" class=\"qbutton \" target=\"_blank\"  >SEE MORE<\/a><\/div><\/div><\/div>[\/vc_column][\/vc_row][vc_row][vc_column css=&#8220;.vc_custom_1553513761824{margin-bottom: 25px !important;}&#8220;][vc_column_text css=&#8220;.vc_custom_1560162181102{margin-bottom: 40px !important;}&#8220;]Wenn einer der oben genannten Jobs f\u00fcr Sie ist, bewerben Sie sich vertrauensvoll unter <a href=\"mailto:recruiting@karpaten-meat.com\">recruiting@karpaten-meat.com<\/a> \u00a0oder kontaktieren Sie uns unter + 40 736 620 911.[\/vc_column_text][\/vc_column][\/vc_row]<\/p>\n<\/div>","protected":false},"excerpt":{"rendered":"<p>[vc_row use_row_as_full_screen_section=&#8220;yes&#8220;][vc_column][vc_gallery interval=&#8220;5&#8243; images=&#8220;11337,11341&#8243; img_size=&#8220;full&#8220; onclick=&#8220;&#8220; disable_navigation_arrows=&#8220;yes&#8220; show_navigation_controls=&#8220;yes&#8220;][\/vc_column][\/vc_row][vc_row][vc_column css=&#8220;.vc_custom_1487769211528{margin-bottom: 20px !important;}&#8220;][vc_column_text] Karriere [\/vc_column_text][vc_column_text css=&#8220;.vc_custom_1495710446782{margin-top: 20px !important;margin-bottom: 20px !important;}&#8220;] Haben Sie Lust, in einem facherfahrenen multinationalen&#8230;<\/p>\n","protected":false},"author":1,"featured_media":0,"parent":11234,"menu_order":0,"comment_status":"closed","ping_status":"closed","template":"","meta":{"_exactmetrics_skip_tracking":false,"_exactmetrics_sitenote_active":false,"_exactmetrics_sitenote_note":"","_exactmetrics_sitenote_category":0,"footnotes":""},"yoast_head":"<!-- This site is optimized with the Yoast SEO plugin v23.0 - https:\/\/yoast.com\/wordpress\/plugins\/seo\/ -->\n<title>KARRIERE - Karpaten Meat<\/title>\n<meta name=\"robots\" content=\"index, follow, max-snippet:-1, max-image-preview:large, max-video-preview:-1\" \/>\n<link rel=\"canonical\" href=\"https:\/\/karpaten-meat.com\/grupul-de-firme\/cariere\/\" \/>\n<meta property=\"og:locale\" content=\"de_DE\" \/>\n<meta property=\"og:type\" content=\"article\" \/>\n<meta property=\"og:title\" content=\"KARRIERE - Karpaten Meat\" \/>\n<meta property=\"og:description\" content=\"[vc_row use_row_as_full_screen_section=&#8220;yes&#8220;][vc_column][vc_gallery interval=&#8220;5&#8243; images=&#8220;11337,11341&#8243; img_size=&#8220;full&#8220; onclick=&#8220;&#8220; disable_navigation_arrows=&#8220;yes&#8220; show_navigation_controls=&#8220;yes&#8220;][\/vc_column][\/vc_row][vc_row][vc_column css=&#8220;.vc_custom_1487769211528{margin-bottom: 20px !important;}&#8220;][vc_column_text] Karriere [\/vc_column_text][vc_column_text css=&#8220;.vc_custom_1495710446782{margin-top: 20px !important;margin-bottom: 20px !important;}&#8220;] Haben Sie Lust, in einem facherfahrenen multinationalen...\" \/>\n<meta property=\"og:url\" content=\"https:\/\/karpaten-meat.com\/grupul-de-firme\/cariere\/\" \/>\n<meta property=\"og:site_name\" content=\"Karpaten Meat\" \/>\n<meta property=\"article:modified_time\" content=\"2019-07-04T12:16:26+00:00\" \/>\n<meta name=\"twitter:card\" content=\"summary_large_image\" \/>\n<meta name=\"twitter:label1\" content=\"Gesch\u00e4tzte Lesezeit\" \/>\n\t<meta name=\"twitter:data1\" content=\"2\u00a0Minuten\" \/>\n<script type=\"application\/ld+json\" class=\"yoast-schema-graph\">{\"@context\":\"https:\/\/schema.org\",\"@graph\":[{\"@type\":\"WebPage\",\"@id\":\"https:\/\/karpaten-meat.com\/grupul-de-firme\/cariere\/\",\"url\":\"https:\/\/karpaten-meat.com\/grupul-de-firme\/cariere\/\",\"name\":\"KARRIERE - Karpaten Meat\",\"isPartOf\":{\"@id\":\"https:\/\/karpaten-meat.com\/#website\"},\"datePublished\":\"2019-07-01T13:03:39+00:00\",\"dateModified\":\"2019-07-04T12:16:26+00:00\",\"breadcrumb\":{\"@id\":\"https:\/\/karpaten-meat.com\/grupul-de-firme\/cariere\/#breadcrumb\"},\"inLanguage\":\"de\",\"potentialAction\":[{\"@type\":\"ReadAction\",\"target\":[\"https:\/\/karpaten-meat.com\/grupul-de-firme\/cariere\/\"]}]},{\"@type\":\"BreadcrumbList\",\"@id\":\"https:\/\/karpaten-meat.com\/grupul-de-firme\/cariere\/#breadcrumb\",\"itemListElement\":[{\"@type\":\"ListItem\",\"position\":1,\"name\":\"Prima pagin\u0103\",\"item\":\"https:\/\/karpaten-meat.com\/de\/\"},{\"@type\":\"ListItem\",\"position\":2,\"name\":\"DIE GRUPPE KMG\",\"item\":\"https:\/\/karpaten-meat.com\/grupul-de-firme\/\"},{\"@type\":\"ListItem\",\"position\":3,\"name\":\"KARRIERE\"}]},{\"@type\":\"WebSite\",\"@id\":\"https:\/\/karpaten-meat.com\/#website\",\"url\":\"https:\/\/karpaten-meat.com\/\",\"name\":\"Karpaten Meat\",\"description\":\"from grass to beef\",\"potentialAction\":[{\"@type\":\"SearchAction\",\"target\":{\"@type\":\"EntryPoint\",\"urlTemplate\":\"https:\/\/karpaten-meat.com\/?s={search_term_string}\"},\"query-input\":\"required name=search_term_string\"}],\"inLanguage\":\"de\"}]}<\/script>\n<!-- \/ Yoast SEO plugin. -->","yoast_head_json":{"title":"KARRIERE - Karpaten Meat","robots":{"index":"index","follow":"follow","max-snippet":"max-snippet:-1","max-image-preview":"max-image-preview:large","max-video-preview":"max-video-preview:-1"},"canonical":"https:\/\/karpaten-meat.com\/grupul-de-firme\/cariere\/","og_locale":"de_DE","og_type":"article","og_title":"KARRIERE - Karpaten Meat","og_description":"[vc_row use_row_as_full_screen_section=&#8220;yes&#8220;][vc_column][vc_gallery interval=&#8220;5&#8243; images=&#8220;11337,11341&#8243; img_size=&#8220;full&#8220; onclick=&#8220;&#8220; disable_navigation_arrows=&#8220;yes&#8220; show_navigation_controls=&#8220;yes&#8220;][\/vc_column][\/vc_row][vc_row][vc_column css=&#8220;.vc_custom_1487769211528{margin-bottom: 20px !important;}&#8220;][vc_column_text] Karriere [\/vc_column_text][vc_column_text css=&#8220;.vc_custom_1495710446782{margin-top: 20px !important;margin-bottom: 20px !important;}&#8220;] Haben Sie Lust, in einem facherfahrenen multinationalen...","og_url":"https:\/\/karpaten-meat.com\/grupul-de-firme\/cariere\/","og_site_name":"Karpaten Meat","article_modified_time":"2019-07-04T12:16:26+00:00","twitter_card":"summary_large_image","twitter_misc":{"Gesch\u00e4tzte Lesezeit":"2\u00a0Minuten"},"schema":{"@context":"https:\/\/schema.org","@graph":[{"@type":"WebPage","@id":"https:\/\/karpaten-meat.com\/grupul-de-firme\/cariere\/","url":"https:\/\/karpaten-meat.com\/grupul-de-firme\/cariere\/","name":"KARRIERE - Karpaten Meat","isPartOf":{"@id":"https:\/\/karpaten-meat.com\/#website"},"datePublished":"2019-07-01T13:03:39+00:00","dateModified":"2019-07-04T12:16:26+00:00","breadcrumb":{"@id":"https:\/\/karpaten-meat.com\/grupul-de-firme\/cariere\/#breadcrumb"},"inLanguage":"de","potentialAction":[{"@type":"ReadAction","target":["https:\/\/karpaten-meat.com\/grupul-de-firme\/cariere\/"]}]},{"@type":"BreadcrumbList","@id":"https:\/\/karpaten-meat.com\/grupul-de-firme\/cariere\/#breadcrumb","itemListElement":[{"@type":"ListItem","position":1,"name":"Prima pagin\u0103","item":"https:\/\/karpaten-meat.com\/de\/"},{"@type":"ListItem","position":2,"name":"DIE GRUPPE KMG","item":"https:\/\/karpaten-meat.com\/grupul-de-firme\/"},{"@type":"ListItem","position":3,"name":"KARRIERE"}]},{"@type":"WebSite","@id":"https:\/\/karpaten-meat.com\/#website","url":"https:\/\/karpaten-meat.com\/","name":"Karpaten Meat","description":"from grass to beef","potentialAction":[{"@type":"SearchAction","target":{"@type":"EntryPoint","urlTemplate":"https:\/\/karpaten-meat.com\/?s={search_term_string}"},"query-input":"required name=search_term_string"}],"inLanguage":"de"}]}},"_links":{"self":[{"href":"https:\/\/karpaten-meat.com\/de\/wp-json\/wp\/v2\/pages\/11887"}],"collection":[{"href":"https:\/\/karpaten-meat.com\/de\/wp-json\/wp\/v2\/pages"}],"about":[{"href":"https:\/\/karpaten-meat.com\/de\/wp-json\/wp\/v2\/types\/page"}],"author":[{"embeddable":true,"href":"https:\/\/karpaten-meat.com\/de\/wp-json\/wp\/v2\/users\/1"}],"replies":[{"embeddable":true,"href":"https:\/\/karpaten-meat.com\/de\/wp-json\/wp\/v2\/comments?post=11887"}],"version-history":[{"count":1,"href":"https:\/\/karpaten-meat.com\/de\/wp-json\/wp\/v2\/pages\/11887\/revisions"}],"predecessor-version":[{"id":11888,"href":"https:\/\/karpaten-meat.com\/de\/wp-json\/wp\/v2\/pages\/11887\/revisions\/11888"}],"up":[{"embeddable":true,"href":"https:\/\/karpaten-meat.com\/de\/wp-json\/wp\/v2\/pages\/11234"}],"wp:attachment":[{"href":"https:\/\/karpaten-meat.com\/de\/wp-json\/wp\/v2\/media?parent=11887"}],"curies":[{"name":"wp","href":"https:\/\/api.w.org\/{rel}","templated":true}]}}