{"id":11889,"date":"2019-07-02T11:39:37","date_gmt":"2019-07-02T11:39:37","guid":{"rendered":"https:\/\/karpaten-meat.com\/zucht\/anguszucht\/"},"modified":"2019-07-04T12:18:50","modified_gmt":"2019-07-04T12:18:50","slug":"anguszucht","status":"publish","type":"page","link":"https:\/\/karpaten-meat.com\/de\/zucht\/anguszucht\/","title":{"rendered":"ANGUSZUCHT"},"content":{"rendered":"<div class=\"wpb-content-wrapper\"><p>[vc_row][vc_column][vc_gallery interval=&#8220;5&#8243; images=&#8220;625,624&#8243; img_size=&#8220;full&#8220; onclick=&#8220;&#8220; disable_navigation_arrows=&#8220;yes&#8220; show_navigation_controls=&#8220;yes&#8220;][\/vc_column][\/vc_row][vc_row][vc_column css=&#8220;.vc_custom_1487791914091{margin-bottom: 20px !important;}&#8220;][vc_column_text]<\/p>\n<h3>ANGUSZUCHT<\/h3>\n<p>[\/vc_column_text][\/vc_column][\/vc_row][vc_row][vc_column width=&#8220;1\/2&#8243;][vc_column_text]<\/p>\n<h4><strong>IDEAL F\u00dcR RUM\u00c4NISCHE WEIDEN!<\/strong><\/h4>\n<p>&nbsp;<\/p>\n<p>Die nat\u00fcrlichen Ressourcen Rum\u00e4niens bieten viele Vorteile f\u00fcr Landwirte an; vor allem sind die naturbelassenen Weiden und die nat\u00fcrlichen Wasservorkommen g\u00fcnstig. Mutterkuhhaltung ist wegen der ausgedehnten\u00a0 Gr\u00fcnlandfl\u00e4chen einfach in Rum\u00e4nien.\u00a0 F\u00fcr solche Gebiete eignen sich Angus-Rinder bestens und passen sich leicht den rum\u00e4nischen Weiden an.[\/vc_column_text][\/vc_column][vc_column width=&#8220;1\/2&#8243;][vc_column_text css=&#8220;.vc_custom_1562068227161{margin-top: 32px !important;}&#8220;]<\/p>\n<p>&nbsp;<\/p>\n<p>Mit geringer Zusatzf\u00fctterung wird so hervorragendes Bio-Fleisch erzielt. Die Rasse Aberdeen Angus passt sich den klimatischen Gegebenheiten der Balkanl\u00e4nder an und verkraftet sowohl K\u00e4lte als auch Hitze. Dennoch ist vor allem bei extremer K\u00e4lte eine entsprechende Futterzufuhr zu beachten.[\/vc_column_text][\/vc_column][\/vc_row][vc_row][vc_column css=&#8220;.vc_custom_1478705098361{margin-top: 40px !important;margin-bottom: 40px !important;}&#8220;][vc_column_text]<strong>Wir haben uns f\u00fcr ANGUS-Fleischrinder entschieden, weil sich die Rasse f\u00fcr extensive Haltung eignet, da sie robust und anpassungsf\u00e4hig ist:<\/strong><\/p>\n<ul>\n<li>ANGUS-Fleischrinder eignen sich f\u00fcr extensive Weidemast<\/li>\n<li>ANGUS-Rinder sind pflegeleicht und langlebig<\/li>\n<\/ul>\n<p>Fellfarbe: rot oder schwarz<\/p>\n<ul>\n<li>Hornlos<\/li>\n<li>Sehr robust, anpassungsf\u00e4hig an Au\u00dfentemperaturen von -40\u00b0C bis +40\u00b0C<\/li>\n<li>Fr\u00fchreif: Alter bei der ersten Deckung 14-15 Monate (bei min. 350kg)<\/li>\n<li>Alter bei der ersten Kalbung: 24-27 Monate<\/li>\n<li>Gute Verwerter von Weidegras, auch minderer Qualit\u00e4t<\/li>\n<li>Leichtkalbigkeit<\/li>\n<li>Fruchtbar: 1 Kalb pro Jahr bei einer Tragezeit von 9 Monaten<\/li>\n<li>Absetzen der K\u00e4lber nach 8-10 Monaten<\/li>\n<li>Hohe durchschnittliche Tageszunahme von 1000-1300g durch extensive F\u00fctterung<\/li>\n<li>Gewicht:\u00a0Bullen: 800-1000 kg; K\u00fche: 550-700 kg<\/li>\n<li>Sehr gute Schlachtleistung<\/li>\n<\/ul>\n<p>[\/vc_column_text][\/vc_column][\/vc_row][vc_row][vc_column width=&#8220;1\/2&#8243; css=&#8220;.vc_custom_1484137261287{margin-bottom: 40px !important;}&#8220;][vc_column_text]<a href=\"http:\/\/karpaten-meat.com\/sales-cattle\/angus-cattle\/\"><strong>Genetik aus unserem Betrieb<\/strong><\/a><\/p>\n<p>&nbsp;<\/p>\n<p>F\u00fcr gute Leistungen bei extensiver Weidehaltung ist neben einer ausgefeilten Produktionstechnik auch eine entsprechende Genetik unverzichtbar. Die Herausforderung liegt somit in \u201eeffizienter Qualit\u00e4tsfleischproduktion bei Weidehaltung\u201c. Zus\u00e4tzlich zu den Standardkontrollen werden regelm\u00e4\u00dfig Leistungskontrollen durchgef\u00fchrt, und auch zus\u00e4tzliche Selektionsmethoden angewendet, wie zum Beispiel die Ultraschallmessung der R\u00fcckenmuskelfl\u00e4che sowie genetische Testverfahren auf Zartheit (tenderness), Marmorierung (marbling) und Futterverwertung (effiziente Futtermittelzufuhr).[\/vc_column_text][\/vc_column][vc_column width=&#8220;1\/2&#8243; css=&#8220;.vc_custom_1484137267665{margin-bottom: 40px !important;}&#8220;][vc_column_text]<\/p>\n<p>&nbsp;<\/p>\n<p>&nbsp;<\/p>\n<p>Unser Team f\u00fchrt k\u00fcnstliche Besamung und Embryotransfer zusammen mit Partnern aus dem Ausland; dabei dient der weltweite Genpool als Selektionsbasis. F\u00fcr uns bedeutet korrekte Genetik \u201eAusgeglichenheit\u201d; ein Angusrind mit ausgeglichenem K\u00f6rperbau und Charakter ist das genetische Ideal. Wir vermeiden Extreme und individuelle Eigenheiten und ziehen harmonische und ausgeglichene Typen vor.\u00a0 Wir achten sehr auf durchgez\u00fcchtete Blutlinien, um Leistungsvererbung zu sichern. So k\u00f6nnen wir unseren Kunden <strong>vertrauensw\u00fcrdige<\/strong> <a href=\"http:\/\/karpaten-meat.com\/breeding\/\"><strong>Angusgenetik<\/strong><\/a> f\u00fcr effiziente Mutterkuhhaltung liefern.[\/vc_column_text][\/vc_column][\/vc_row]<\/p>\n<\/div>","protected":false},"excerpt":{"rendered":"<p>[vc_row][vc_column][vc_gallery interval=&#8220;5&#8243; images=&#8220;625,624&#8243; img_size=&#8220;full&#8220; onclick=&#8220;&#8220; disable_navigation_arrows=&#8220;yes&#8220; show_navigation_controls=&#8220;yes&#8220;][\/vc_column][\/vc_row][vc_row][vc_column css=&#8220;.vc_custom_1487791914091{margin-bottom: 20px !important;}&#8220;][vc_column_text] ANGUSZUCHT [\/vc_column_text][\/vc_column][\/vc_row][vc_row][vc_column width=&#8220;1\/2&#8243;][vc_column_text] IDEAL F\u00dcR RUM\u00c4NISCHE WEIDEN! &nbsp; Die nat\u00fcrlichen Ressourcen Rum\u00e4niens bieten viele Vorteile&#8230;<\/p>\n","protected":false},"author":1,"featured_media":0,"parent":11238,"menu_order":0,"comment_status":"closed","ping_status":"closed","template":"","meta":{"_exactmetrics_skip_tracking":false,"_exactmetrics_sitenote_active":false,"_exactmetrics_sitenote_note":"","_exactmetrics_sitenote_category":0,"footnotes":""},"yoast_head":"<!-- This site is optimized with the Yoast SEO plugin v23.0 - https:\/\/yoast.com\/wordpress\/plugins\/seo\/ -->\n<title>ANGUSZUCHT - Karpaten Meat<\/title>\n<meta name=\"robots\" content=\"index, follow, max-snippet:-1, max-image-preview:large, max-video-preview:-1\" \/>\n<link rel=\"canonical\" href=\"https:\/\/karpaten-meat.com\/reproductie\/bovinele-de-reproductie\/\" \/>\n<meta property=\"og:locale\" content=\"de_DE\" \/>\n<meta property=\"og:type\" content=\"article\" \/>\n<meta property=\"og:title\" content=\"ANGUSZUCHT - Karpaten Meat\" \/>\n<meta property=\"og:description\" content=\"[vc_row][vc_column][vc_gallery interval=&#8220;5&#8243; images=&#8220;625,624&#8243; img_size=&#8220;full&#8220; onclick=&#8220;&#8220; disable_navigation_arrows=&#8220;yes&#8220; show_navigation_controls=&#8220;yes&#8220;][\/vc_column][\/vc_row][vc_row][vc_column css=&#8220;.vc_custom_1487791914091{margin-bottom: 20px !important;}&#8220;][vc_column_text] ANGUSZUCHT [\/vc_column_text][\/vc_column][\/vc_row][vc_row][vc_column width=&#8220;1\/2&#8243;][vc_column_text] IDEAL F\u00dcR RUM\u00c4NISCHE WEIDEN! &nbsp; Die nat\u00fcrlichen Ressourcen Rum\u00e4niens bieten viele Vorteile...\" \/>\n<meta property=\"og:url\" content=\"https:\/\/karpaten-meat.com\/reproductie\/bovinele-de-reproductie\/\" \/>\n<meta property=\"og:site_name\" content=\"Karpaten Meat\" \/>\n<meta property=\"article:modified_time\" content=\"2019-07-04T12:18:50+00:00\" \/>\n<meta name=\"twitter:card\" content=\"summary_large_image\" \/>\n<meta name=\"twitter:label1\" content=\"Gesch\u00e4tzte Lesezeit\" \/>\n\t<meta name=\"twitter:data1\" content=\"3\u00a0Minuten\" \/>\n<script type=\"application\/ld+json\" class=\"yoast-schema-graph\">{\"@context\":\"https:\/\/schema.org\",\"@graph\":[{\"@type\":\"WebPage\",\"@id\":\"https:\/\/karpaten-meat.com\/reproductie\/bovinele-de-reproductie\/\",\"url\":\"https:\/\/karpaten-meat.com\/reproductie\/bovinele-de-reproductie\/\",\"name\":\"ANGUSZUCHT - Karpaten Meat\",\"isPartOf\":{\"@id\":\"https:\/\/karpaten-meat.com\/#website\"},\"datePublished\":\"2019-07-02T11:39:37+00:00\",\"dateModified\":\"2019-07-04T12:18:50+00:00\",\"breadcrumb\":{\"@id\":\"https:\/\/karpaten-meat.com\/reproductie\/bovinele-de-reproductie\/#breadcrumb\"},\"inLanguage\":\"de\",\"potentialAction\":[{\"@type\":\"ReadAction\",\"target\":[\"https:\/\/karpaten-meat.com\/reproductie\/bovinele-de-reproductie\/\"]}]},{\"@type\":\"BreadcrumbList\",\"@id\":\"https:\/\/karpaten-meat.com\/reproductie\/bovinele-de-reproductie\/#breadcrumb\",\"itemListElement\":[{\"@type\":\"ListItem\",\"position\":1,\"name\":\"Prima pagin\u0103\",\"item\":\"https:\/\/karpaten-meat.com\/de\/\"},{\"@type\":\"ListItem\",\"position\":2,\"name\":\"ZUCHT\",\"item\":\"https:\/\/karpaten-meat.com\/reproductie\/\"},{\"@type\":\"ListItem\",\"position\":3,\"name\":\"ANGUSZUCHT\"}]},{\"@type\":\"WebSite\",\"@id\":\"https:\/\/karpaten-meat.com\/#website\",\"url\":\"https:\/\/karpaten-meat.com\/\",\"name\":\"Karpaten Meat\",\"description\":\"from grass to beef\",\"potentialAction\":[{\"@type\":\"SearchAction\",\"target\":{\"@type\":\"EntryPoint\",\"urlTemplate\":\"https:\/\/karpaten-meat.com\/?s={search_term_string}\"},\"query-input\":\"required name=search_term_string\"}],\"inLanguage\":\"de\"}]}<\/script>\n<!-- \/ Yoast SEO plugin. -->","yoast_head_json":{"title":"ANGUSZUCHT - Karpaten Meat","robots":{"index":"index","follow":"follow","max-snippet":"max-snippet:-1","max-image-preview":"max-image-preview:large","max-video-preview":"max-video-preview:-1"},"canonical":"https:\/\/karpaten-meat.com\/reproductie\/bovinele-de-reproductie\/","og_locale":"de_DE","og_type":"article","og_title":"ANGUSZUCHT - Karpaten Meat","og_description":"[vc_row][vc_column][vc_gallery interval=&#8220;5&#8243; images=&#8220;625,624&#8243; img_size=&#8220;full&#8220; onclick=&#8220;&#8220; disable_navigation_arrows=&#8220;yes&#8220; show_navigation_controls=&#8220;yes&#8220;][\/vc_column][\/vc_row][vc_row][vc_column css=&#8220;.vc_custom_1487791914091{margin-bottom: 20px !important;}&#8220;][vc_column_text] ANGUSZUCHT [\/vc_column_text][\/vc_column][\/vc_row][vc_row][vc_column width=&#8220;1\/2&#8243;][vc_column_text] IDEAL F\u00dcR RUM\u00c4NISCHE WEIDEN! &nbsp; Die nat\u00fcrlichen Ressourcen Rum\u00e4niens bieten viele Vorteile...","og_url":"https:\/\/karpaten-meat.com\/reproductie\/bovinele-de-reproductie\/","og_site_name":"Karpaten Meat","article_modified_time":"2019-07-04T12:18:50+00:00","twitter_card":"summary_large_image","twitter_misc":{"Gesch\u00e4tzte Lesezeit":"3\u00a0Minuten"},"schema":{"@context":"https:\/\/schema.org","@graph":[{"@type":"WebPage","@id":"https:\/\/karpaten-meat.com\/reproductie\/bovinele-de-reproductie\/","url":"https:\/\/karpaten-meat.com\/reproductie\/bovinele-de-reproductie\/","name":"ANGUSZUCHT - Karpaten Meat","isPartOf":{"@id":"https:\/\/karpaten-meat.com\/#website"},"datePublished":"2019-07-02T11:39:37+00:00","dateModified":"2019-07-04T12:18:50+00:00","breadcrumb":{"@id":"https:\/\/karpaten-meat.com\/reproductie\/bovinele-de-reproductie\/#breadcrumb"},"inLanguage":"de","potentialAction":[{"@type":"ReadAction","target":["https:\/\/karpaten-meat.com\/reproductie\/bovinele-de-reproductie\/"]}]},{"@type":"BreadcrumbList","@id":"https:\/\/karpaten-meat.com\/reproductie\/bovinele-de-reproductie\/#breadcrumb","itemListElement":[{"@type":"ListItem","position":1,"name":"Prima pagin\u0103","item":"https:\/\/karpaten-meat.com\/de\/"},{"@type":"ListItem","position":2,"name":"ZUCHT","item":"https:\/\/karpaten-meat.com\/reproductie\/"},{"@type":"ListItem","position":3,"name":"ANGUSZUCHT"}]},{"@type":"WebSite","@id":"https:\/\/karpaten-meat.com\/#website","url":"https:\/\/karpaten-meat.com\/","name":"Karpaten Meat","description":"from grass to beef","potentialAction":[{"@type":"SearchAction","target":{"@type":"EntryPoint","urlTemplate":"https:\/\/karpaten-meat.com\/?s={search_term_string}"},"query-input":"required name=search_term_string"}],"inLanguage":"de"}]}},"_links":{"self":[{"href":"https:\/\/karpaten-meat.com\/de\/wp-json\/wp\/v2\/pages\/11889"}],"collection":[{"href":"https:\/\/karpaten-meat.com\/de\/wp-json\/wp\/v2\/pages"}],"about":[{"href":"https:\/\/karpaten-meat.com\/de\/wp-json\/wp\/v2\/types\/page"}],"author":[{"embeddable":true,"href":"https:\/\/karpaten-meat.com\/de\/wp-json\/wp\/v2\/users\/1"}],"replies":[{"embeddable":true,"href":"https:\/\/karpaten-meat.com\/de\/wp-json\/wp\/v2\/comments?post=11889"}],"version-history":[{"count":7,"href":"https:\/\/karpaten-meat.com\/de\/wp-json\/wp\/v2\/pages\/11889\/revisions"}],"predecessor-version":[{"id":11903,"href":"https:\/\/karpaten-meat.com\/de\/wp-json\/wp\/v2\/pages\/11889\/revisions\/11903"}],"up":[{"embeddable":true,"href":"https:\/\/karpaten-meat.com\/de\/wp-json\/wp\/v2\/pages\/11238"}],"wp:attachment":[{"href":"https:\/\/karpaten-meat.com\/de\/wp-json\/wp\/v2\/media?parent=11889"}],"curies":[{"name":"wp","href":"https:\/\/api.w.org\/{rel}","templated":true}]}}