{"id":11906,"date":"2019-07-03T06:45:45","date_gmt":"2019-07-03T06:45:45","guid":{"rendered":"https:\/\/karpaten-meat.com\/mast\/angusmast\/"},"modified":"2019-07-04T12:17:46","modified_gmt":"2019-07-04T12:17:46","slug":"angusmast","status":"publish","type":"page","link":"https:\/\/karpaten-meat.com\/de\/mast\/angusmast\/","title":{"rendered":"ANGUSMAST"},"content":{"rendered":"<div class=\"wpb-content-wrapper\"><p>[vc_row][vc_column][vc_gallery interval=&#8220;5&#8243; images=&#8220;628,627&#8243; img_size=&#8220;full&#8220; onclick=&#8220;&#8220; disable_navigation_arrows=&#8220;yes&#8220; show_navigation_controls=&#8220;yes&#8220;][\/vc_column][\/vc_row][vc_row][vc_column][vc_column_text]<\/p>\n<h3>ANGUSMAST<\/h3>\n<p>[\/vc_column_text][\/vc_column][\/vc_row][vc_row][vc_column width=&#8220;1\/2&#8243; css=&#8220;.vc_custom_1484143690019{margin-top: 20px !important;margin-bottom: 40px !important;}&#8220;][vc_column_text]\u00dcber die gesamte Lebenszeit der Rinder, von der Kalbung bis zur Schlachtung, richten wir unser Hauptaugenmerk auf ihre m\u00f6glichst gesunde und nat\u00fcrliche Ern\u00e4hrung. Die Weiden, auf denen die Tiere ihre Lebenszeit verbringen, sind entscheidend f\u00fcr hochwertige Fleischqualit\u00e4t. Die Rinder weiden im Jahresverlauf Gras, Klee, Luzerne, je nachdem, wessen ihr K\u00f6rper bedarf. W\u00e4hrend der Wintermonate werden sie mit\u00a0<a href=\"http:\/\/karpaten-meat.com\/group\/agriculture\/\"><strong>nat\u00fcrlichen Futtermitteln <\/strong><\/a>und Zusatzsilage gef\u00fcttert.<\/p>\n<p>&nbsp;<\/p>\n<p>Wir z\u00fcchten unsere Rinder umweltfreundlich und nachhaltig. Beim Grasen d\u00fcngen die Tiere den Boden und sorgen so f\u00fcr den gr\u00f6\u00dften Teil der notwendigen N\u00e4hrstoffe f\u00fcr die n\u00e4chste Grasernte.\u00a0<a href=\"http:\/\/karpaten-meat.com\/sales-beef\/angus-quality\/\"><strong>Die hohe Fleischqualit\u00e4t <\/strong><\/a><strong>entsteht auch als<\/strong> Ergebnis der Weidebehandlung durch die Rinder w\u00e4hrend der Aufzucht. In der stressarmen Umgebung, in der sie aufwachsen, sind die Rinder ruhiger, leichtf\u00fchriger, und das Endprodukt ist viel hochwertiger.[\/vc_column_text][\/vc_column][vc_column width=&#8220;1\/2&#8243; css=&#8220;.vc_custom_1491419812306{margin-top: 20px !important;margin-bottom: 40px !important;}&#8220;][vc_column_text]<a href=\"http:\/\/karpaten-meat.com\/breeding\/angus-breeding\/\"><strong>Angus<\/strong><\/a><strong>rinder<\/strong>\u00a0 bieten ihren Z\u00fcchtern viele Vorteile: Sie sind robust, pflegeleicht durch extensive Weidehaltung, ben\u00f6tigen kein Futterkonzentrat, zeigen eine gute Fleischleistung beim mittelrahmigem Typ. Das sind alles Wettbewerbsvorteile in einer Zeit, in der ein entsprechendes Management, niedrige Produktionskosten und Qualit\u00e4tsprodukte den Erfolg eines Untenehmens bestimmen.<\/p>\n<p>&nbsp;<\/p>\n<p><a href=\"http:\/\/karpaten-meat.com\/sales-beef\/angus-beef\/\"><strong>Das Rindfleisch aus Weidehaltung <\/strong><\/a>\u00a0wird den hohen Anspr\u00fcche des modernen Konsumenten gerecht, und Angus-Fleischrinder sind ideal f\u00fcr diese Haltungsart. Die \u00e4u\u00dferst widerstandsf\u00e4higen Angusrinder sind sehr pflegeleicht und wandeln das grobe Raufutter in Fleischmasse um. Als Z\u00fcchter kann man die teuere Konzentrat-Zuf\u00fctterung verzichten. Von der Bewirtschaftung her ist die Weidemast einfach und erziehlt im Vergleich zur Stallhaltung bedeutende Kostenersparnis.[\/vc_column_text][\/vc_column][\/vc_row][vc_row][vc_column css=&#8220;.vc_custom_1478860377967{margin-bottom: 40px !important;}&#8220;][vc_column_text]<strong>Vorteile der extensiven Mast:<\/strong><\/p>\n<ul>\n<li>Konzentratfutterersparnis \u2013 Kostenreduzierung.<\/li>\n<li>Effiziente Mast durch geringen Arbeitsaufwand (Weidehaltung).<\/li>\n<li>Minimale Anforderungen (Weide, offene St\u00e4lle) in Bezug auf Pflege der Tiere<\/li>\n<li>Einfache Bewirtschaftung und niedrige Produktionskosten.<\/li>\n<li>Fleischproduktion durch Weidehaltung verringert die Abh\u00e4ngigkeit vom Futtermittelmarkt.<\/li>\n<li>Heutzutage entscheidet der moderne Konsument beim Fleischkauf nach Preis-Leistungsverh\u00e4ltnis.<\/li>\n<li>Das Fleisch aus extensiver Produktion bringt \u00f6kologischen, ethischen und ern\u00e4hrungspsychologischen<\/li>\n<\/ul>\n<p>[\/vc_column_text][\/vc_column][\/vc_row]<\/p>\n<\/div>","protected":false},"excerpt":{"rendered":"<p>[vc_row][vc_column][vc_gallery interval=&#8220;5&#8243; images=&#8220;628,627&#8243; img_size=&#8220;full&#8220; onclick=&#8220;&#8220; disable_navigation_arrows=&#8220;yes&#8220; show_navigation_controls=&#8220;yes&#8220;][\/vc_column][\/vc_row][vc_row][vc_column][vc_column_text] ANGUSMAST [\/vc_column_text][\/vc_column][\/vc_row][vc_row][vc_column width=&#8220;1\/2&#8243; css=&#8220;.vc_custom_1484143690019{margin-top: 20px !important;margin-bottom: 40px !important;}&#8220;][vc_column_text]\u00dcber die gesamte Lebenszeit der Rinder, von der Kalbung bis zur&#8230;<\/p>\n","protected":false},"author":1,"featured_media":0,"parent":11257,"menu_order":0,"comment_status":"closed","ping_status":"closed","template":"","meta":{"_exactmetrics_skip_tracking":false,"_exactmetrics_sitenote_active":false,"_exactmetrics_sitenote_note":"","_exactmetrics_sitenote_category":0,"footnotes":""},"yoast_head":"<!-- This site is optimized with the Yoast SEO plugin v23.0 - https:\/\/yoast.com\/wordpress\/plugins\/seo\/ -->\n<title>ANGUSMAST - Karpaten Meat<\/title>\n<meta name=\"robots\" content=\"index, follow, max-snippet:-1, max-image-preview:large, max-video-preview:-1\" \/>\n<link rel=\"canonical\" href=\"https:\/\/karpaten-meat.com\/ingrasare\/ingrasarea-bovinelor\/\" \/>\n<meta property=\"og:locale\" content=\"de_DE\" \/>\n<meta property=\"og:type\" content=\"article\" \/>\n<meta property=\"og:title\" content=\"ANGUSMAST - Karpaten Meat\" \/>\n<meta property=\"og:description\" content=\"[vc_row][vc_column][vc_gallery interval=&#8220;5&#8243; images=&#8220;628,627&#8243; img_size=&#8220;full&#8220; onclick=&#8220;&#8220; disable_navigation_arrows=&#8220;yes&#8220; show_navigation_controls=&#8220;yes&#8220;][\/vc_column][\/vc_row][vc_row][vc_column][vc_column_text] ANGUSMAST [\/vc_column_text][\/vc_column][\/vc_row][vc_row][vc_column width=&#8220;1\/2&#8243; css=&#8220;.vc_custom_1484143690019{margin-top: 20px !important;margin-bottom: 40px !important;}&#8220;][vc_column_text]\u00dcber die gesamte Lebenszeit der Rinder, von der Kalbung bis zur...\" \/>\n<meta property=\"og:url\" content=\"https:\/\/karpaten-meat.com\/ingrasare\/ingrasarea-bovinelor\/\" \/>\n<meta property=\"og:site_name\" content=\"Karpaten Meat\" \/>\n<meta property=\"article:modified_time\" content=\"2019-07-04T12:17:46+00:00\" \/>\n<meta name=\"twitter:card\" content=\"summary_large_image\" \/>\n<meta name=\"twitter:label1\" content=\"Gesch\u00e4tzte Lesezeit\" \/>\n\t<meta name=\"twitter:data1\" content=\"2\u00a0Minuten\" \/>\n<script type=\"application\/ld+json\" class=\"yoast-schema-graph\">{\"@context\":\"https:\/\/schema.org\",\"@graph\":[{\"@type\":\"WebPage\",\"@id\":\"https:\/\/karpaten-meat.com\/ingrasare\/ingrasarea-bovinelor\/\",\"url\":\"https:\/\/karpaten-meat.com\/ingrasare\/ingrasarea-bovinelor\/\",\"name\":\"ANGUSMAST - Karpaten Meat\",\"isPartOf\":{\"@id\":\"https:\/\/karpaten-meat.com\/#website\"},\"datePublished\":\"2019-07-03T06:45:45+00:00\",\"dateModified\":\"2019-07-04T12:17:46+00:00\",\"breadcrumb\":{\"@id\":\"https:\/\/karpaten-meat.com\/ingrasare\/ingrasarea-bovinelor\/#breadcrumb\"},\"inLanguage\":\"de\",\"potentialAction\":[{\"@type\":\"ReadAction\",\"target\":[\"https:\/\/karpaten-meat.com\/ingrasare\/ingrasarea-bovinelor\/\"]}]},{\"@type\":\"BreadcrumbList\",\"@id\":\"https:\/\/karpaten-meat.com\/ingrasare\/ingrasarea-bovinelor\/#breadcrumb\",\"itemListElement\":[{\"@type\":\"ListItem\",\"position\":1,\"name\":\"Prima pagin\u0103\",\"item\":\"https:\/\/karpaten-meat.com\/de\/\"},{\"@type\":\"ListItem\",\"position\":2,\"name\":\"MAST\",\"item\":\"https:\/\/karpaten-meat.com\/ingrasare\/\"},{\"@type\":\"ListItem\",\"position\":3,\"name\":\"ANGUSMAST\"}]},{\"@type\":\"WebSite\",\"@id\":\"https:\/\/karpaten-meat.com\/#website\",\"url\":\"https:\/\/karpaten-meat.com\/\",\"name\":\"Karpaten Meat\",\"description\":\"from grass to beef\",\"potentialAction\":[{\"@type\":\"SearchAction\",\"target\":{\"@type\":\"EntryPoint\",\"urlTemplate\":\"https:\/\/karpaten-meat.com\/?s={search_term_string}\"},\"query-input\":\"required name=search_term_string\"}],\"inLanguage\":\"de\"}]}<\/script>\n<!-- \/ Yoast SEO plugin. -->","yoast_head_json":{"title":"ANGUSMAST - Karpaten Meat","robots":{"index":"index","follow":"follow","max-snippet":"max-snippet:-1","max-image-preview":"max-image-preview:large","max-video-preview":"max-video-preview:-1"},"canonical":"https:\/\/karpaten-meat.com\/ingrasare\/ingrasarea-bovinelor\/","og_locale":"de_DE","og_type":"article","og_title":"ANGUSMAST - Karpaten Meat","og_description":"[vc_row][vc_column][vc_gallery interval=&#8220;5&#8243; images=&#8220;628,627&#8243; img_size=&#8220;full&#8220; onclick=&#8220;&#8220; disable_navigation_arrows=&#8220;yes&#8220; show_navigation_controls=&#8220;yes&#8220;][\/vc_column][\/vc_row][vc_row][vc_column][vc_column_text] ANGUSMAST [\/vc_column_text][\/vc_column][\/vc_row][vc_row][vc_column width=&#8220;1\/2&#8243; css=&#8220;.vc_custom_1484143690019{margin-top: 20px !important;margin-bottom: 40px !important;}&#8220;][vc_column_text]\u00dcber die gesamte Lebenszeit der Rinder, von der Kalbung bis zur...","og_url":"https:\/\/karpaten-meat.com\/ingrasare\/ingrasarea-bovinelor\/","og_site_name":"Karpaten Meat","article_modified_time":"2019-07-04T12:17:46+00:00","twitter_card":"summary_large_image","twitter_misc":{"Gesch\u00e4tzte Lesezeit":"2\u00a0Minuten"},"schema":{"@context":"https:\/\/schema.org","@graph":[{"@type":"WebPage","@id":"https:\/\/karpaten-meat.com\/ingrasare\/ingrasarea-bovinelor\/","url":"https:\/\/karpaten-meat.com\/ingrasare\/ingrasarea-bovinelor\/","name":"ANGUSMAST - Karpaten Meat","isPartOf":{"@id":"https:\/\/karpaten-meat.com\/#website"},"datePublished":"2019-07-03T06:45:45+00:00","dateModified":"2019-07-04T12:17:46+00:00","breadcrumb":{"@id":"https:\/\/karpaten-meat.com\/ingrasare\/ingrasarea-bovinelor\/#breadcrumb"},"inLanguage":"de","potentialAction":[{"@type":"ReadAction","target":["https:\/\/karpaten-meat.com\/ingrasare\/ingrasarea-bovinelor\/"]}]},{"@type":"BreadcrumbList","@id":"https:\/\/karpaten-meat.com\/ingrasare\/ingrasarea-bovinelor\/#breadcrumb","itemListElement":[{"@type":"ListItem","position":1,"name":"Prima pagin\u0103","item":"https:\/\/karpaten-meat.com\/de\/"},{"@type":"ListItem","position":2,"name":"MAST","item":"https:\/\/karpaten-meat.com\/ingrasare\/"},{"@type":"ListItem","position":3,"name":"ANGUSMAST"}]},{"@type":"WebSite","@id":"https:\/\/karpaten-meat.com\/#website","url":"https:\/\/karpaten-meat.com\/","name":"Karpaten Meat","description":"from grass to beef","potentialAction":[{"@type":"SearchAction","target":{"@type":"EntryPoint","urlTemplate":"https:\/\/karpaten-meat.com\/?s={search_term_string}"},"query-input":"required name=search_term_string"}],"inLanguage":"de"}]}},"_links":{"self":[{"href":"https:\/\/karpaten-meat.com\/de\/wp-json\/wp\/v2\/pages\/11906"}],"collection":[{"href":"https:\/\/karpaten-meat.com\/de\/wp-json\/wp\/v2\/pages"}],"about":[{"href":"https:\/\/karpaten-meat.com\/de\/wp-json\/wp\/v2\/types\/page"}],"author":[{"embeddable":true,"href":"https:\/\/karpaten-meat.com\/de\/wp-json\/wp\/v2\/users\/1"}],"replies":[{"embeddable":true,"href":"https:\/\/karpaten-meat.com\/de\/wp-json\/wp\/v2\/comments?post=11906"}],"version-history":[{"count":2,"href":"https:\/\/karpaten-meat.com\/de\/wp-json\/wp\/v2\/pages\/11906\/revisions"}],"predecessor-version":[{"id":11908,"href":"https:\/\/karpaten-meat.com\/de\/wp-json\/wp\/v2\/pages\/11906\/revisions\/11908"}],"up":[{"embeddable":true,"href":"https:\/\/karpaten-meat.com\/de\/wp-json\/wp\/v2\/pages\/11257"}],"wp:attachment":[{"href":"https:\/\/karpaten-meat.com\/de\/wp-json\/wp\/v2\/media?parent=11906"}],"curies":[{"name":"wp","href":"https:\/\/api.w.org\/{rel}","templated":true}]}}