{"id":11909,"date":"2019-07-03T06:58:07","date_gmt":"2019-07-03T06:58:07","guid":{"rendered":"https:\/\/karpaten-meat.com\/mast\/mastbetrieb\/"},"modified":"2019-07-04T12:18:11","modified_gmt":"2019-07-04T12:18:11","slug":"mastbetrieb","status":"publish","type":"page","link":"https:\/\/karpaten-meat.com\/de\/mast\/mastbetrieb\/","title":{"rendered":"MASTBETRIEB"},"content":{"rendered":"<div class=\"wpb-content-wrapper\"><p>[vc_row][vc_column][vc_gallery interval=&#8220;5&#8243; images=&#8220;637,4037&#8243; img_size=&#8220;full&#8220; onclick=&#8220;&#8220; disable_navigation_arrows=&#8220;yes&#8220; show_navigation_controls=&#8220;yes&#8220;][\/vc_column][\/vc_row][vc_row][vc_column][vc_column_text]<\/p>\n<h3>MASTBETRIEB<\/h3>\n<p>[\/vc_column_text][\/vc_column][\/vc_row][vc_row][vc_column width=&#8220;1\/2&#8243; css=&#8220;.vc_custom_1484144442325{margin-top: 20px !important;margin-bottom: 40px !important;}&#8220;][vc_column_text]2013 begann die Modernisierungsarbeit an den Mastst\u00e4llen in Alzen. 6 bereits existierende St\u00e4lle wurden erneuert und umgebaut, um so f\u00fcr eine anforderungsgerechte Bewirtschaftung der Angus-Rinder zu sorgen. Dabei war die bedeutendste Investition der komplette Neubau eines Stalles als Quarant\u00e4nestation, ein offener Stall aus Beton und Holz mit einer Kapazit\u00e4t von 500 Tieren.[\/vc_column_text][\/vc_column][vc_column width=&#8220;1\/2&#8243; css=&#8220;.vc_custom_1484144437797{margin-top: 20px !important;margin-bottom: 40px !important;}&#8220;][vc_column_text]Dieser Stall wird als Sammelstelle f\u00fcr Angusk\u00e4lber oder Kreuzungsk\u00e4lber aus Angus und Rum\u00e4nischem Fleckvieh dienen. Hier finden Quarant\u00e4ne, Wiegen, Impfung und Selektion der zur\u00fcckgekauften K\u00e4lber, die danach zur Ausmast auf andere St\u00e4lle aufgeteilt werden. Die Farm in Alzen, mit den ungebauten sowie dem neuen Stall hat eine Gesamtkapazit\u00e4t von 2000 Tieren und ist die dritte Farm der Unternehmensgruppe Karpaten Meat.[\/vc_column_text][\/vc_column][\/vc_row][vc_row][vc_column css=&#8220;.vc_custom_1484141368689{margin-top: 0px !important;margin-bottom: 20px !important;}&#8220;][vc_column_text]<\/p>\n<h4><strong>2013 \u2013 Renovierungsbeginn an St\u00e4lle f\u00fcr Mastk\u00e4lber <\/strong><\/h4>\n<p>[\/vc_column_text][\/vc_column][\/vc_row][vc_row][vc_column width=&#8220;1\/2&#8243; css=&#8220;.vc_custom_1484141380451{margin-bottom: 20px !important;}&#8220;]<div class='image_hover ' style='' data-transition-delay=''><div class='images_holder'><img class='active_image ' src='https:\/\/karpaten-meat.com\/wp-content\/uploads\/2016\/11\/Foto2.jpg' alt='' style='' \/><img class='hover_image' src='https:\/\/karpaten-meat.com\/wp-content\/uploads\/2016\/11\/IMG_1033.jpg' alt='' style='' \/><\/div><\/div>[\/vc_column][vc_column width=&#8220;1\/2&#8243; css=&#8220;.vc_custom_1484141433561{margin-bottom: 20px !important;}&#8220;]<div class='image_hover ' style='' data-transition-delay=''><div class='images_holder'><img class='active_image ' src='https:\/\/karpaten-meat.com\/wp-content\/uploads\/2016\/11\/SAM_0657.jpg' alt='' style='' \/><img class='hover_image' src='https:\/\/karpaten-meat.com\/wp-content\/uploads\/2016\/11\/IMG_1034.jpg' alt='' style='' \/><\/div><\/div>[\/vc_column][\/vc_row][vc_row][vc_column width=&#8220;1\/2&#8243; css=&#8220;.vc_custom_1491245148129{margin-top: 10px !important;margin-bottom: 20px !important;}&#8220;]<div class='image_hover ' style='' data-transition-delay=''><div class='images_holder'><img class='active_image ' src='https:\/\/karpaten-meat.com\/wp-content\/uploads\/2016\/11\/DSC05857.jpg' alt='' style='' \/><img class='hover_image' src='https:\/\/karpaten-meat.com\/wp-content\/uploads\/2016\/11\/IMG_1036.jpg' alt='' style='' \/><\/div><\/div>[\/vc_column][vc_column width=&#8220;1\/2&#8243; css=&#8220;.vc_custom_1491245159203{margin-top: 10px !important;margin-bottom: 20px !important;}&#8220;]<div class='image_hover ' style='' data-transition-delay=''><div class='images_holder'><img class='active_image ' src='https:\/\/karpaten-meat.com\/wp-content\/uploads\/2016\/11\/IMG_1619.jpg' alt='' style='' \/><img class='hover_image' src='https:\/\/karpaten-meat.com\/wp-content\/uploads\/2016\/11\/IMG_1045.jpg' alt='' style='' \/><\/div><\/div>[\/vc_column][\/vc_row][vc_row][vc_column css=&#8220;.vc_custom_1478716879609{margin-top: 0px !important;margin-bottom: 20px !important;}&#8220;][vc_column_text]<\/p>\n<h4><strong>Anfang 2014 werden die neuen Quarant\u00e4nest\u00e4lle f\u00fcr 500 K\u00e4lber fertiggestellt<\/strong><\/h4>\n<p>[\/vc_column_text][\/vc_column][\/vc_row][vc_row][vc_column width=&#8220;1\/2&#8243; css=&#8220;.vc_custom_1484141386372{margin-bottom: 20px !important;}&#8220;]<div class='image_hover ' style='' data-transition-delay=''><div class='images_holder'><img class='active_image ' src='https:\/\/karpaten-meat.com\/wp-content\/uploads\/2016\/11\/IMG_1623.jpg' alt='' style='' \/><img class='hover_image' src='https:\/\/karpaten-meat.com\/wp-content\/uploads\/2016\/11\/IMG_1714.jpg' alt='' style='' \/><\/div><\/div>[\/vc_column][vc_column width=&#8220;1\/2&#8243; css=&#8220;.vc_custom_1484141440103{margin-bottom: 20px !important;}&#8220;]<div class='image_hover ' style='' data-transition-delay=''><div class='images_holder'><img class='active_image ' src='https:\/\/karpaten-meat.com\/wp-content\/uploads\/2016\/11\/IMG_1882.jpg' alt='' style='' \/><img class='hover_image' src='https:\/\/karpaten-meat.com\/wp-content\/uploads\/2016\/11\/IMG_1873.jpg' alt='' style='' \/><\/div><\/div>[\/vc_column][\/vc_row][vc_row][vc_column width=&#8220;1\/2&#8243; css=&#8220;.vc_custom_1484141386372{margin-bottom: 20px !important;}&#8220;]<div class='image_hover ' style='' data-transition-delay=''><div class='images_holder'><img class='active_image ' src='https:\/\/karpaten-meat.com\/wp-content\/uploads\/2016\/11\/Foto.jpg' alt='' style='' \/><img class='hover_image' src='https:\/\/karpaten-meat.com\/wp-content\/uploads\/2016\/11\/DSC1233.jpg' alt='' style='' \/><\/div><\/div>[\/vc_column][vc_column width=&#8220;1\/2&#8243; css=&#8220;.vc_custom_1484141440103{margin-bottom: 20px !important;}&#8220;]<div class='image_hover ' style='' data-transition-delay=''><div class='images_holder'><img class='active_image ' src='https:\/\/karpaten-meat.com\/wp-content\/uploads\/2016\/11\/KM-JAM-072.jpg' alt='' style='' \/><img class='hover_image' src='https:\/\/karpaten-meat.com\/wp-content\/uploads\/2016\/11\/DSC1196.jpg' alt='' style='' \/><\/div><\/div>[\/vc_column][\/vc_row][vc_row][vc_column css=&#8220;.vc_custom_1478716879609{margin-top: 0px !important;margin-bottom: 20px !important;}&#8220;][vc_column_text]<\/p>\n<h4><strong>2014 \u2013 Einrichtung von Wiege- und Behandlungsst\u00e4nden auf den Mastbetrieb<\/strong><\/h4>\n<p>[\/vc_column_text][\/vc_column][\/vc_row][vc_row][vc_column width=&#8220;1\/2&#8243; css=&#8220;.vc_custom_1484141397037{margin-bottom: 20px !important;}&#8220;]<div class='image_hover ' style='' data-transition-delay=''><div class='images_holder'><img class='active_image ' src='https:\/\/karpaten-meat.com\/wp-content\/uploads\/2016\/11\/KM-JAM-068.jpg' alt='' style='' \/><img class='hover_image' src='https:\/\/karpaten-meat.com\/wp-content\/uploads\/2016\/11\/IMG_1622.jpg' alt='' style='' \/><\/div><\/div>[\/vc_column][vc_column width=&#8220;1\/2&#8243; css=&#8220;.vc_custom_1484141453552{margin-bottom: 20px !important;}&#8220;]<div class='image_hover ' style='' data-transition-delay=''><div class='images_holder'><img class='active_image ' src='https:\/\/karpaten-meat.com\/wp-content\/uploads\/2016\/11\/SAM_0624.jpg' alt='' style='' \/><img class='hover_image' src='https:\/\/karpaten-meat.com\/wp-content\/uploads\/2016\/11\/IMG_1042.jpg' alt='' style='' \/><\/div><\/div>[\/vc_column][\/vc_row][vc_row][vc_column css=&#8220;.vc_custom_1478716879609{margin-top: 0px !important;margin-bottom: 20px !important;}&#8220;][vc_column_text]<\/p>\n<h4><strong>2015 \u2013 Bau von St\u00e4llen zur Ausmast der K\u00e4lber mit Bewegungsraum zur Bildung des Zwischenmuskelfetts .<\/strong><\/h4>\n<p>[\/vc_column_text][\/vc_column][\/vc_row][vc_row][vc_column width=&#8220;1\/2&#8243; css=&#8220;.vc_custom_1484141397037{margin-bottom: 20px !important;}&#8220;]<div class='image_hover ' style='' data-transition-delay=''><div class='images_holder'><img class='active_image ' src='https:\/\/karpaten-meat.com\/wp-content\/uploads\/2016\/11\/IMG_2252.jpg' alt='' style='' \/><img class='hover_image' src='https:\/\/karpaten-meat.com\/wp-content\/uploads\/2016\/11\/IMG_1511.jpg' alt='' style='' \/><\/div><\/div>[\/vc_column][vc_column width=&#8220;1\/2&#8243; css=&#8220;.vc_custom_1484141453552{margin-bottom: 20px !important;}&#8220;]<div class='image_hover ' style='' data-transition-delay=''><div class='images_holder'><img class='active_image ' src='https:\/\/karpaten-meat.com\/wp-content\/uploads\/2016\/11\/KM3_JAMMER150.jpg' alt='' style='' \/><img class='hover_image' src='https:\/\/karpaten-meat.com\/wp-content\/uploads\/2016\/11\/IMG_1516.jpg' alt='' style='' \/><\/div><\/div>[\/vc_column][\/vc_row][vc_row][vc_column css=&#8220;.vc_custom_1491246238225{margin-top: 10px !important;margin-bottom: 60px !important;}&#8220;]<div class='image_hover ' style='' data-transition-delay=''><div class='images_holder'><img class='active_image ' src='https:\/\/karpaten-meat.com\/wp-content\/uploads\/2016\/11\/KM-15-148.jpg' alt='' style='' \/><img class='hover_image' src='https:\/\/karpaten-meat.com\/wp-content\/uploads\/2016\/11\/KM-15-113.jpg' alt='' style='' \/><\/div><\/div>[\/vc_column][\/vc_row]<\/p>\n<\/div>","protected":false},"excerpt":{"rendered":"<p>[vc_row][vc_column][vc_gallery interval=&#8220;5&#8243; images=&#8220;637,4037&#8243; img_size=&#8220;full&#8220; onclick=&#8220;&#8220; disable_navigation_arrows=&#8220;yes&#8220; show_navigation_controls=&#8220;yes&#8220;][\/vc_column][\/vc_row][vc_row][vc_column][vc_column_text] MASTBETRIEB [\/vc_column_text][\/vc_column][\/vc_row][vc_row][vc_column width=&#8220;1\/2&#8243; css=&#8220;.vc_custom_1484144442325{margin-top: 20px !important;margin-bottom: 40px !important;}&#8220;][vc_column_text]2013 begann die Modernisierungsarbeit an den Mastst\u00e4llen in Alzen. 6 bereits&#8230;<\/p>\n","protected":false},"author":1,"featured_media":0,"parent":11257,"menu_order":0,"comment_status":"closed","ping_status":"closed","template":"","meta":{"_exactmetrics_skip_tracking":false,"_exactmetrics_sitenote_active":false,"_exactmetrics_sitenote_note":"","_exactmetrics_sitenote_category":0,"footnotes":""},"yoast_head":"<!-- This site is optimized with the Yoast SEO plugin v23.0 - https:\/\/yoast.com\/wordpress\/plugins\/seo\/ -->\n<title>MASTBETRIEB - Karpaten Meat<\/title>\n<meta name=\"robots\" content=\"index, follow, max-snippet:-1, max-image-preview:large, max-video-preview:-1\" \/>\n<link rel=\"canonical\" href=\"https:\/\/karpaten-meat.com\/ingrasare\/ferma-de-ingrasare\/\" \/>\n<meta property=\"og:locale\" content=\"de_DE\" \/>\n<meta property=\"og:type\" content=\"article\" \/>\n<meta property=\"og:title\" content=\"MASTBETRIEB - Karpaten Meat\" \/>\n<meta property=\"og:description\" content=\"[vc_row][vc_column][vc_gallery interval=&#8220;5&#8243; images=&#8220;637,4037&#8243; img_size=&#8220;full&#8220; onclick=&#8220;&#8220; disable_navigation_arrows=&#8220;yes&#8220; show_navigation_controls=&#8220;yes&#8220;][\/vc_column][\/vc_row][vc_row][vc_column][vc_column_text] MASTBETRIEB [\/vc_column_text][\/vc_column][\/vc_row][vc_row][vc_column width=&#8220;1\/2&#8243; css=&#8220;.vc_custom_1484144442325{margin-top: 20px !important;margin-bottom: 40px !important;}&#8220;][vc_column_text]2013 begann die Modernisierungsarbeit an den Mastst\u00e4llen in Alzen. 6 bereits...\" \/>\n<meta property=\"og:url\" content=\"https:\/\/karpaten-meat.com\/ingrasare\/ferma-de-ingrasare\/\" \/>\n<meta property=\"og:site_name\" content=\"Karpaten Meat\" \/>\n<meta property=\"article:modified_time\" content=\"2019-07-04T12:18:11+00:00\" \/>\n<meta name=\"twitter:card\" content=\"summary_large_image\" \/>\n<meta name=\"twitter:label1\" content=\"Gesch\u00e4tzte Lesezeit\" \/>\n\t<meta name=\"twitter:data1\" content=\"3\u00a0Minuten\" \/>\n<script type=\"application\/ld+json\" class=\"yoast-schema-graph\">{\"@context\":\"https:\/\/schema.org\",\"@graph\":[{\"@type\":\"WebPage\",\"@id\":\"https:\/\/karpaten-meat.com\/ingrasare\/ferma-de-ingrasare\/\",\"url\":\"https:\/\/karpaten-meat.com\/ingrasare\/ferma-de-ingrasare\/\",\"name\":\"MASTBETRIEB - Karpaten Meat\",\"isPartOf\":{\"@id\":\"https:\/\/karpaten-meat.com\/#website\"},\"datePublished\":\"2019-07-03T06:58:07+00:00\",\"dateModified\":\"2019-07-04T12:18:11+00:00\",\"breadcrumb\":{\"@id\":\"https:\/\/karpaten-meat.com\/ingrasare\/ferma-de-ingrasare\/#breadcrumb\"},\"inLanguage\":\"de\",\"potentialAction\":[{\"@type\":\"ReadAction\",\"target\":[\"https:\/\/karpaten-meat.com\/ingrasare\/ferma-de-ingrasare\/\"]}]},{\"@type\":\"BreadcrumbList\",\"@id\":\"https:\/\/karpaten-meat.com\/ingrasare\/ferma-de-ingrasare\/#breadcrumb\",\"itemListElement\":[{\"@type\":\"ListItem\",\"position\":1,\"name\":\"Prima pagin\u0103\",\"item\":\"https:\/\/karpaten-meat.com\/de\/\"},{\"@type\":\"ListItem\",\"position\":2,\"name\":\"MAST\",\"item\":\"https:\/\/karpaten-meat.com\/ingrasare\/\"},{\"@type\":\"ListItem\",\"position\":3,\"name\":\"MASTBETRIEB\"}]},{\"@type\":\"WebSite\",\"@id\":\"https:\/\/karpaten-meat.com\/#website\",\"url\":\"https:\/\/karpaten-meat.com\/\",\"name\":\"Karpaten Meat\",\"description\":\"from grass to beef\",\"potentialAction\":[{\"@type\":\"SearchAction\",\"target\":{\"@type\":\"EntryPoint\",\"urlTemplate\":\"https:\/\/karpaten-meat.com\/?s={search_term_string}\"},\"query-input\":\"required name=search_term_string\"}],\"inLanguage\":\"de\"}]}<\/script>\n<!-- \/ Yoast SEO plugin. -->","yoast_head_json":{"title":"MASTBETRIEB - Karpaten Meat","robots":{"index":"index","follow":"follow","max-snippet":"max-snippet:-1","max-image-preview":"max-image-preview:large","max-video-preview":"max-video-preview:-1"},"canonical":"https:\/\/karpaten-meat.com\/ingrasare\/ferma-de-ingrasare\/","og_locale":"de_DE","og_type":"article","og_title":"MASTBETRIEB - Karpaten Meat","og_description":"[vc_row][vc_column][vc_gallery interval=&#8220;5&#8243; images=&#8220;637,4037&#8243; img_size=&#8220;full&#8220; onclick=&#8220;&#8220; disable_navigation_arrows=&#8220;yes&#8220; show_navigation_controls=&#8220;yes&#8220;][\/vc_column][\/vc_row][vc_row][vc_column][vc_column_text] MASTBETRIEB [\/vc_column_text][\/vc_column][\/vc_row][vc_row][vc_column width=&#8220;1\/2&#8243; css=&#8220;.vc_custom_1484144442325{margin-top: 20px !important;margin-bottom: 40px !important;}&#8220;][vc_column_text]2013 begann die Modernisierungsarbeit an den Mastst\u00e4llen in Alzen. 6 bereits...","og_url":"https:\/\/karpaten-meat.com\/ingrasare\/ferma-de-ingrasare\/","og_site_name":"Karpaten Meat","article_modified_time":"2019-07-04T12:18:11+00:00","twitter_card":"summary_large_image","twitter_misc":{"Gesch\u00e4tzte Lesezeit":"3\u00a0Minuten"},"schema":{"@context":"https:\/\/schema.org","@graph":[{"@type":"WebPage","@id":"https:\/\/karpaten-meat.com\/ingrasare\/ferma-de-ingrasare\/","url":"https:\/\/karpaten-meat.com\/ingrasare\/ferma-de-ingrasare\/","name":"MASTBETRIEB - Karpaten Meat","isPartOf":{"@id":"https:\/\/karpaten-meat.com\/#website"},"datePublished":"2019-07-03T06:58:07+00:00","dateModified":"2019-07-04T12:18:11+00:00","breadcrumb":{"@id":"https:\/\/karpaten-meat.com\/ingrasare\/ferma-de-ingrasare\/#breadcrumb"},"inLanguage":"de","potentialAction":[{"@type":"ReadAction","target":["https:\/\/karpaten-meat.com\/ingrasare\/ferma-de-ingrasare\/"]}]},{"@type":"BreadcrumbList","@id":"https:\/\/karpaten-meat.com\/ingrasare\/ferma-de-ingrasare\/#breadcrumb","itemListElement":[{"@type":"ListItem","position":1,"name":"Prima pagin\u0103","item":"https:\/\/karpaten-meat.com\/de\/"},{"@type":"ListItem","position":2,"name":"MAST","item":"https:\/\/karpaten-meat.com\/ingrasare\/"},{"@type":"ListItem","position":3,"name":"MASTBETRIEB"}]},{"@type":"WebSite","@id":"https:\/\/karpaten-meat.com\/#website","url":"https:\/\/karpaten-meat.com\/","name":"Karpaten Meat","description":"from grass to beef","potentialAction":[{"@type":"SearchAction","target":{"@type":"EntryPoint","urlTemplate":"https:\/\/karpaten-meat.com\/?s={search_term_string}"},"query-input":"required name=search_term_string"}],"inLanguage":"de"}]}},"_links":{"self":[{"href":"https:\/\/karpaten-meat.com\/de\/wp-json\/wp\/v2\/pages\/11909"}],"collection":[{"href":"https:\/\/karpaten-meat.com\/de\/wp-json\/wp\/v2\/pages"}],"about":[{"href":"https:\/\/karpaten-meat.com\/de\/wp-json\/wp\/v2\/types\/page"}],"author":[{"embeddable":true,"href":"https:\/\/karpaten-meat.com\/de\/wp-json\/wp\/v2\/users\/1"}],"replies":[{"embeddable":true,"href":"https:\/\/karpaten-meat.com\/de\/wp-json\/wp\/v2\/comments?post=11909"}],"version-history":[{"count":1,"href":"https:\/\/karpaten-meat.com\/de\/wp-json\/wp\/v2\/pages\/11909\/revisions"}],"predecessor-version":[{"id":11910,"href":"https:\/\/karpaten-meat.com\/de\/wp-json\/wp\/v2\/pages\/11909\/revisions\/11910"}],"up":[{"embeddable":true,"href":"https:\/\/karpaten-meat.com\/de\/wp-json\/wp\/v2\/pages\/11257"}],"wp:attachment":[{"href":"https:\/\/karpaten-meat.com\/de\/wp-json\/wp\/v2\/media?parent=11909"}],"curies":[{"name":"wp","href":"https:\/\/api.w.org\/{rel}","templated":true}]}}