{"id":11915,"date":"2019-07-03T09:42:46","date_gmt":"2019-07-03T09:42:46","guid":{"rendered":"https:\/\/karpaten-meat.com\/rindervermarktung\/angus-samenmaterial\/"},"modified":"2019-07-04T12:08:45","modified_gmt":"2019-07-04T12:08:45","slug":"angus-samenmaterial","status":"publish","type":"page","link":"https:\/\/karpaten-meat.com\/de\/rindervermarktung\/angus-samenmaterial\/","title":{"rendered":"ANGUS &#8211; SAMENMATERIAL"},"content":{"rendered":"<div class=\"wpb-content-wrapper\"><p>[vc_row][vc_column][\/vc_column][\/vc_row][vc_row][vc_column][vc_gallery interval=&#8220;5&#8243; images=&#8220;841,840&#8243; img_size=&#8220;full&#8220; onclick=&#8220;&#8220; disable_navigation_arrows=&#8220;yes&#8220; show_navigation_controls=&#8220;yes&#8220;][\/vc_column][\/vc_row][vc_row][vc_column css=&#8220;.vc_custom_1487791914091{margin-bottom: 20px !important;}&#8220;][vc_column_text]<\/p>\n<h3>ANGUS SAMENMATERIAL<\/h3>\n<p>[\/vc_column_text][\/vc_column][\/vc_row][vc_row][vc_column width=&#8220;1\/2&#8243;][vc_column_text]<\/p>\n<h4>Verbesserung der Rinderrassen<\/h4>\n<p>Bei KarpatenMeat halten wir die Verbesserung der Rinderrassen und die Produktion von genetisch hochwertigen K\u00e4lbern f\u00fcr wichtig. Deshalb verwenden wir sorgf\u00e4ltig ausgew\u00e4hltes Besamungsmaterial von erstklassigen Zuchtbullen mit international anerkannter Genetik.[\/vc_column_text][\/vc_column][vc_column width=&#8220;1\/2&#8243; css=&#8220;.vc_custom_1490545050080{margin-top: 34px !important;}&#8220;][vc_column_text]Karpaten Meat vermarktet Samenmaterial der Rasse Angus mit hohem genetischen Potenzial, bietet\u00a0<a href=\"http:\/\/karpaten-meat.com\/sales-cattle\/consulting\/\"><strong>Beratung bei der Selektion der Zuchtbullen und bei der Verbesserung der Produktionsleistung<\/strong><\/a>, sowohl f\u00fcr Fleischrinder als auch f\u00fcr Fleckvieh.[\/vc_column_text][\/vc_column][\/vc_row][vc_row][vc_column css=&#8220;.vc_custom_1491252681257{margin-top: 20px !important;}&#8220;][vc_column_text]<strong>Weitere Details zu den Bullen, von denen die Samen ausgew\u00e4hlt wurden, finden Sie unten:<\/strong>[\/vc_column_text][\/vc_column][\/vc_row][vc_row][vc_column css=&#8220;.vc_custom_1491252702733{margin-top: 30px !important;margin-bottom: 30px !important;}&#8220;][vc_column_text el_class=&#8220;alignleft&#8220;]<\/p>\n<table style=\"float: left;\">\n<tbody>\n<tr>\n<td style=\"text-align: left;\"><strong>Nr.<\/strong><\/td>\n<td style=\"text-align: left;\"><strong>Name der Bulle<\/strong><\/td>\n<td style=\"text-align: left;\"><strong>\u00a0Ohrmarke<\/strong><\/td>\n<td style=\"text-align: left;\"><strong>Code\u00a0<\/strong><\/td>\n<td style=\"text-align: left; width: 150px;\"><strong>Name der Vater<\/strong><\/td>\n<td style=\"text-align: left; width: 500px;\"><strong>Leistungsmerkmale<\/strong><\/td>\n<\/tr>\n<tr>\n<td style=\"text-align: left;\"><span style=\"font-weight: 400;\">1.<\/span><\/td>\n<td style=\"text-align: left;\"><strong>DM BOYFRIEND F883 (AA)<\/strong><\/td>\n<td style=\"text-align: left;\"><span style=\"font-weight: 400;\">204334<\/span><\/td>\n<td style=\"text-align: left;\"><span style=\"font-weight: 400;\">\u00a053067<\/span><\/td>\n<td style=\"text-align: left;\"><span style=\"font-weight: 400;\">Australia Temania<\/span> <span style=\"font-weight: 400;\">Bartel B219<\/span><\/td>\n<td>\n<p style=\"text-align: left;\"><strong>The Steakmaker<\/strong><\/p>\n<p style=\"text-align: left;\"><span style=\"font-weight: 400;\">\u2022 Top Traitleader R\u00fcckenmuskelfl\u00e4che in UK\/AUS\/NZ\u00a0<\/span>&#8211; Top 1% IMF Intramuskul\u00e4res Fett &#8211; 132 cm2 EMA \u2013 R\u00fcckenmuskelfl\u00e4che mit 12 Monaten und 612 kg Lebendgewicht<\/p>\n<\/td>\n<\/tr>\n<tr>\n<td style=\"text-align: left;\"><span style=\"font-weight: 400;\">2.<\/span><\/td>\n<td style=\"text-align: left;\"><strong>DM EU-TIGER F726 (AA)<\/strong><\/td>\n<td style=\"text-align: left;\"><span style=\"font-weight: 400;\">204333<\/span><\/td>\n<td style=\"text-align: left;\"><span style=\"font-weight: 400;\">53065<\/span><\/td>\n<td style=\"text-align: left;\"><span style=\"font-weight: 400;\">Canadian Champion Sire<\/span> <span style=\"font-weight: 400;\">HF Tiger 5T<\/span><\/td>\n<td>\n<p style=\"text-align: left;\"><strong>F\u00fcr Kalbinnen geeignet<\/strong><\/p>\n<p style=\"text-align: left;\"><span style=\"font-weight: 400;\">\u2022 Leichtkalbigkeit mit Verringerung der Tragezeit<\/span>\u00a0<span style=\"font-weight: 400;\">\u2022\u00a0 2008 &#8211; Sieger des Canadian Summer<\/span> <span style=\"font-weight: 400;\">\u2022 2009 &#8211; 1. Preis Sieger des World Angus Forum<\/span><\/p>\n<\/td>\n<\/tr>\n<tr>\n<td style=\"text-align: left;\"><span style=\"font-weight: 400;\">3.<\/span><\/td>\n<td style=\"text-align: left;\"><b>DM TIGER G183 (AA)<\/b><\/td>\n<td style=\"text-align: left;\">\u00a007183<\/td>\n<td style=\"text-align: left;\"><\/td>\n<td style=\"text-align: left;\"><span style=\"font-weight: 400;\">Canadian Champion Sire<\/span> <span style=\"font-weight: 400;\">HF Tiger 5T<\/span><\/td>\n<td>\n<p style=\"text-align: left;\"><strong>Rentabilit\u00e4t<\/strong><\/p>\n<p style=\"text-align: left;\"><span style=\"font-weight: 400;\">\u2022 Empfohlen f\u00fcr Premium- Fleischproduktion, Fleischf\u00fclle und Marmorierung<\/span><\/p>\n<p style=\"text-align: left;\"><span style=\"font-weight: 400;\">\u2022 Empfohlene Kreuzung, da leichtes Abkalben m\u00f6glich ist<\/span><\/p>\n<p style=\"text-align: left;\">\n<\/td>\n<\/tr>\n<\/tbody>\n<\/table>\n<p>[\/vc_column_text][\/vc_column][\/vc_row][vc_row][vc_column width=&#8220;1\/2&#8243; css=&#8220;.vc_custom_1484137261287{margin-bottom: 40px !important;}&#8220;][vc_column_text]<strong>Kreuzungen von Angus mit Rum\u00e4nischem Fleckvieh<\/strong><\/p>\n<p>Dank der dominanten Merkmale der Angus-Bullen wird die Rasse erfolgreich mit Rum\u00e4nischem Fleckvieh gekreuzt, vor allem zum Erzielen von mittelrahmigen erstklassigen K\u00e4lbern mit schnellem Wachstum, mit hoher durchschnittlicher Tageszunahme durch Milchf\u00fctterung und Weidegras, leicht abgekalbt, mit hoher Schlachtleistung. Die Kreuzungsk\u00e4lber sind robust, anpassungsf\u00e4hig an Umweltbedingungen und an extensive Weidehaltung sowie gute Grasverwerter.<\/p>\n<p><strong>\u00a0<\/strong><\/p>\n<p><strong>Reproduktion f\u00fcr hohe Leistung<\/strong><\/p>\n<p>Heutzutage wendet man immer \u00f6fter in der Rinderzucht um die Leistung zu steigen assistierte Befruchtungstechniken an. Dabei kann auf den <a href=\"http:\/\/karpaten-meat.com\/sales-cattle\/angus-cattle\/\"><strong>Natursprung<\/strong><\/a>\u00a0 mit erstklassigen Deckbullen zur\u00fcckgegriffen oder Samenmaterial von hochwertigen Bullen mit Top-Genetik der Rasse Aberdeen Angus einsetzen, um K\u00e4lber mit hoher durchschnittlicher Tageszunahme durch Milchf\u00fctterung und Weidegras zu erzielen. So wird der genetische Fortschritt beschleunigt und der Ertrag des Betriebs gesteigert.<\/p>\n<p>&nbsp;<\/p>\n<p><strong>Bestellungen bitte \u00fcber:\u00a0\u00a0<\/strong><a href=\"mailto:info@karpaten-meat.com\">\u00a0<strong>info@karpaten-meat.com<\/strong>\u00a0<\/a><strong>\u00a0 oder rufen Sie uns einfach an: Tel. 0040-269-232977.<\/strong>[\/vc_column_text][\/vc_column][vc_column width=&#8220;1\/2&#8243; css=&#8220;.vc_custom_1484137267665{margin-bottom: 40px !important;}&#8220;][vc_column_text]<a href=\"http:\/\/karpaten-meat.com\/breeding\/\"><strong>Herausragende Ergebnisse f\u00fcr uns und unsere Partner<\/strong><\/a><\/p>\n<p>F\u00fcr eine wirtschaftliche Mutterkuhhaltung ist nicht nur eine effiziente Produktionstechnik sondern auch eine standortangepasste und marktkonforme Genetik wesentlich. Dabei dient der weltweite Genpool der Rasse Aberdeen Angus als Selektionsbasis. Neben Standardpr\u00fcfungen wenden wir auch zus\u00e4tzliche Selektionsmethoden an, wie zum Beispiel Ultraschallmessung der R\u00fcckenmuskelfl\u00e4che sowie genetische Testverfahren auf Zartheit, Marmorierung und Futterverwertung.<\/p>\n<p>&nbsp;<\/p>\n<p>&nbsp;<\/p>\n<p><a href=\"http:\/\/karpaten-meat.com\/sales-cattle\/calves-acquisition\/\"><strong>Karpaten Meat w\u00fcnscht sich gesunde, schnellwachsende Jungtiere<\/strong><\/a> mit vollfleischigem Schlachtk\u00f6rper von besonderer Qualit\u00e4t, die uns und unseren Partnern hervorragende Ergebnisse garantieren und auf dem Markt wettbewerbsf\u00e4hige Preise erzielen.<\/p>\n<p>&nbsp;<\/p>\n<p><strong>Schauen Sie sich folgende Kataloge an:<\/strong><\/p>\n<p>&nbsp;<\/p>\n<h4><strong><img loading=\"lazy\" decoding=\"async\" class=\"size-full wp-image-4537 alignnone\" src=\"http:\/\/devel.karpaten-meat.com\/wp-content\/uploads\/2016\/11\/arrow.png\" alt=\"\" width=\"25\" height=\"21\" \/>\u00a0\u00a0<a href=\"http:\/\/karpaten-meat.com\/wp-content\/uploads\/2012\/11\/Angus-Katalog_FERTIG.pdf\">Katalog f\u00fcr Angus Samenmaterial\u00a0<\/a><\/strong><\/h4>\n<h4><strong><img loading=\"lazy\" decoding=\"async\" class=\"size-full wp-image-4537 alignnone\" src=\"http:\/\/devel.karpaten-meat.com\/wp-content\/uploads\/2016\/11\/arrow.png\" alt=\"\" width=\"25\" height=\"21\" \/>\u00a0 <a href=\"http:\/\/karpaten-meat.com\/wp-content\/uploads\/2012\/11\/FV_Katalog_Ro.pdf\">Katalog f\u00fcr Fleckvieh Samenmaterial<\/a><\/strong><\/h4>\n<p>[\/vc_column_text][\/vc_column][\/vc_row][vc_row][vc_column][\/vc_column][\/vc_row]<\/p>\n<\/div>","protected":false},"excerpt":{"rendered":"<p>[vc_row][vc_column][\/vc_column][\/vc_row][vc_row][vc_column][vc_gallery interval=&#8220;5&#8243; images=&#8220;841,840&#8243; img_size=&#8220;full&#8220; onclick=&#8220;&#8220; disable_navigation_arrows=&#8220;yes&#8220; show_navigation_controls=&#8220;yes&#8220;][\/vc_column][\/vc_row][vc_row][vc_column css=&#8220;.vc_custom_1487791914091{margin-bottom: 20px !important;}&#8220;][vc_column_text] ANGUS SAMENMATERIAL [\/vc_column_text][\/vc_column][\/vc_row][vc_row][vc_column width=&#8220;1\/2&#8243;][vc_column_text] Verbesserung der Rinderrassen Bei KarpatenMeat halten wir die Verbesserung der Rinderrassen&#8230;<\/p>\n","protected":false},"author":1,"featured_media":0,"parent":11320,"menu_order":0,"comment_status":"closed","ping_status":"closed","template":"","meta":{"_exactmetrics_skip_tracking":false,"_exactmetrics_sitenote_active":false,"_exactmetrics_sitenote_note":"","_exactmetrics_sitenote_category":0,"footnotes":""},"yoast_head":"<!-- This site is optimized with the Yoast SEO plugin v23.0 - https:\/\/yoast.com\/wordpress\/plugins\/seo\/ -->\n<title>ANGUS - SAMENMATERIAL - Karpaten Meat<\/title>\n<meta name=\"robots\" content=\"index, follow, max-snippet:-1, max-image-preview:large, max-video-preview:-1\" \/>\n<link rel=\"canonical\" href=\"https:\/\/karpaten-meat.com\/de\/rindervermarktung\/angus-samenmaterial\/\" \/>\n<meta property=\"og:locale\" content=\"de_DE\" \/>\n<meta property=\"og:type\" content=\"article\" \/>\n<meta property=\"og:title\" content=\"ANGUS - SAMENMATERIAL - Karpaten Meat\" \/>\n<meta property=\"og:description\" content=\"[vc_row][vc_column][\/vc_column][\/vc_row][vc_row][vc_column][vc_gallery interval=&#8220;5&#8243; images=&#8220;841,840&#8243; img_size=&#8220;full&#8220; onclick=&#8220;&#8220; disable_navigation_arrows=&#8220;yes&#8220; show_navigation_controls=&#8220;yes&#8220;][\/vc_column][\/vc_row][vc_row][vc_column css=&#8220;.vc_custom_1487791914091{margin-bottom: 20px !important;}&#8220;][vc_column_text] ANGUS SAMENMATERIAL [\/vc_column_text][\/vc_column][\/vc_row][vc_row][vc_column width=&#8220;1\/2&#8243;][vc_column_text] Verbesserung der Rinderrassen Bei KarpatenMeat halten wir die Verbesserung der Rinderrassen...\" \/>\n<meta property=\"og:url\" content=\"https:\/\/karpaten-meat.com\/de\/rindervermarktung\/angus-samenmaterial\/\" \/>\n<meta property=\"og:site_name\" content=\"Karpaten Meat\" \/>\n<meta property=\"article:modified_time\" content=\"2019-07-04T12:08:45+00:00\" \/>\n<meta property=\"og:image\" content=\"http:\/\/devel.karpaten-meat.com\/wp-content\/uploads\/2016\/11\/arrow.png\" \/>\n<meta name=\"twitter:card\" content=\"summary_large_image\" \/>\n<meta name=\"twitter:label1\" content=\"Gesch\u00e4tzte Lesezeit\" \/>\n\t<meta name=\"twitter:data1\" content=\"3\u00a0Minuten\" \/>\n<script type=\"application\/ld+json\" class=\"yoast-schema-graph\">{\"@context\":\"https:\/\/schema.org\",\"@graph\":[{\"@type\":\"WebPage\",\"@id\":\"https:\/\/karpaten-meat.com\/de\/rindervermarktung\/angus-samenmaterial\/\",\"url\":\"https:\/\/karpaten-meat.com\/de\/rindervermarktung\/angus-samenmaterial\/\",\"name\":\"ANGUS - SAMENMATERIAL - Karpaten Meat\",\"isPartOf\":{\"@id\":\"https:\/\/karpaten-meat.com\/#website\"},\"primaryImageOfPage\":{\"@id\":\"https:\/\/karpaten-meat.com\/de\/rindervermarktung\/angus-samenmaterial\/#primaryimage\"},\"image\":{\"@id\":\"https:\/\/karpaten-meat.com\/de\/rindervermarktung\/angus-samenmaterial\/#primaryimage\"},\"thumbnailUrl\":\"http:\/\/devel.karpaten-meat.com\/wp-content\/uploads\/2016\/11\/arrow.png\",\"datePublished\":\"2019-07-03T09:42:46+00:00\",\"dateModified\":\"2019-07-04T12:08:45+00:00\",\"breadcrumb\":{\"@id\":\"https:\/\/karpaten-meat.com\/de\/rindervermarktung\/angus-samenmaterial\/#breadcrumb\"},\"inLanguage\":\"de\",\"potentialAction\":[{\"@type\":\"ReadAction\",\"target\":[\"https:\/\/karpaten-meat.com\/de\/rindervermarktung\/angus-samenmaterial\/\"]}]},{\"@type\":\"ImageObject\",\"inLanguage\":\"de\",\"@id\":\"https:\/\/karpaten-meat.com\/de\/rindervermarktung\/angus-samenmaterial\/#primaryimage\",\"url\":\"http:\/\/devel.karpaten-meat.com\/wp-content\/uploads\/2016\/11\/arrow.png\",\"contentUrl\":\"http:\/\/devel.karpaten-meat.com\/wp-content\/uploads\/2016\/11\/arrow.png\"},{\"@type\":\"BreadcrumbList\",\"@id\":\"https:\/\/karpaten-meat.com\/de\/rindervermarktung\/angus-samenmaterial\/#breadcrumb\",\"itemListElement\":[{\"@type\":\"ListItem\",\"position\":1,\"name\":\"Prima pagin\u0103\",\"item\":\"https:\/\/karpaten-meat.com\/de\/\"},{\"@type\":\"ListItem\",\"position\":2,\"name\":\"RINDERVERMARKTUNG\",\"item\":\"https:\/\/karpaten-meat.com\/de\/rindervermarktung\/\"},{\"@type\":\"ListItem\",\"position\":3,\"name\":\"ANGUS &#8211; SAMENMATERIAL\"}]},{\"@type\":\"WebSite\",\"@id\":\"https:\/\/karpaten-meat.com\/#website\",\"url\":\"https:\/\/karpaten-meat.com\/\",\"name\":\"Karpaten Meat\",\"description\":\"from grass to beef\",\"potentialAction\":[{\"@type\":\"SearchAction\",\"target\":{\"@type\":\"EntryPoint\",\"urlTemplate\":\"https:\/\/karpaten-meat.com\/?s={search_term_string}\"},\"query-input\":\"required name=search_term_string\"}],\"inLanguage\":\"de\"}]}<\/script>\n<!-- \/ Yoast SEO plugin. -->","yoast_head_json":{"title":"ANGUS - SAMENMATERIAL - Karpaten Meat","robots":{"index":"index","follow":"follow","max-snippet":"max-snippet:-1","max-image-preview":"max-image-preview:large","max-video-preview":"max-video-preview:-1"},"canonical":"https:\/\/karpaten-meat.com\/de\/rindervermarktung\/angus-samenmaterial\/","og_locale":"de_DE","og_type":"article","og_title":"ANGUS - SAMENMATERIAL - Karpaten Meat","og_description":"[vc_row][vc_column][\/vc_column][\/vc_row][vc_row][vc_column][vc_gallery interval=&#8220;5&#8243; images=&#8220;841,840&#8243; img_size=&#8220;full&#8220; onclick=&#8220;&#8220; disable_navigation_arrows=&#8220;yes&#8220; show_navigation_controls=&#8220;yes&#8220;][\/vc_column][\/vc_row][vc_row][vc_column css=&#8220;.vc_custom_1487791914091{margin-bottom: 20px !important;}&#8220;][vc_column_text] ANGUS SAMENMATERIAL [\/vc_column_text][\/vc_column][\/vc_row][vc_row][vc_column width=&#8220;1\/2&#8243;][vc_column_text] Verbesserung der Rinderrassen Bei KarpatenMeat halten wir die Verbesserung der Rinderrassen...","og_url":"https:\/\/karpaten-meat.com\/de\/rindervermarktung\/angus-samenmaterial\/","og_site_name":"Karpaten Meat","article_modified_time":"2019-07-04T12:08:45+00:00","og_image":[{"url":"http:\/\/devel.karpaten-meat.com\/wp-content\/uploads\/2016\/11\/arrow.png"}],"twitter_card":"summary_large_image","twitter_misc":{"Gesch\u00e4tzte Lesezeit":"3\u00a0Minuten"},"schema":{"@context":"https:\/\/schema.org","@graph":[{"@type":"WebPage","@id":"https:\/\/karpaten-meat.com\/de\/rindervermarktung\/angus-samenmaterial\/","url":"https:\/\/karpaten-meat.com\/de\/rindervermarktung\/angus-samenmaterial\/","name":"ANGUS - SAMENMATERIAL - Karpaten Meat","isPartOf":{"@id":"https:\/\/karpaten-meat.com\/#website"},"primaryImageOfPage":{"@id":"https:\/\/karpaten-meat.com\/de\/rindervermarktung\/angus-samenmaterial\/#primaryimage"},"image":{"@id":"https:\/\/karpaten-meat.com\/de\/rindervermarktung\/angus-samenmaterial\/#primaryimage"},"thumbnailUrl":"http:\/\/devel.karpaten-meat.com\/wp-content\/uploads\/2016\/11\/arrow.png","datePublished":"2019-07-03T09:42:46+00:00","dateModified":"2019-07-04T12:08:45+00:00","breadcrumb":{"@id":"https:\/\/karpaten-meat.com\/de\/rindervermarktung\/angus-samenmaterial\/#breadcrumb"},"inLanguage":"de","potentialAction":[{"@type":"ReadAction","target":["https:\/\/karpaten-meat.com\/de\/rindervermarktung\/angus-samenmaterial\/"]}]},{"@type":"ImageObject","inLanguage":"de","@id":"https:\/\/karpaten-meat.com\/de\/rindervermarktung\/angus-samenmaterial\/#primaryimage","url":"http:\/\/devel.karpaten-meat.com\/wp-content\/uploads\/2016\/11\/arrow.png","contentUrl":"http:\/\/devel.karpaten-meat.com\/wp-content\/uploads\/2016\/11\/arrow.png"},{"@type":"BreadcrumbList","@id":"https:\/\/karpaten-meat.com\/de\/rindervermarktung\/angus-samenmaterial\/#breadcrumb","itemListElement":[{"@type":"ListItem","position":1,"name":"Prima pagin\u0103","item":"https:\/\/karpaten-meat.com\/de\/"},{"@type":"ListItem","position":2,"name":"RINDERVERMARKTUNG","item":"https:\/\/karpaten-meat.com\/de\/rindervermarktung\/"},{"@type":"ListItem","position":3,"name":"ANGUS &#8211; SAMENMATERIAL"}]},{"@type":"WebSite","@id":"https:\/\/karpaten-meat.com\/#website","url":"https:\/\/karpaten-meat.com\/","name":"Karpaten Meat","description":"from grass to beef","potentialAction":[{"@type":"SearchAction","target":{"@type":"EntryPoint","urlTemplate":"https:\/\/karpaten-meat.com\/?s={search_term_string}"},"query-input":"required name=search_term_string"}],"inLanguage":"de"}]}},"_links":{"self":[{"href":"https:\/\/karpaten-meat.com\/de\/wp-json\/wp\/v2\/pages\/11915"}],"collection":[{"href":"https:\/\/karpaten-meat.com\/de\/wp-json\/wp\/v2\/pages"}],"about":[{"href":"https:\/\/karpaten-meat.com\/de\/wp-json\/wp\/v2\/types\/page"}],"author":[{"embeddable":true,"href":"https:\/\/karpaten-meat.com\/de\/wp-json\/wp\/v2\/users\/1"}],"replies":[{"embeddable":true,"href":"https:\/\/karpaten-meat.com\/de\/wp-json\/wp\/v2\/comments?post=11915"}],"version-history":[{"count":5,"href":"https:\/\/karpaten-meat.com\/de\/wp-json\/wp\/v2\/pages\/11915\/revisions"}],"predecessor-version":[{"id":11944,"href":"https:\/\/karpaten-meat.com\/de\/wp-json\/wp\/v2\/pages\/11915\/revisions\/11944"}],"up":[{"embeddable":true,"href":"https:\/\/karpaten-meat.com\/de\/wp-json\/wp\/v2\/pages\/11320"}],"wp:attachment":[{"href":"https:\/\/karpaten-meat.com\/de\/wp-json\/wp\/v2\/media?parent=11915"}],"curies":[{"name":"wp","href":"https:\/\/api.w.org\/{rel}","templated":true}]}}