{"id":11920,"date":"2019-07-03T10:48:40","date_gmt":"2019-07-03T10:48:40","guid":{"rendered":"https:\/\/karpaten-meat.com\/rindervermarktung\/beratung\/"},"modified":"2019-07-04T12:13:25","modified_gmt":"2019-07-04T12:13:25","slug":"beratung","status":"publish","type":"page","link":"https:\/\/karpaten-meat.com\/de\/rindervermarktung\/beratung\/","title":{"rendered":"BERATUNG"},"content":{"rendered":"<div class=\"wpb-content-wrapper\"><p>[vc_row use_row_as_full_screen_section=&#8220;yes&#8220;][vc_column][vc_gallery interval=&#8220;5&#8243; images=&#8220;4065,834&#8243; img_size=&#8220;full&#8220; onclick=&#8220;&#8220; disable_navigation_arrows=&#8220;yes&#8220; show_navigation_controls=&#8220;yes&#8220;][\/vc_column][\/vc_row][vc_row][vc_column css=&#8220;.vc_custom_1490548069337{margin-bottom: 0px !important;}&#8220;][vc_column_text]<\/p>\n<h3>BERATUNG<\/h3>\n<p>[\/vc_column_text][\/vc_column][\/vc_row][vc_row][vc_column width=&#8220;1\/2&#8243; css=&#8220;.vc_custom_1490548103729{margin-top: 20px !important;margin-bottom: 20px !important;}&#8220;][vc_column_text]Unsere Unternehmensgruppe integrierte Dienstleistungen f\u00fcr das Produktionssystem von ANGUS-Rindern, beginnend mit Potenzialermittlung und Projektanalyse,\u00a0sowie Betreuung bei Inbetriebnahme und Ausf\u00fchrung bis zur Unterst\u00fctzung bei der <a href=\"http:\/\/karpaten-meat.com\/sales-beef\/angus-beef\/\"><strong>Rindfleischproduktion<\/strong><\/a>.<\/p>\n<p>&nbsp;<\/p>\n<p>Unter Potenzialermittlung verstehen wir die Festlegung der Schl\u00fcsselfaktoren und das Definieren der zur Projektdurchf\u00fchrung notwendigen Etappen.<\/p>\n<p>&nbsp;<\/p>\n<p>Unterst\u00fctzung in der Anfangsphase bezieht sich auf die Projektanalyse durch das Definieren der Entwicklungsumgebung, Beratung bei der Gestaltung einer geeigneten Infrastruktur, Berstung in Bezug auf Qualit\u00e4t und Quantit\u00e4t der erforderlichen Angus Zuchtrindern, Erstellen eines Gesch\u00e4ftsplans, Ermittelung des Investitionsbedarfs sowie der Investitions- und des Cashflowbetr\u00e4ge.<br \/>\n[\/vc_column_text][\/vc_column][vc_column width=&#8220;1\/2&#8243; css=&#8220;.vc_custom_1490548093453{margin-top: 20px !important;margin-bottom: 20px !important;}&#8220;][vc_column_text]Im Rahmen der Projektdurchf\u00fchrung bieten wir die zur Zucht und zum Aufbau der Infrastruktur notwendigen<a href=\"http:\/\/karpaten-meat.com\/sales-cattle\/angus-cattle\/\"> <strong>Angusrinder zum<\/strong><\/a><strong> Kauf an<\/strong>. Zusammen mit unserem Team von Spezialisten beraten wir unsere Partner bei der Umsetzung jeder Etappe ihres Anguszuchtprojektes.<\/p>\n<p>&nbsp;<\/p>\n<p>Mit der Umsetzung des Projektes wird der Partner zum Fleischrinderproduzenten von Angus gem\u00e4\u00df den h\u00f6chsten Qualit\u00e4tsanforderungen, und wird somit zum anerkannten Fleischvermarktungsnetzwerks auf europ\u00e4ischen und wird somit yum Ebene.<\/p>\n<p>&nbsp;<\/p>\n<p>Das hei\u00dft, wir \u00fcbertragen unsere Erfahrung und unser Fachwissen auf unsere Partner; dieses Know-How ist die Triebfeder f\u00fcr den Ausbau des Systems.[\/vc_column_text][\/vc_column][\/vc_row][vc_row][vc_column css=&#8220;.vc_custom_1487769211528{margin-bottom: 20px !important;}&#8220;][vc_column_text]<\/p>\n<h4>Unsere Dienstleistungen:<\/h4>\n<p>[\/vc_column_text][\/vc_column][\/vc_row][vc_row][vc_column width=&#8220;1\/2&#8243; css=&#8220;.vc_custom_1535710970857{margin-bottom: 20px !important;}&#8220;][vc_accordion active_tab=&#8220;false&#8220; collapsible=&#8220;yes&#8220; style=&#8220;boxed_accordion&#8220; title_alignment=&#8220;right&#8220;][vc_accordion_tab title=&#8220;Quarant\u00e4ne und Pedigree&#8220; background_color=&#8220;rgba(0,0,0,0.25)&#8220;][vc_column_text]<strong>Kompletter Quarant\u00e4neservice <\/strong><\/p>\n<p style=\"text-align: left;\">Quarant\u00e4nebetrieb, zugelassen f\u00fcr den <a href=\"http:\/\/karpaten-meat.com\/sales-cattle\/angus-cattle\/\"><strong>Export\/Import von Rindern<\/strong><\/a>\u00a0innerhalb und au\u00dferhalb der Europ\u00e4ischen Union. Die Ausstattung unserer Sammelstation ist zu europ\u00e4ischem Standard, unsere Viehtransporter sichern den Tieren den entsprechenden Wohlstand w\u00e4hrend der gesamten Fahrt. Wir bieten kompletten Quarant\u00e4neservice: Vorbereitung der Tiere f\u00fcr den Export \u2013 Aufnahme und Quarant\u00e4ne der Tiere nach Import (die gesetzliche Quarant\u00e4nedauer betr\u00e4gt 21-30 Tage, je nach Herkunftsland).<\/p>\n<p style=\"text-align: left;\">Alle Tiere werden von einem Tierarzt hinsichtlich ihres Gesundheits- und Pflegezustandes beurteilt. W\u00e4hrend der gesamten Quarant\u00e4nedauer sichern wir eine der Kategorie, dem Alter und dem Gewicht\u00a0 entsprechende F\u00fctterung; das hei\u00dft, die Tiere verlassen unsere Station mit einem Gewichtszuwachs. Ebenso sichern wir alle in den Exportvorschriften des betreffenden Landes vorgesehenen Gesundheitsvorschriften. Auf Wunsch werden die Tiere auch angeliefert.<\/p>\n<p>[\/vc_column_text][\/vc_accordion_tab][vc_accordion_tab title=&#8220;Herdenmanagement&#8220; background_color=&#8220;rgba(0,0,0,0.25)&#8220;][vc_column_text]<strong>Regelm\u00e4\u00dfige Beratung und Koordinierung durch Experte<\/strong><\/p>\n<p style=\"text-align: left;\">Korrekte Verwaltung der Angus Herde f\u00fchrt zu erheblichen Unterschide in den Betrieben. Wichtige Aspekte wie: Vorbereitung der Weiden, Auswahl der Zuchttiere, Deckzeitraum, Abkalbungszeitraum (Identifizierung, Anbringen der Ohrmarken, Kastrieren), Absetzen, Behandlungen, F\u00fctterung im Winter und nicht zuletzt ordnungsgem\u00e4sse F\u00fchrung eines Farmregisters, gew\u00e4hrleisten den Erfolg der Angus-Farm.<\/p>\n<p>[\/vc_column_text][\/vc_accordion_tab][vc_accordion_tab title=&#8220;Landwirts Management&#8220; background_color=&#8220;rgba(0,0,0,0.25)&#8220;][vc_column_text]<a href=\"http:\/\/karpaten-meat.com\/group\/agriculture\/\"><strong>Produktion von Futter<\/strong><\/a><\/p>\n<p style=\"text-align: left;\">Die richtige Ern\u00e4hrung spielt eine wichtige Rolle in jeder Rinderzucht, egal ob extensiv oder intensiv. Ohne eine ausgewogene Ern\u00e4hrung erreichen die Rinder nicht das notwendige Gewicht und die Produktionsziele k\u00f6nnen nicht verwirklicht werden. Unser Team kann Sie hinsichtlich der Nahrungsbed\u00fcrfnisse der einzelnen Kategorien beraten und auf diese Weise ihren Betrieb in einem leistungsf\u00e4higen und gewinnbringenden Unternehmen umwandeln. So k\u00f6nnen Agrarbetriebe nicht nur ihren Ribderbestand, sondern auch ihre Felder und Weiden effizienter bewirtschaften. \u00a0Ziel ist, ein hochwertiges Erzeugnis zu erzielen, Gewinn zu maximieren und Arbeitskraft zu reduzieren.<\/p>\n<p>[\/vc_column_text][\/vc_accordion_tab][\/vc_accordion][\/vc_column][vc_column width=&#8220;1\/2&#8243; css=&#8220;.vc_custom_1490548202027{margin-bottom: 60px !important;}&#8220;][vc_accordion active_tab=&#8220;false&#8220; collapsible=&#8220;yes&#8220; style=&#8220;boxed_accordion&#8220; title_alignment=&#8220;right&#8220;][vc_accordion_tab title=&#8220;Gesundheitsmanagement&#8220; background_color=&#8220;rgba(0,0,0,0.25)&#8220;][vc_column_text]<strong>Optimale Rindergesundheit <\/strong><\/p>\n<p style=\"text-align: left;\">F\u00fcr ein optimales Gesundheitsmanagement bei der Rinderzucht empfiehlt sich das Erstellen eines Impf- und Behandlungsprogrammes zur Vorsorge und Bek\u00e4mpfung betriebstypischer Gesundheitsrisiken. Das bewirkt Leistungssteigerung, Nachhaltigkeit und h\u00f6here Ertr\u00e4ge.<\/p>\n<p>[\/vc_column_text][\/vc_accordion_tab][vc_accordion_tab title=&#8220;Betriebsmanagement&#8220; background_color=&#8220;rgba(0,0,0,0.25)&#8220;][vc_column_text]<a href=\"http:\/\/karpaten-meat.com\/sales-cattle\/technical\/\"><strong>Unterst\u00fctzung beim Aufbau eines eigenen Betriebs<\/strong><\/a><\/p>\n<p style=\"text-align: left;\">Das Betriebnsmanagement bezieht sich auf die Projektabwicklung von der Konzeptphase bis zur Umsetzung. Alle Projekte werden individuell nach Ihren Bed\u00fcrfnissen behandelt. Wir besitzen Fachwissen und Erfahrung im Aufbau eines Anguszuchtbetriebs von A bis Z und auch \u2013 was vielleicht das Wichtigste ist \u2013 die richtigen Partner f\u00fcr jede Projetetappe. Die Vielzahl von bereits verwirklichten Projekten im In- und Ausland spricht f\u00fcr uns.<\/p>\n<p>[\/vc_column_text][\/vc_accordion_tab][vc_accordion_tab title=&#8220;Ausbildung und Praktikum&#8220; background_color=&#8220;rgba(0,0,0,0.25)&#8220;][vc_column_text]<a href=\"http:\/\/karpaten-meat.com\/group\/career\/\"><strong>Ausbildung und Praktikum<\/strong><\/a><\/p>\n<p style=\"text-align: left;\">Unser Leitbild bestimmt unser Denken und Handeln. Es hilft uns dabei, unsere Identit\u00e4t in guten wie in schlechten Zeiten zu bewahren. Zeigen Respekt vor allen Menschen. Die Unternehmensinteressen sind nicht von den Interessen des Individuums zu trennen. In unserer Arbeit konzentrieren wir uns auf strategische Schwerpunkte. Innovation ist der Grundstein unseres Erfolgs. Wir legen Wert auf individuelle Entfaltung. Wir m\u00f6chten die Besten sein. Das Individuum und das Unternehmen stehen in einer st\u00e4ndigen Wechselbeziehung. Wir streben zur Gestaltung und Erhaltung einer auf Werte und Leistung basierenden Organisationskultur. Wertsch\u00f6pfung in unserer Unternehmenskultur hei\u00dft, dass unsere Prinzipien von allen Mitarbeitern umgesetzt werden. Das sind unsere auf unsere Ziele und Werte zur\u00fcckzuf\u00fchrende Prinzipien und Verhaltensweisen.<\/p>\n<p>[\/vc_column_text][vc_column_text]<\/p>\n<p style=\"text-align: left;\">Auf Anfrage organisieren wir Workshops, Seminare und Konferenz auf verschiedenen Angus-Themen. Ausbildung und Praktikum in unserem Betrieb ist kostenlos oder beitragspflichtig, je nach Art, Dauer, Fachbereich, Anforderungen usw.\u00a0Unser Team besteht aus Fachleuten mit langj\u00e4hriger Erfahrung.<\/p>\n<p>[\/vc_column_text][\/vc_accordion_tab][\/vc_accordion][\/vc_column][\/vc_row]<\/p>\n<\/div>","protected":false},"excerpt":{"rendered":"<p>[vc_row use_row_as_full_screen_section=&#8220;yes&#8220;][vc_column][vc_gallery interval=&#8220;5&#8243; images=&#8220;4065,834&#8243; img_size=&#8220;full&#8220; onclick=&#8220;&#8220; disable_navigation_arrows=&#8220;yes&#8220; show_navigation_controls=&#8220;yes&#8220;][\/vc_column][\/vc_row][vc_row][vc_column css=&#8220;.vc_custom_1490548069337{margin-bottom: 0px !important;}&#8220;][vc_column_text] BERATUNG [\/vc_column_text][\/vc_column][\/vc_row][vc_row][vc_column width=&#8220;1\/2&#8243; css=&#8220;.vc_custom_1490548103729{margin-top: 20px !important;margin-bottom: 20px !important;}&#8220;][vc_column_text]Unsere Unternehmensgruppe integrierte Dienstleistungen f\u00fcr das Produktionssystem&#8230;<\/p>\n","protected":false},"author":1,"featured_media":0,"parent":11320,"menu_order":0,"comment_status":"closed","ping_status":"closed","template":"","meta":{"_exactmetrics_skip_tracking":false,"_exactmetrics_sitenote_active":false,"_exactmetrics_sitenote_note":"","_exactmetrics_sitenote_category":0,"footnotes":""},"yoast_head":"<!-- This site is optimized with the Yoast SEO plugin v23.0 - https:\/\/yoast.com\/wordpress\/plugins\/seo\/ -->\n<title>BERATUNG - Karpaten Meat<\/title>\n<meta name=\"robots\" content=\"index, follow, max-snippet:-1, max-image-preview:large, max-video-preview:-1\" \/>\n<link rel=\"canonical\" href=\"https:\/\/karpaten-meat.com\/vanzare-bovine\/consultanta\/\" \/>\n<meta property=\"og:locale\" content=\"de_DE\" \/>\n<meta property=\"og:type\" content=\"article\" \/>\n<meta property=\"og:title\" content=\"BERATUNG - Karpaten Meat\" \/>\n<meta property=\"og:description\" content=\"[vc_row use_row_as_full_screen_section=&#8220;yes&#8220;][vc_column][vc_gallery interval=&#8220;5&#8243; images=&#8220;4065,834&#8243; img_size=&#8220;full&#8220; onclick=&#8220;&#8220; disable_navigation_arrows=&#8220;yes&#8220; show_navigation_controls=&#8220;yes&#8220;][\/vc_column][\/vc_row][vc_row][vc_column css=&#8220;.vc_custom_1490548069337{margin-bottom: 0px !important;}&#8220;][vc_column_text] BERATUNG [\/vc_column_text][\/vc_column][\/vc_row][vc_row][vc_column width=&#8220;1\/2&#8243; css=&#8220;.vc_custom_1490548103729{margin-top: 20px !important;margin-bottom: 20px !important;}&#8220;][vc_column_text]Unsere Unternehmensgruppe integrierte Dienstleistungen f\u00fcr das Produktionssystem...\" \/>\n<meta property=\"og:url\" content=\"https:\/\/karpaten-meat.com\/vanzare-bovine\/consultanta\/\" \/>\n<meta property=\"og:site_name\" content=\"Karpaten Meat\" \/>\n<meta property=\"article:modified_time\" content=\"2019-07-04T12:13:25+00:00\" \/>\n<meta name=\"twitter:card\" content=\"summary_large_image\" \/>\n<meta name=\"twitter:label1\" content=\"Gesch\u00e4tzte Lesezeit\" \/>\n\t<meta name=\"twitter:data1\" content=\"5\u00a0Minuten\" \/>\n<script type=\"application\/ld+json\" class=\"yoast-schema-graph\">{\"@context\":\"https:\/\/schema.org\",\"@graph\":[{\"@type\":\"WebPage\",\"@id\":\"https:\/\/karpaten-meat.com\/vanzare-bovine\/consultanta\/\",\"url\":\"https:\/\/karpaten-meat.com\/vanzare-bovine\/consultanta\/\",\"name\":\"BERATUNG - Karpaten Meat\",\"isPartOf\":{\"@id\":\"https:\/\/karpaten-meat.com\/#website\"},\"datePublished\":\"2019-07-03T10:48:40+00:00\",\"dateModified\":\"2019-07-04T12:13:25+00:00\",\"breadcrumb\":{\"@id\":\"https:\/\/karpaten-meat.com\/vanzare-bovine\/consultanta\/#breadcrumb\"},\"inLanguage\":\"de\",\"potentialAction\":[{\"@type\":\"ReadAction\",\"target\":[\"https:\/\/karpaten-meat.com\/vanzare-bovine\/consultanta\/\"]}]},{\"@type\":\"BreadcrumbList\",\"@id\":\"https:\/\/karpaten-meat.com\/vanzare-bovine\/consultanta\/#breadcrumb\",\"itemListElement\":[{\"@type\":\"ListItem\",\"position\":1,\"name\":\"Prima pagin\u0103\",\"item\":\"https:\/\/karpaten-meat.com\/de\/\"},{\"@type\":\"ListItem\",\"position\":2,\"name\":\"RINDERVERMARKTUNG\",\"item\":\"https:\/\/karpaten-meat.com\/de\/rindervermarktung\/\"},{\"@type\":\"ListItem\",\"position\":3,\"name\":\"BERATUNG\"}]},{\"@type\":\"WebSite\",\"@id\":\"https:\/\/karpaten-meat.com\/#website\",\"url\":\"https:\/\/karpaten-meat.com\/\",\"name\":\"Karpaten Meat\",\"description\":\"from grass to beef\",\"potentialAction\":[{\"@type\":\"SearchAction\",\"target\":{\"@type\":\"EntryPoint\",\"urlTemplate\":\"https:\/\/karpaten-meat.com\/?s={search_term_string}\"},\"query-input\":\"required name=search_term_string\"}],\"inLanguage\":\"de\"}]}<\/script>\n<!-- \/ Yoast SEO plugin. -->","yoast_head_json":{"title":"BERATUNG - Karpaten Meat","robots":{"index":"index","follow":"follow","max-snippet":"max-snippet:-1","max-image-preview":"max-image-preview:large","max-video-preview":"max-video-preview:-1"},"canonical":"https:\/\/karpaten-meat.com\/vanzare-bovine\/consultanta\/","og_locale":"de_DE","og_type":"article","og_title":"BERATUNG - Karpaten Meat","og_description":"[vc_row use_row_as_full_screen_section=&#8220;yes&#8220;][vc_column][vc_gallery interval=&#8220;5&#8243; images=&#8220;4065,834&#8243; img_size=&#8220;full&#8220; onclick=&#8220;&#8220; disable_navigation_arrows=&#8220;yes&#8220; show_navigation_controls=&#8220;yes&#8220;][\/vc_column][\/vc_row][vc_row][vc_column css=&#8220;.vc_custom_1490548069337{margin-bottom: 0px !important;}&#8220;][vc_column_text] BERATUNG [\/vc_column_text][\/vc_column][\/vc_row][vc_row][vc_column width=&#8220;1\/2&#8243; css=&#8220;.vc_custom_1490548103729{margin-top: 20px !important;margin-bottom: 20px !important;}&#8220;][vc_column_text]Unsere Unternehmensgruppe integrierte Dienstleistungen f\u00fcr das Produktionssystem...","og_url":"https:\/\/karpaten-meat.com\/vanzare-bovine\/consultanta\/","og_site_name":"Karpaten Meat","article_modified_time":"2019-07-04T12:13:25+00:00","twitter_card":"summary_large_image","twitter_misc":{"Gesch\u00e4tzte Lesezeit":"5\u00a0Minuten"},"schema":{"@context":"https:\/\/schema.org","@graph":[{"@type":"WebPage","@id":"https:\/\/karpaten-meat.com\/vanzare-bovine\/consultanta\/","url":"https:\/\/karpaten-meat.com\/vanzare-bovine\/consultanta\/","name":"BERATUNG - Karpaten Meat","isPartOf":{"@id":"https:\/\/karpaten-meat.com\/#website"},"datePublished":"2019-07-03T10:48:40+00:00","dateModified":"2019-07-04T12:13:25+00:00","breadcrumb":{"@id":"https:\/\/karpaten-meat.com\/vanzare-bovine\/consultanta\/#breadcrumb"},"inLanguage":"de","potentialAction":[{"@type":"ReadAction","target":["https:\/\/karpaten-meat.com\/vanzare-bovine\/consultanta\/"]}]},{"@type":"BreadcrumbList","@id":"https:\/\/karpaten-meat.com\/vanzare-bovine\/consultanta\/#breadcrumb","itemListElement":[{"@type":"ListItem","position":1,"name":"Prima pagin\u0103","item":"https:\/\/karpaten-meat.com\/de\/"},{"@type":"ListItem","position":2,"name":"RINDERVERMARKTUNG","item":"https:\/\/karpaten-meat.com\/de\/rindervermarktung\/"},{"@type":"ListItem","position":3,"name":"BERATUNG"}]},{"@type":"WebSite","@id":"https:\/\/karpaten-meat.com\/#website","url":"https:\/\/karpaten-meat.com\/","name":"Karpaten Meat","description":"from grass to beef","potentialAction":[{"@type":"SearchAction","target":{"@type":"EntryPoint","urlTemplate":"https:\/\/karpaten-meat.com\/?s={search_term_string}"},"query-input":"required name=search_term_string"}],"inLanguage":"de"}]}},"_links":{"self":[{"href":"https:\/\/karpaten-meat.com\/de\/wp-json\/wp\/v2\/pages\/11920"}],"collection":[{"href":"https:\/\/karpaten-meat.com\/de\/wp-json\/wp\/v2\/pages"}],"about":[{"href":"https:\/\/karpaten-meat.com\/de\/wp-json\/wp\/v2\/types\/page"}],"author":[{"embeddable":true,"href":"https:\/\/karpaten-meat.com\/de\/wp-json\/wp\/v2\/users\/1"}],"replies":[{"embeddable":true,"href":"https:\/\/karpaten-meat.com\/de\/wp-json\/wp\/v2\/comments?post=11920"}],"version-history":[{"count":4,"href":"https:\/\/karpaten-meat.com\/de\/wp-json\/wp\/v2\/pages\/11920\/revisions"}],"predecessor-version":[{"id":11924,"href":"https:\/\/karpaten-meat.com\/de\/wp-json\/wp\/v2\/pages\/11920\/revisions\/11924"}],"up":[{"embeddable":true,"href":"https:\/\/karpaten-meat.com\/de\/wp-json\/wp\/v2\/pages\/11320"}],"wp:attachment":[{"href":"https:\/\/karpaten-meat.com\/de\/wp-json\/wp\/v2\/media?parent=11920"}],"curies":[{"name":"wp","href":"https:\/\/api.w.org\/{rel}","templated":true}]}}