{"id":11925,"date":"2019-07-03T12:39:41","date_gmt":"2019-07-03T12:39:41","guid":{"rendered":"https:\/\/karpaten-meat.com\/rindervermarktung\/einkauf-von-rindern\/"},"modified":"2019-07-04T12:09:34","modified_gmt":"2019-07-04T12:09:34","slug":"einkauf-von-rindern","status":"publish","type":"page","link":"https:\/\/karpaten-meat.com\/de\/rindervermarktung\/einkauf-von-rindern\/","title":{"rendered":"EINKAUF VON RINDERN"},"content":{"rendered":"<div class=\"wpb-content-wrapper\"><p>[vc_row][vc_column][vc_gallery interval=&#8220;5&#8243; images=&#8220;838,839&#8243; img_size=&#8220;full&#8220; onclick=&#8220;&#8220; disable_navigation_arrows=&#8220;yes&#8220; show_navigation_controls=&#8220;yes&#8220;][\/vc_column][\/vc_row][vc_row][vc_column css=&#8220;.vc_custom_1487791914091{margin-bottom: 20px !important;}&#8220;][vc_column_text]<\/p>\n<h3>EINKAUF VON RINDERN<\/h3>\n<p>[\/vc_column_text][\/vc_column][\/vc_row][vc_row][vc_column width=&#8220;1\/2&#8243;][vc_column_text]Unser Angus-System basiert auf Zusammenarbeit mit Partnerbetrieben. Im Rahmen des <a href=\"http:\/\/karpaten-meat.com\/sales-cattle\/partner-program\/\"><strong>Partnerprogramms <\/strong><\/a>\u00a0kauft Karpaten Meat Angusk\u00e4lber, Kreuzungen von Angus mit Rum\u00e4nischem Fleckvieh oder von Angus mit anderen Fleischrassen, gem\u00e4\u00df R\u00fcckkaufsklausel des Rahmenvertrags.<\/p>\n<p>&nbsp;<\/p>\n<p>Hauptziel bei der Unternehmensgr\u00fcndung war der Aufbau eines Produktionssystems f\u00fcr Angus-K\u00e4lber in Rum\u00e4nien, sowohl als eigener Kernbetrieb als auch anhand von <a href=\"http:\/\/karpaten-meat.com\/sales-cattle\/partner-program\/\"><strong>\u00a0<\/strong><strong>Partnerprogrammen.<\/strong><strong>\u00a0<\/strong><\/a>Unser Angussystem fu\u00dft auf der Zusammenarbeit mit \u00a0Zucht- und Mastbetrieben. Als Systemanbieter offerieren wir faire Liefer- und Abnahmevertr\u00e4ge, von denen beide Seiten profitieren.[\/vc_column_text][\/vc_column][vc_column width=&#8220;1\/2&#8243; css=&#8220;.vc_custom_1490545916112{margin-top: 0px !important;}&#8220;][vc_column_text]Zur Zeit arbeiten wir bei der Vermarktung von Angus-Zuchtrindern und dem Ankauf von Angus-K\u00e4lbern rum\u00e4nienweit mit \u00fcber 500 Partnern zusammen. Die Partnerschaften mit Karpaten Meat erfreuen sich zunehmendem Interesse, denn die Anguszucht ist an sich gewinnbringend; dar\u00fcber hinaus ist auch die Produktabnahme vertraglich gesichert.<\/p>\n<p>&nbsp;<\/p>\n<p>Karpaten Meat\u00a0 \u00a0<a href=\"http:\/\/karpaten-meat.com\/sales-cattle\/consulting\/\"><strong>stellt seinen Partnern in erster Linie Fachwissen und Erfahrung zur Verf\u00fcgung;<\/strong><\/a> dieses Know-How ist die Triebfeder f\u00fcr den Ausbau des Systems. Folgendes hat Karpaten Meat im Sinn: Je mehr zur\u00fcckgekaufte K\u00e4lber und je h\u00f6her deren Qualit\u00e4t, um so mehr Geld flie\u00dft in die Taschen der rum\u00e4nischen Agrarbetriebe.[\/vc_column_text][\/vc_column][\/vc_row][vc_row][vc_column css=&#8220;.vc_custom_1478705098361{margin-top: 40px !important;margin-bottom: 40px !important;}&#8220;][vc_column_text el_class=&#8220;alignleft&#8220;]<strong>Einkaufsbedingungen f\u00fcr Angus-K\u00e4lber oder Kreuzungen von Angus mit Rum\u00e4nischem Fleckvieh<\/strong><\/p>\n<ul>\n<li>K\u00e4lber aus muttergebundener Aufzucht, Milch- und Weidegrasf\u00fctterung bis zum Absetzen<\/li>\n<li>Absetzen fr\u00fchestens mit 6 Monaten<\/li>\n<li>Mindestgewicht beim R\u00fcckkauf 200 kg, H\u00f6chstgewicht 400 kg<\/li>\n<li>Die Preise richten sich nach der Qualit\u00e4t des Tieres. Hier finden Sie die Qualit\u00e4tsklassen:\u00a0<a href=\"http:\/\/karpaten-meat.com\/wp-content\/uploads\/2017\/11\/RO_Calit\u0103\u021bi-r\u0103scump\u0103rare-vi\u021bei-Angus-sau-meti\u0219-de-Angus.pdf\">Qualit\u00e4tsklassen<\/a><\/li>\n<li>Der Kaufpreis richtet sich am Gewicht des Tieres. Das Jungtier wird bei Karpaten Meat auf einer geeichten Waage in Anwesenheit eines Vertreters des Partners abgewogen.<\/li>\n<li>Je nach Jahreszeit und Fahrplan k\u00f6nnen wir den Transport von \u00fcber 20 K\u00e4lbern sichern.<\/li>\n<li>Kastrierte K\u00e4lber erhalten h\u00f6here Preise.\u00a0K\u00e4lberkastration<\/li>\n<\/ul>\n<p><strong>\u00a0<\/strong><\/p>\n<p><strong>F\u00fcr den Einkauf n\u00f6tige Dokumente:<\/strong><\/p>\n<ul>\n<li>Rinderp\u00e4sse im Original<\/li>\n<li>Veterin\u00e4raltest f\u00fcr den Transport der Lebendtiere<\/li>\n<li>Transferblatt der Tiere F2<\/li>\n<li>Ordnungsnummer f\u00fcr interkreislichen Transport<\/li>\n<li>Vertrag und Rechnung\/Steuerbeleg, werden nach der Wiegung der Tiere auf dem K\u00e4uferbetrieb erstellt<\/li>\n<\/ul>\n<p>[\/vc_column_text][\/vc_column][\/vc_row][vc_row][vc_column width=&#8220;1\/2&#8243; css=&#8220;.vc_custom_1484137261287{margin-bottom: 40px !important;}&#8220;][vc_column_text]<a href=\"http:\/\/karpaten-meat.com\/sales-cattle\/partner-program\/\"><strong>Werden Sie unser Partner!<\/strong><\/a><\/p>\n<p>Zusammen mit zuverl\u00e4ssigen und starken Partnern haben wir bei Karpaten Meat uns auf die Aufzucht, die <a href=\"http:\/\/karpaten-meat.com\/sales-cattle\/angus-cattle\/\"><strong>\u00a0Vermarktung und die Genetik von Angus-Rindern<\/strong><\/a><strong>,<\/strong>\u00a0die Schlachtung und <a href=\"http:\/\/karpaten-meat.com\/sales-beef\/angus-beef\/\"><strong>Vermarktung von Angus-Rindfleisch <\/strong><\/a>\u00a0spezialisiert. F\u00fcr den Ausbau unseres Angus-Systems suchen wir Partnerbetriebe f\u00fcr die K\u00e4lberproduktion. Bitte setzen Sie sich mit uns in Kontakt, wenn Sie Interesse haben.[\/vc_column_text][\/vc_column][vc_column width=&#8220;1\/2&#8243; css=&#8220;.vc_custom_1484137267665{margin-bottom: 40px !important;}&#8220;][vc_column_text]<strong>Weidemast, eine g\u00fcnstige Alternative.\u00a0<\/strong><a href=\"http:\/\/karpaten-meat.com\/sales-beef\/angus-beef\/\"><strong>Vom Gras zum Rindfleisch!<\/strong><\/a><\/p>\n<p>Rindfleisch aus Weidemast entspricht den Anspr\u00fcchen moderner Konsumenten \u2013 und Angusrinder eignen sich hervorragend f\u00fcr Weidehaltung. Die robusten, pflegeleichten Tiere sind optimale Raufutterverwerter; der Z\u00fcchter hat somit geringere Kosten als bei intensiver Haltung. Die Weidemast l\u00e4sst sich einfach verwalten und bringt eine sp\u00fcrbare Kostenersparnis gegen\u00fcber der herk\u00f6mmlichen Stallhaltung.[\/vc_column_text][\/vc_column][\/vc_row][vc_row][vc_column][vc_column_text]<strong>Unser Ziel \u2013 die Produktion robuster und pflegeleichter Rinder<\/strong><\/p>\n<ul>\n<li>Die robusten Tiere passen sich an Au\u00dfentemperaturen von -40\u00b0C bis +40\u00b0C an<\/li>\n<li>Mittelrahmig, harmonisch und ausgeglichen (Energy-smart-cattle)<\/li>\n<li>Fruchtbare, pflegeleichte K\u00fche mit hoher Milchleistung (Easy-handling-cow)<\/li>\n<li>Sehr gute Mast- und Schlachtleistung<\/li>\n<li>K\u00e4lber mit hoher durchschnittlicher Tageszunahme bei Gras- und Milchf\u00fctterung<\/li>\n<li>Absetzen, wenn das Kalb mindestens 50% vom Lebendgewicht der Mutter erreicht hat<\/li>\n<\/ul>\n<p>[\/vc_column_text][\/vc_column][\/vc_row][vc_row][vc_column css=&#8220;.vc_custom_1490547148330{margin-top: 40px !important;margin-bottom: 20px !important;}&#8220;][vc_column_text]<\/p>\n<h4>1. Einkauf von Angus-K\u00e4lber, 200 kg\u2013 400 kg, 6-12 Monate<\/h4>\n<p>[\/vc_column_text][\/vc_column][\/vc_row][vc_row][vc_column width=&#8220;1\/3&#8243; css=&#8220;.vc_custom_1478860377967{margin-bottom: 40px !important;}&#8220;]<div class=\"image_with_text center\"><img decoding=\"async\" src=\"https:\/\/karpaten-meat.com\/wp-content\/uploads\/2016\/11\/Achizitie-vitei-Angus-3.jpg\" alt=\"\" \/><h5 ><\/h5><span style=\"margin:0;\" class=\"separator transparent\"><\/span>Empfang der gekauften Rinder<\/div>[\/vc_column][vc_column width=&#8220;1\/3&#8243;][vc_single_image image=&#8220;915&#8243; img_size=&#8220;full&#8220; add_caption=&#8220;yes&#8220;][vc_column_text]<\/p>\n<p style=\"text-align: center;\">Lesen und Identifizieren der Ohrmarken<\/p>\n<p>[\/vc_column_text][\/vc_column][vc_column width=&#8220;1\/3&#8243;][vc_single_image image=&#8220;913&#8243; img_size=&#8220;full&#8220; add_caption=&#8220;yes&#8220;][vc_column_text]<\/p>\n<p style=\"text-align: center;\">Ohrmarkenleser<\/p>\n<p>[\/vc_column_text][\/vc_column][\/vc_row][vc_row][vc_column css=&#8220;.vc_custom_1490547129847{margin-bottom: 60px !important;}&#8220;][vc_column_text]<\/p>\n<h4>2. Einkauf von Schlachtk\u00fche<\/h4>\n<p>[\/vc_column_text][vc_single_image image=&#8220;5163&#8243; img_size=&#8220;346&#215;234&#8243;][\/vc_column][\/vc_row][vc_column css=&#8220;.vc_custom_1490537166510{margin-top: 20px !important;}&#8220;][\/vc_column]<\/p>\n<\/div>","protected":false},"excerpt":{"rendered":"<p>[vc_row][vc_column][vc_gallery interval=&#8220;5&#8243; images=&#8220;838,839&#8243; img_size=&#8220;full&#8220; onclick=&#8220;&#8220; disable_navigation_arrows=&#8220;yes&#8220; show_navigation_controls=&#8220;yes&#8220;][\/vc_column][\/vc_row][vc_row][vc_column css=&#8220;.vc_custom_1487791914091{margin-bottom: 20px !important;}&#8220;][vc_column_text] EINKAUF VON RINDERN [\/vc_column_text][\/vc_column][\/vc_row][vc_row][vc_column width=&#8220;1\/2&#8243;][vc_column_text]Unser Angus-System basiert auf Zusammenarbeit mit Partnerbetrieben. Im Rahmen des Partnerprogramms&#8230;<\/p>\n","protected":false},"author":1,"featured_media":0,"parent":11320,"menu_order":0,"comment_status":"closed","ping_status":"closed","template":"","meta":{"_exactmetrics_skip_tracking":false,"_exactmetrics_sitenote_active":false,"_exactmetrics_sitenote_note":"","_exactmetrics_sitenote_category":0,"footnotes":""},"yoast_head":"<!-- This site is optimized with the Yoast SEO plugin v23.0 - https:\/\/yoast.com\/wordpress\/plugins\/seo\/ -->\n<title>EINKAUF VON RINDERN - Karpaten Meat<\/title>\n<meta name=\"robots\" content=\"index, follow, max-snippet:-1, max-image-preview:large, max-video-preview:-1\" \/>\n<link rel=\"canonical\" href=\"https:\/\/karpaten-meat.com\/vanzare-bovine\/achizitia-de-bovine\/\" \/>\n<meta property=\"og:locale\" content=\"de_DE\" \/>\n<meta property=\"og:type\" content=\"article\" \/>\n<meta property=\"og:title\" content=\"EINKAUF VON RINDERN - Karpaten Meat\" \/>\n<meta property=\"og:description\" content=\"[vc_row][vc_column][vc_gallery interval=&#8220;5&#8243; images=&#8220;838,839&#8243; img_size=&#8220;full&#8220; onclick=&#8220;&#8220; disable_navigation_arrows=&#8220;yes&#8220; show_navigation_controls=&#8220;yes&#8220;][\/vc_column][\/vc_row][vc_row][vc_column css=&#8220;.vc_custom_1487791914091{margin-bottom: 20px !important;}&#8220;][vc_column_text] EINKAUF VON RINDERN [\/vc_column_text][\/vc_column][\/vc_row][vc_row][vc_column width=&#8220;1\/2&#8243;][vc_column_text]Unser Angus-System basiert auf Zusammenarbeit mit Partnerbetrieben. Im Rahmen des Partnerprogramms...\" \/>\n<meta property=\"og:url\" content=\"https:\/\/karpaten-meat.com\/vanzare-bovine\/achizitia-de-bovine\/\" \/>\n<meta property=\"og:site_name\" content=\"Karpaten Meat\" \/>\n<meta property=\"article:modified_time\" content=\"2019-07-04T12:09:34+00:00\" \/>\n<meta name=\"twitter:card\" content=\"summary_large_image\" \/>\n<meta name=\"twitter:label1\" content=\"Gesch\u00e4tzte Lesezeit\" \/>\n\t<meta name=\"twitter:data1\" content=\"4\u00a0Minuten\" \/>\n<script type=\"application\/ld+json\" class=\"yoast-schema-graph\">{\"@context\":\"https:\/\/schema.org\",\"@graph\":[{\"@type\":\"WebPage\",\"@id\":\"https:\/\/karpaten-meat.com\/vanzare-bovine\/achizitia-de-bovine\/\",\"url\":\"https:\/\/karpaten-meat.com\/vanzare-bovine\/achizitia-de-bovine\/\",\"name\":\"EINKAUF VON RINDERN - Karpaten Meat\",\"isPartOf\":{\"@id\":\"https:\/\/karpaten-meat.com\/#website\"},\"datePublished\":\"2019-07-03T12:39:41+00:00\",\"dateModified\":\"2019-07-04T12:09:34+00:00\",\"breadcrumb\":{\"@id\":\"https:\/\/karpaten-meat.com\/vanzare-bovine\/achizitia-de-bovine\/#breadcrumb\"},\"inLanguage\":\"de\",\"potentialAction\":[{\"@type\":\"ReadAction\",\"target\":[\"https:\/\/karpaten-meat.com\/vanzare-bovine\/achizitia-de-bovine\/\"]}]},{\"@type\":\"BreadcrumbList\",\"@id\":\"https:\/\/karpaten-meat.com\/vanzare-bovine\/achizitia-de-bovine\/#breadcrumb\",\"itemListElement\":[{\"@type\":\"ListItem\",\"position\":1,\"name\":\"Prima pagin\u0103\",\"item\":\"https:\/\/karpaten-meat.com\/de\/\"},{\"@type\":\"ListItem\",\"position\":2,\"name\":\"RINDERVERMARKTUNG\",\"item\":\"https:\/\/karpaten-meat.com\/de\/rindervermarktung\/\"},{\"@type\":\"ListItem\",\"position\":3,\"name\":\"EINKAUF VON RINDERN\"}]},{\"@type\":\"WebSite\",\"@id\":\"https:\/\/karpaten-meat.com\/#website\",\"url\":\"https:\/\/karpaten-meat.com\/\",\"name\":\"Karpaten Meat\",\"description\":\"from grass to beef\",\"potentialAction\":[{\"@type\":\"SearchAction\",\"target\":{\"@type\":\"EntryPoint\",\"urlTemplate\":\"https:\/\/karpaten-meat.com\/?s={search_term_string}\"},\"query-input\":\"required name=search_term_string\"}],\"inLanguage\":\"de\"}]}<\/script>\n<!-- \/ Yoast SEO plugin. -->","yoast_head_json":{"title":"EINKAUF VON RINDERN - Karpaten Meat","robots":{"index":"index","follow":"follow","max-snippet":"max-snippet:-1","max-image-preview":"max-image-preview:large","max-video-preview":"max-video-preview:-1"},"canonical":"https:\/\/karpaten-meat.com\/vanzare-bovine\/achizitia-de-bovine\/","og_locale":"de_DE","og_type":"article","og_title":"EINKAUF VON RINDERN - Karpaten Meat","og_description":"[vc_row][vc_column][vc_gallery interval=&#8220;5&#8243; images=&#8220;838,839&#8243; img_size=&#8220;full&#8220; onclick=&#8220;&#8220; disable_navigation_arrows=&#8220;yes&#8220; show_navigation_controls=&#8220;yes&#8220;][\/vc_column][\/vc_row][vc_row][vc_column css=&#8220;.vc_custom_1487791914091{margin-bottom: 20px !important;}&#8220;][vc_column_text] EINKAUF VON RINDERN [\/vc_column_text][\/vc_column][\/vc_row][vc_row][vc_column width=&#8220;1\/2&#8243;][vc_column_text]Unser Angus-System basiert auf Zusammenarbeit mit Partnerbetrieben. Im Rahmen des Partnerprogramms...","og_url":"https:\/\/karpaten-meat.com\/vanzare-bovine\/achizitia-de-bovine\/","og_site_name":"Karpaten Meat","article_modified_time":"2019-07-04T12:09:34+00:00","twitter_card":"summary_large_image","twitter_misc":{"Gesch\u00e4tzte Lesezeit":"4\u00a0Minuten"},"schema":{"@context":"https:\/\/schema.org","@graph":[{"@type":"WebPage","@id":"https:\/\/karpaten-meat.com\/vanzare-bovine\/achizitia-de-bovine\/","url":"https:\/\/karpaten-meat.com\/vanzare-bovine\/achizitia-de-bovine\/","name":"EINKAUF VON RINDERN - Karpaten Meat","isPartOf":{"@id":"https:\/\/karpaten-meat.com\/#website"},"datePublished":"2019-07-03T12:39:41+00:00","dateModified":"2019-07-04T12:09:34+00:00","breadcrumb":{"@id":"https:\/\/karpaten-meat.com\/vanzare-bovine\/achizitia-de-bovine\/#breadcrumb"},"inLanguage":"de","potentialAction":[{"@type":"ReadAction","target":["https:\/\/karpaten-meat.com\/vanzare-bovine\/achizitia-de-bovine\/"]}]},{"@type":"BreadcrumbList","@id":"https:\/\/karpaten-meat.com\/vanzare-bovine\/achizitia-de-bovine\/#breadcrumb","itemListElement":[{"@type":"ListItem","position":1,"name":"Prima pagin\u0103","item":"https:\/\/karpaten-meat.com\/de\/"},{"@type":"ListItem","position":2,"name":"RINDERVERMARKTUNG","item":"https:\/\/karpaten-meat.com\/de\/rindervermarktung\/"},{"@type":"ListItem","position":3,"name":"EINKAUF VON RINDERN"}]},{"@type":"WebSite","@id":"https:\/\/karpaten-meat.com\/#website","url":"https:\/\/karpaten-meat.com\/","name":"Karpaten Meat","description":"from grass to beef","potentialAction":[{"@type":"SearchAction","target":{"@type":"EntryPoint","urlTemplate":"https:\/\/karpaten-meat.com\/?s={search_term_string}"},"query-input":"required name=search_term_string"}],"inLanguage":"de"}]}},"_links":{"self":[{"href":"https:\/\/karpaten-meat.com\/de\/wp-json\/wp\/v2\/pages\/11925"}],"collection":[{"href":"https:\/\/karpaten-meat.com\/de\/wp-json\/wp\/v2\/pages"}],"about":[{"href":"https:\/\/karpaten-meat.com\/de\/wp-json\/wp\/v2\/types\/page"}],"author":[{"embeddable":true,"href":"https:\/\/karpaten-meat.com\/de\/wp-json\/wp\/v2\/users\/1"}],"replies":[{"embeddable":true,"href":"https:\/\/karpaten-meat.com\/de\/wp-json\/wp\/v2\/comments?post=11925"}],"version-history":[{"count":3,"href":"https:\/\/karpaten-meat.com\/de\/wp-json\/wp\/v2\/pages\/11925\/revisions"}],"predecessor-version":[{"id":11928,"href":"https:\/\/karpaten-meat.com\/de\/wp-json\/wp\/v2\/pages\/11925\/revisions\/11928"}],"up":[{"embeddable":true,"href":"https:\/\/karpaten-meat.com\/de\/wp-json\/wp\/v2\/pages\/11320"}],"wp:attachment":[{"href":"https:\/\/karpaten-meat.com\/de\/wp-json\/wp\/v2\/media?parent=11925"}],"curies":[{"name":"wp","href":"https:\/\/api.w.org\/{rel}","templated":true}]}}