{"id":11942,"date":"2019-07-04T11:54:51","date_gmt":"2019-07-04T11:54:51","guid":{"rendered":"https:\/\/karpaten-meat.com\/fleischvermarktung\/angus-rindfleisch\/"},"modified":"2019-07-04T12:01:21","modified_gmt":"2019-07-04T12:01:21","slug":"angus-rindfleisch","status":"publish","type":"page","link":"https:\/\/karpaten-meat.com\/de\/fleischvermarktung\/angus-rindfleisch\/","title":{"rendered":"ANGUS-RINDFLEISCH"},"content":{"rendered":"<div class=\"wpb-content-wrapper\"><p>[vc_row][vc_column][vc_gallery interval=&#8220;5&#8243; images=&#8220;656,660&#8243; img_size=&#8220;full&#8220; onclick=&#8220;&#8220; disable_navigation_arrows=&#8220;yes&#8220; show_navigation_controls=&#8220;yes&#8220;][\/vc_column][\/vc_row][vc_row][vc_column][vc_column_text]<\/p>\n<h3>ANGUS-RINDFLEISCH<\/h3>\n<p>[\/vc_column_text][\/vc_column][\/vc_row][vc_row][vc_column width=&#8220;1\/2&#8243; css=&#8220;.vc_custom_1484143690019{margin-top: 20px !important;margin-bottom: 40px !important;}&#8220;][vc_column_text]<a href=\"http:\/\/karpaten-meat.com\/breeding\/angus-breeding\/\"><strong>Nat\u00fcrliches Fleisch<\/strong><\/a><\/p>\n<p>Das ganze Jahr \u00fcber grasen die Tiere auf der Weide und fressen unbegrenzt Gras, Klee und Luzerne. Winters\u00fcber erhalten sie nat\u00fcrliche Futtermittel und diverse Silagearten als Zusatzfutter. Unsere Rinderzucht ist umweltvertr\u00e4glich und nachhaltig. Beim Grasen d\u00fcngen die Tiere den Boden und sorgen so f\u00fcr den gr\u00f6\u00dften Teil der notwendigen N\u00e4hrstoffe f\u00fcr die n\u00e4chste Grasernte.<\/p>\n<p>&nbsp;<\/p>\n<p><a href=\"http:\/\/karpaten-meat.com\/breeding\/angus-breeding\/\"><strong>Stressfreies Fleisch<\/strong><\/a><\/p>\n<p><a href=\"\/?page_id=4596\"><strong>In der hohen Fleischqualit\u00e4t<\/strong><\/a>\u00a0 \u00a0 widerspiegelt sich der Wohlstand der Rinder w\u00e4hrend der Aufzucht. In der stressarmen Umgebung, in der sie aufwachsen, sind die Rinder ruhiger, leichtf\u00fchriger, so dass das Endprodukt viel hochwertiger ist.<\/p>\n<p>&nbsp;<\/p>\n<p><a href=\"http:\/\/karpaten-meat.com\/sales-beef\/\"><strong>Gesundes Fleisch<\/strong><\/a><\/p>\n<p>Unser Rindfleisch entspricht den Anspr\u00fcchen von Premium-Fleischverbraucher: gesund, sicher und r\u00fcckverfolgbar. In der Zucht der Rinder werden keine Antibiotika, Wachstumshormone oder tierische Nebenprodukte verwendet. In der Ausmastphase werden geringe Mengen Getreide zugef\u00fcttert, um eine faine Marmorierung mit wei\u00dfem Fettgewebe zu erzielen.[\/vc_column_text][\/vc_column][vc_column width=&#8220;1\/2&#8243; css=&#8220;.vc_custom_1488274413896{margin-top: 20px !important;margin-bottom: 40px !important;}&#8220;][vc_column_text]<a href=\"http:\/\/karpaten-meat.com\/sales-beef\/angus-quality\/\"><strong>Marmoriertes Fleisch<\/strong><\/a><\/p>\n<p>Die Marmorierung ist das Ge\u00e4st aus feinen Fett\u00e4derchen, die das Fleisch durchziehen; sie schmelzen beim Zubereiten und sind verantwortlich f\u00fcr das zarte, intensive Aroma. Die Marmorierung wird auch durch die Art und Weise der Mast beeinflusst. Das Zwischenmuskelfett spielt schon bei Mastbeginn eine entscheidende Rolle in der Fleischqualit\u00e4t, weil dadurch die Muskelfasern zarter werden.<\/p>\n<p>&nbsp;<\/p>\n<p><a href=\"http:\/\/karpaten-meat.com\/sales-beef\/angus-quality\/\"><strong>Fleisch aus kontrollierter Aufzucht<\/strong><\/a><\/p>\n<p>Der gesamte Fleischproduktionsprozess wird durch das Zertifizierungssystem <em>Quality Guaranteed by Angus Group<\/em> kontrolliert. Unser Klassifizierungssystem der Schlachtk\u00f6rper sichert einen konstanten Marmorierungsgrad und\u00a0 kundengerechte H\u00f6chstqualit\u00e4t.<\/p>\n<p>&nbsp;<\/p>\n<p><a href=\"http:\/\/karpaten-meat.com\/sales-beef\/angus-quality\/\"><strong>Gereiftes Fleisch<\/strong><\/a><\/p>\n<p>Trockenreifung ist die geeignetste Form der Reifung f\u00fcr Premium-Fleisch, daher wenden wir diese Methode auch in unserem Betrieb an. Das hei\u00dft, Schlachtk\u00f6rper oder Teilst\u00fccke werden bei Temperaturen um den Gefrierpunkt, 18 bis 21 Tage gereift, damit alle Qualit\u00e4tsmerkmale des Rindfleisches sich optimal entfalten anpr\u00e4gen.[\/vc_column_text][\/vc_column][\/vc_row][vc_row][vc_column css=&#8220;.vc_custom_1478860377967{margin-bottom: 40px !important;}&#8220;][\/vc_column][\/vc_row]<\/p>\n<\/div>","protected":false},"excerpt":{"rendered":"<p>[vc_row][vc_column][vc_gallery interval=&#8220;5&#8243; images=&#8220;656,660&#8243; img_size=&#8220;full&#8220; onclick=&#8220;&#8220; disable_navigation_arrows=&#8220;yes&#8220; show_navigation_controls=&#8220;yes&#8220;][\/vc_column][\/vc_row][vc_row][vc_column][vc_column_text] ANGUS-RINDFLEISCH [\/vc_column_text][\/vc_column][\/vc_row][vc_row][vc_column width=&#8220;1\/2&#8243; css=&#8220;.vc_custom_1484143690019{margin-top: 20px !important;margin-bottom: 40px !important;}&#8220;][vc_column_text]Nat\u00fcrliches Fleisch Das ganze Jahr \u00fcber grasen die Tiere auf der&#8230;<\/p>\n","protected":false},"author":1,"featured_media":0,"parent":11838,"menu_order":0,"comment_status":"closed","ping_status":"closed","template":"","meta":{"_exactmetrics_skip_tracking":false,"_exactmetrics_sitenote_active":false,"_exactmetrics_sitenote_note":"","_exactmetrics_sitenote_category":0,"footnotes":""},"yoast_head":"<!-- This site is optimized with the Yoast SEO plugin v23.0 - https:\/\/yoast.com\/wordpress\/plugins\/seo\/ -->\n<title>ANGUS-RINDFLEISCH - Karpaten Meat<\/title>\n<meta name=\"robots\" content=\"index, follow, max-snippet:-1, max-image-preview:large, max-video-preview:-1\" \/>\n<link rel=\"canonical\" href=\"https:\/\/karpaten-meat.com\/vanzare-carne\/carne-angus\/\" \/>\n<meta property=\"og:locale\" content=\"de_DE\" \/>\n<meta property=\"og:type\" content=\"article\" \/>\n<meta property=\"og:title\" content=\"ANGUS-RINDFLEISCH - Karpaten Meat\" \/>\n<meta property=\"og:description\" content=\"[vc_row][vc_column][vc_gallery interval=&#8220;5&#8243; images=&#8220;656,660&#8243; img_size=&#8220;full&#8220; onclick=&#8220;&#8220; disable_navigation_arrows=&#8220;yes&#8220; show_navigation_controls=&#8220;yes&#8220;][\/vc_column][\/vc_row][vc_row][vc_column][vc_column_text] ANGUS-RINDFLEISCH [\/vc_column_text][\/vc_column][\/vc_row][vc_row][vc_column width=&#8220;1\/2&#8243; css=&#8220;.vc_custom_1484143690019{margin-top: 20px !important;margin-bottom: 40px !important;}&#8220;][vc_column_text]Nat\u00fcrliches Fleisch Das ganze Jahr \u00fcber grasen die Tiere auf der...\" \/>\n<meta property=\"og:url\" content=\"https:\/\/karpaten-meat.com\/vanzare-carne\/carne-angus\/\" \/>\n<meta property=\"og:site_name\" content=\"Karpaten Meat\" \/>\n<meta property=\"article:modified_time\" content=\"2019-07-04T12:01:21+00:00\" \/>\n<meta name=\"twitter:card\" content=\"summary_large_image\" \/>\n<meta name=\"twitter:label1\" content=\"Gesch\u00e4tzte Lesezeit\" \/>\n\t<meta name=\"twitter:data1\" content=\"2\u00a0Minuten\" \/>\n<script type=\"application\/ld+json\" class=\"yoast-schema-graph\">{\"@context\":\"https:\/\/schema.org\",\"@graph\":[{\"@type\":\"WebPage\",\"@id\":\"https:\/\/karpaten-meat.com\/vanzare-carne\/carne-angus\/\",\"url\":\"https:\/\/karpaten-meat.com\/vanzare-carne\/carne-angus\/\",\"name\":\"ANGUS-RINDFLEISCH - Karpaten Meat\",\"isPartOf\":{\"@id\":\"https:\/\/karpaten-meat.com\/#website\"},\"datePublished\":\"2019-07-04T11:54:51+00:00\",\"dateModified\":\"2019-07-04T12:01:21+00:00\",\"breadcrumb\":{\"@id\":\"https:\/\/karpaten-meat.com\/vanzare-carne\/carne-angus\/#breadcrumb\"},\"inLanguage\":\"de\",\"potentialAction\":[{\"@type\":\"ReadAction\",\"target\":[\"https:\/\/karpaten-meat.com\/vanzare-carne\/carne-angus\/\"]}]},{\"@type\":\"BreadcrumbList\",\"@id\":\"https:\/\/karpaten-meat.com\/vanzare-carne\/carne-angus\/#breadcrumb\",\"itemListElement\":[{\"@type\":\"ListItem\",\"position\":1,\"name\":\"Prima pagin\u0103\",\"item\":\"https:\/\/karpaten-meat.com\/de\/\"},{\"@type\":\"ListItem\",\"position\":2,\"name\":\"FLEISCHVERMARKTUNG\",\"item\":\"https:\/\/karpaten-meat.com\/vanzare-carne\/\"},{\"@type\":\"ListItem\",\"position\":3,\"name\":\"ANGUS-RINDFLEISCH\"}]},{\"@type\":\"WebSite\",\"@id\":\"https:\/\/karpaten-meat.com\/#website\",\"url\":\"https:\/\/karpaten-meat.com\/\",\"name\":\"Karpaten Meat\",\"description\":\"from grass to beef\",\"potentialAction\":[{\"@type\":\"SearchAction\",\"target\":{\"@type\":\"EntryPoint\",\"urlTemplate\":\"https:\/\/karpaten-meat.com\/?s={search_term_string}\"},\"query-input\":\"required name=search_term_string\"}],\"inLanguage\":\"de\"}]}<\/script>\n<!-- \/ Yoast SEO plugin. -->","yoast_head_json":{"title":"ANGUS-RINDFLEISCH - Karpaten Meat","robots":{"index":"index","follow":"follow","max-snippet":"max-snippet:-1","max-image-preview":"max-image-preview:large","max-video-preview":"max-video-preview:-1"},"canonical":"https:\/\/karpaten-meat.com\/vanzare-carne\/carne-angus\/","og_locale":"de_DE","og_type":"article","og_title":"ANGUS-RINDFLEISCH - Karpaten Meat","og_description":"[vc_row][vc_column][vc_gallery interval=&#8220;5&#8243; images=&#8220;656,660&#8243; img_size=&#8220;full&#8220; onclick=&#8220;&#8220; disable_navigation_arrows=&#8220;yes&#8220; show_navigation_controls=&#8220;yes&#8220;][\/vc_column][\/vc_row][vc_row][vc_column][vc_column_text] ANGUS-RINDFLEISCH [\/vc_column_text][\/vc_column][\/vc_row][vc_row][vc_column width=&#8220;1\/2&#8243; css=&#8220;.vc_custom_1484143690019{margin-top: 20px !important;margin-bottom: 40px !important;}&#8220;][vc_column_text]Nat\u00fcrliches Fleisch Das ganze Jahr \u00fcber grasen die Tiere auf der...","og_url":"https:\/\/karpaten-meat.com\/vanzare-carne\/carne-angus\/","og_site_name":"Karpaten Meat","article_modified_time":"2019-07-04T12:01:21+00:00","twitter_card":"summary_large_image","twitter_misc":{"Gesch\u00e4tzte Lesezeit":"2\u00a0Minuten"},"schema":{"@context":"https:\/\/schema.org","@graph":[{"@type":"WebPage","@id":"https:\/\/karpaten-meat.com\/vanzare-carne\/carne-angus\/","url":"https:\/\/karpaten-meat.com\/vanzare-carne\/carne-angus\/","name":"ANGUS-RINDFLEISCH - Karpaten Meat","isPartOf":{"@id":"https:\/\/karpaten-meat.com\/#website"},"datePublished":"2019-07-04T11:54:51+00:00","dateModified":"2019-07-04T12:01:21+00:00","breadcrumb":{"@id":"https:\/\/karpaten-meat.com\/vanzare-carne\/carne-angus\/#breadcrumb"},"inLanguage":"de","potentialAction":[{"@type":"ReadAction","target":["https:\/\/karpaten-meat.com\/vanzare-carne\/carne-angus\/"]}]},{"@type":"BreadcrumbList","@id":"https:\/\/karpaten-meat.com\/vanzare-carne\/carne-angus\/#breadcrumb","itemListElement":[{"@type":"ListItem","position":1,"name":"Prima pagin\u0103","item":"https:\/\/karpaten-meat.com\/de\/"},{"@type":"ListItem","position":2,"name":"FLEISCHVERMARKTUNG","item":"https:\/\/karpaten-meat.com\/vanzare-carne\/"},{"@type":"ListItem","position":3,"name":"ANGUS-RINDFLEISCH"}]},{"@type":"WebSite","@id":"https:\/\/karpaten-meat.com\/#website","url":"https:\/\/karpaten-meat.com\/","name":"Karpaten Meat","description":"from grass to beef","potentialAction":[{"@type":"SearchAction","target":{"@type":"EntryPoint","urlTemplate":"https:\/\/karpaten-meat.com\/?s={search_term_string}"},"query-input":"required name=search_term_string"}],"inLanguage":"de"}]}},"_links":{"self":[{"href":"https:\/\/karpaten-meat.com\/de\/wp-json\/wp\/v2\/pages\/11942"}],"collection":[{"href":"https:\/\/karpaten-meat.com\/de\/wp-json\/wp\/v2\/pages"}],"about":[{"href":"https:\/\/karpaten-meat.com\/de\/wp-json\/wp\/v2\/types\/page"}],"author":[{"embeddable":true,"href":"https:\/\/karpaten-meat.com\/de\/wp-json\/wp\/v2\/users\/1"}],"replies":[{"embeddable":true,"href":"https:\/\/karpaten-meat.com\/de\/wp-json\/wp\/v2\/comments?post=11942"}],"version-history":[{"count":1,"href":"https:\/\/karpaten-meat.com\/de\/wp-json\/wp\/v2\/pages\/11942\/revisions"}],"predecessor-version":[{"id":11943,"href":"https:\/\/karpaten-meat.com\/de\/wp-json\/wp\/v2\/pages\/11942\/revisions\/11943"}],"up":[{"embeddable":true,"href":"https:\/\/karpaten-meat.com\/de\/wp-json\/wp\/v2\/pages\/11838"}],"wp:attachment":[{"href":"https:\/\/karpaten-meat.com\/de\/wp-json\/wp\/v2\/media?parent=11942"}],"curies":[{"name":"wp","href":"https:\/\/api.w.org\/{rel}","templated":true}]}}