{"id":11945,"date":"2019-07-04T12:50:02","date_gmt":"2019-07-04T12:50:02","guid":{"rendered":"https:\/\/karpaten-meat.com\/fleischvermarktung\/angus-qualitat\/"},"modified":"2019-07-04T12:52:04","modified_gmt":"2019-07-04T12:52:04","slug":"angus-qualitat","status":"publish","type":"page","link":"https:\/\/karpaten-meat.com\/de\/fleischvermarktung\/angus-qualitat\/","title":{"rendered":"ANGUS QUALIT\u00c4T"},"content":{"rendered":"<div class=\"wpb-content-wrapper\"><p>[vc_row][vc_column][vc_gallery interval=&#8220;5&#8243; images=&#8220;870,664&#8243; img_size=&#8220;full&#8220; onclick=&#8220;&#8220; disable_navigation_arrows=&#8220;yes&#8220; show_navigation_controls=&#8220;yes&#8220;][\/vc_column][\/vc_row][vc_row][vc_column][vc_column_text]<\/p>\n<h3>ANGUS\u00a0QUALIT\u00c4T<\/h3>\n<p>[\/vc_column_text][\/vc_column][\/vc_row][vc_row][vc_column width=&#8220;1\/2&#8243; css=&#8220;.vc_custom_1488274370539{margin-top: 20px !important;margin-bottom: 40px !important;}&#8220;][vc_column_text]Der Verbraucher erwartet vom Fleischerzeuger Transparenz, Qualit\u00e4t und gleichbleibende Produkteigenschaften \u2013 ein Wunsch, den wir erf\u00fcllen und dem wir durch das international anerkannte Markenfleischprogramm <em>Quality Guaranteed by Angus Group <\/em>gerecht werden. Unser Angus-Rindfleisch verdient Ihr Vertrauen!<\/p>\n<p>&nbsp;<\/p>\n<p>Das gesamte\u00a0<a href=\"http:\/\/karpaten-meat.com\/breeding\/\"><strong>Produktionssystem \u2013 vom Gras bis zum Fleisch auf dem Teller \u2013 ist ein kontrollierter und \u00fcberwachter Prozess<\/strong><\/a>. Grundlage ist eine <a href=\"http:\/\/karpaten-meat.com\/breeding\/angus-breeding\/\"><strong>Top-Genetik<\/strong><\/a>, gefolgt von entsprechender Reproduktion, <a href=\"http:\/\/karpaten-meat.com\/sales-cattle\/technical\/\"><strong>professionellem Betriebsmanagement<\/strong><\/a>, <a href=\"http:\/\/karpaten-meat.com\/group\/agriculture\/\"><strong>nat\u00fcrlichen Futtermittel sowie<\/strong><\/a> <strong>fachgerechter Schlachtung, Zerlegung und Verarbeitung<\/strong>. Dieses komplette Produktionssystem gew\u00e4hrleistet ein fein marmoriertes, zartes und aromatisches Qualit\u00e4tsfleisch, das sich geschmacklich vom Fleisch aller anderen Rinderrassen abhebt und jedem Vergleich standhalten kann.<\/p>\n<p>&nbsp;<\/p>\n<p>Wir richten uns nach Schweizer Qualit\u00e4tsstandards, das hei\u00dft, die Zucht unserer Rinder erfolgt umwelt- und tiergerecht.[\/vc_column_text][\/vc_column][vc_column width=&#8220;1\/2&#8243; css=&#8220;.vc_custom_1488274379609{margin-top: 20px !important;margin-bottom: 40px !important;}&#8220;][vc_column_text]Die Schweizer Vorschriften werden bei der Bewirtschaftung unserer Anguszucht konsequent angewendet und eingehalten. Der gesamte Produktionsprozess unterliegt in allen Etappen strengen Qualit\u00e4tskontrollen und wird durch\u00a0 <em>Quality Guaranteed by Angus Group<\/em> zertifiziert, ein internationales System zur Qualit\u00e4ts\u00fcberwachung in der Anguszucht, anerkannt als <a href=\"http:\/\/karpaten-meat.com\/sales-beef\/angus-beef\/\"><strong>Qualit\u00e4ts-Standard in der Rindfleischproduktion<\/strong><\/a>. Auf diese Weise k\u00f6nnen wir unseren Kunden hochwertiges, zartes, feinfaseriges Angusrindfleisch von einzigartigem Geschmack liefern.<\/p>\n<p>&nbsp;<\/p>\n<p>&nbsp;<\/p>\n<p>Von der Zucht bis zur Schlachtung, Zerlegung und Verpackung werden alle Produktionsschritte sorgf\u00e4ltig verfolgt und kontrolliert. Die Spezialisten von <em>Angus Group Quality Guaranteed<\/em> \u00fcberwachen den Produktionsprozess und pr\u00fcfen die Klassifizierung der Schlachtk\u00f6rper. Das Zertifikatssiegel best\u00e4tigt Identit\u00e4t und Qualit\u00e4t des Produktes, im Einklang mit internationalen Standards, und versichert Fleischgeniesser der hohen Qualit\u00e4t unseres Rindfleisches.[\/vc_column_text][\/vc_column][\/vc_row][vc_row][vc_column css=&#8220;.vc_custom_1478860377967{margin-bottom: 40px !important;}&#8220;][\/vc_column][\/vc_row]<\/p>\n<\/div>","protected":false},"excerpt":{"rendered":"<p>[vc_row][vc_column][vc_gallery interval=&#8220;5&#8243; images=&#8220;870,664&#8243; img_size=&#8220;full&#8220; onclick=&#8220;&#8220; disable_navigation_arrows=&#8220;yes&#8220; show_navigation_controls=&#8220;yes&#8220;][\/vc_column][\/vc_row][vc_row][vc_column][vc_column_text] ANGUS\u00a0QUALIT\u00c4T [\/vc_column_text][\/vc_column][\/vc_row][vc_row][vc_column width=&#8220;1\/2&#8243; css=&#8220;.vc_custom_1488274370539{margin-top: 20px !important;margin-bottom: 40px !important;}&#8220;][vc_column_text]Der Verbraucher erwartet vom Fleischerzeuger Transparenz, Qualit\u00e4t und gleichbleibende Produkteigenschaften \u2013&#8230;<\/p>\n","protected":false},"author":1,"featured_media":0,"parent":11838,"menu_order":0,"comment_status":"closed","ping_status":"closed","template":"","meta":{"_exactmetrics_skip_tracking":false,"_exactmetrics_sitenote_active":false,"_exactmetrics_sitenote_note":"","_exactmetrics_sitenote_category":0,"footnotes":""},"yoast_head":"<!-- This site is optimized with the Yoast SEO plugin v23.0 - https:\/\/yoast.com\/wordpress\/plugins\/seo\/ -->\n<title>ANGUS QUALIT\u00c4T - Karpaten Meat<\/title>\n<meta name=\"robots\" content=\"index, follow, max-snippet:-1, max-image-preview:large, max-video-preview:-1\" \/>\n<link rel=\"canonical\" href=\"https:\/\/karpaten-meat.com\/vanzare-carne\/calitate\/\" \/>\n<meta property=\"og:locale\" content=\"de_DE\" \/>\n<meta property=\"og:type\" content=\"article\" \/>\n<meta property=\"og:title\" content=\"ANGUS QUALIT\u00c4T - Karpaten Meat\" \/>\n<meta property=\"og:description\" content=\"[vc_row][vc_column][vc_gallery interval=&#8220;5&#8243; images=&#8220;870,664&#8243; img_size=&#8220;full&#8220; onclick=&#8220;&#8220; disable_navigation_arrows=&#8220;yes&#8220; show_navigation_controls=&#8220;yes&#8220;][\/vc_column][\/vc_row][vc_row][vc_column][vc_column_text] ANGUS\u00a0QUALIT\u00c4T [\/vc_column_text][\/vc_column][\/vc_row][vc_row][vc_column width=&#8220;1\/2&#8243; css=&#8220;.vc_custom_1488274370539{margin-top: 20px !important;margin-bottom: 40px !important;}&#8220;][vc_column_text]Der Verbraucher erwartet vom Fleischerzeuger Transparenz, Qualit\u00e4t und gleichbleibende Produkteigenschaften \u2013...\" \/>\n<meta property=\"og:url\" content=\"https:\/\/karpaten-meat.com\/vanzare-carne\/calitate\/\" \/>\n<meta property=\"og:site_name\" content=\"Karpaten Meat\" \/>\n<meta property=\"article:modified_time\" content=\"2019-07-04T12:52:04+00:00\" \/>\n<meta name=\"twitter:card\" content=\"summary_large_image\" \/>\n<meta name=\"twitter:label1\" content=\"Gesch\u00e4tzte Lesezeit\" \/>\n\t<meta name=\"twitter:data1\" content=\"2\u00a0Minuten\" \/>\n<script type=\"application\/ld+json\" class=\"yoast-schema-graph\">{\"@context\":\"https:\/\/schema.org\",\"@graph\":[{\"@type\":\"WebPage\",\"@id\":\"https:\/\/karpaten-meat.com\/vanzare-carne\/calitate\/\",\"url\":\"https:\/\/karpaten-meat.com\/vanzare-carne\/calitate\/\",\"name\":\"ANGUS QUALIT\u00c4T - Karpaten Meat\",\"isPartOf\":{\"@id\":\"https:\/\/karpaten-meat.com\/#website\"},\"datePublished\":\"2019-07-04T12:50:02+00:00\",\"dateModified\":\"2019-07-04T12:52:04+00:00\",\"breadcrumb\":{\"@id\":\"https:\/\/karpaten-meat.com\/vanzare-carne\/calitate\/#breadcrumb\"},\"inLanguage\":\"de\",\"potentialAction\":[{\"@type\":\"ReadAction\",\"target\":[\"https:\/\/karpaten-meat.com\/vanzare-carne\/calitate\/\"]}]},{\"@type\":\"BreadcrumbList\",\"@id\":\"https:\/\/karpaten-meat.com\/vanzare-carne\/calitate\/#breadcrumb\",\"itemListElement\":[{\"@type\":\"ListItem\",\"position\":1,\"name\":\"Prima pagin\u0103\",\"item\":\"https:\/\/karpaten-meat.com\/de\/\"},{\"@type\":\"ListItem\",\"position\":2,\"name\":\"FLEISCHVERMARKTUNG\",\"item\":\"https:\/\/karpaten-meat.com\/vanzare-carne\/\"},{\"@type\":\"ListItem\",\"position\":3,\"name\":\"ANGUS QUALIT\u00c4T\"}]},{\"@type\":\"WebSite\",\"@id\":\"https:\/\/karpaten-meat.com\/#website\",\"url\":\"https:\/\/karpaten-meat.com\/\",\"name\":\"Karpaten Meat\",\"description\":\"from grass to beef\",\"potentialAction\":[{\"@type\":\"SearchAction\",\"target\":{\"@type\":\"EntryPoint\",\"urlTemplate\":\"https:\/\/karpaten-meat.com\/?s={search_term_string}\"},\"query-input\":\"required name=search_term_string\"}],\"inLanguage\":\"de\"}]}<\/script>\n<!-- \/ Yoast SEO plugin. -->","yoast_head_json":{"title":"ANGUS QUALIT\u00c4T - Karpaten Meat","robots":{"index":"index","follow":"follow","max-snippet":"max-snippet:-1","max-image-preview":"max-image-preview:large","max-video-preview":"max-video-preview:-1"},"canonical":"https:\/\/karpaten-meat.com\/vanzare-carne\/calitate\/","og_locale":"de_DE","og_type":"article","og_title":"ANGUS QUALIT\u00c4T - Karpaten Meat","og_description":"[vc_row][vc_column][vc_gallery interval=&#8220;5&#8243; images=&#8220;870,664&#8243; img_size=&#8220;full&#8220; onclick=&#8220;&#8220; disable_navigation_arrows=&#8220;yes&#8220; show_navigation_controls=&#8220;yes&#8220;][\/vc_column][\/vc_row][vc_row][vc_column][vc_column_text] ANGUS\u00a0QUALIT\u00c4T [\/vc_column_text][\/vc_column][\/vc_row][vc_row][vc_column width=&#8220;1\/2&#8243; css=&#8220;.vc_custom_1488274370539{margin-top: 20px !important;margin-bottom: 40px !important;}&#8220;][vc_column_text]Der Verbraucher erwartet vom Fleischerzeuger Transparenz, Qualit\u00e4t und gleichbleibende Produkteigenschaften \u2013...","og_url":"https:\/\/karpaten-meat.com\/vanzare-carne\/calitate\/","og_site_name":"Karpaten Meat","article_modified_time":"2019-07-04T12:52:04+00:00","twitter_card":"summary_large_image","twitter_misc":{"Gesch\u00e4tzte Lesezeit":"2\u00a0Minuten"},"schema":{"@context":"https:\/\/schema.org","@graph":[{"@type":"WebPage","@id":"https:\/\/karpaten-meat.com\/vanzare-carne\/calitate\/","url":"https:\/\/karpaten-meat.com\/vanzare-carne\/calitate\/","name":"ANGUS QUALIT\u00c4T - Karpaten Meat","isPartOf":{"@id":"https:\/\/karpaten-meat.com\/#website"},"datePublished":"2019-07-04T12:50:02+00:00","dateModified":"2019-07-04T12:52:04+00:00","breadcrumb":{"@id":"https:\/\/karpaten-meat.com\/vanzare-carne\/calitate\/#breadcrumb"},"inLanguage":"de","potentialAction":[{"@type":"ReadAction","target":["https:\/\/karpaten-meat.com\/vanzare-carne\/calitate\/"]}]},{"@type":"BreadcrumbList","@id":"https:\/\/karpaten-meat.com\/vanzare-carne\/calitate\/#breadcrumb","itemListElement":[{"@type":"ListItem","position":1,"name":"Prima pagin\u0103","item":"https:\/\/karpaten-meat.com\/de\/"},{"@type":"ListItem","position":2,"name":"FLEISCHVERMARKTUNG","item":"https:\/\/karpaten-meat.com\/vanzare-carne\/"},{"@type":"ListItem","position":3,"name":"ANGUS QUALIT\u00c4T"}]},{"@type":"WebSite","@id":"https:\/\/karpaten-meat.com\/#website","url":"https:\/\/karpaten-meat.com\/","name":"Karpaten Meat","description":"from grass to beef","potentialAction":[{"@type":"SearchAction","target":{"@type":"EntryPoint","urlTemplate":"https:\/\/karpaten-meat.com\/?s={search_term_string}"},"query-input":"required name=search_term_string"}],"inLanguage":"de"}]}},"_links":{"self":[{"href":"https:\/\/karpaten-meat.com\/de\/wp-json\/wp\/v2\/pages\/11945"}],"collection":[{"href":"https:\/\/karpaten-meat.com\/de\/wp-json\/wp\/v2\/pages"}],"about":[{"href":"https:\/\/karpaten-meat.com\/de\/wp-json\/wp\/v2\/types\/page"}],"author":[{"embeddable":true,"href":"https:\/\/karpaten-meat.com\/de\/wp-json\/wp\/v2\/users\/1"}],"replies":[{"embeddable":true,"href":"https:\/\/karpaten-meat.com\/de\/wp-json\/wp\/v2\/comments?post=11945"}],"version-history":[{"count":1,"href":"https:\/\/karpaten-meat.com\/de\/wp-json\/wp\/v2\/pages\/11945\/revisions"}],"predecessor-version":[{"id":11946,"href":"https:\/\/karpaten-meat.com\/de\/wp-json\/wp\/v2\/pages\/11945\/revisions\/11946"}],"up":[{"embeddable":true,"href":"https:\/\/karpaten-meat.com\/de\/wp-json\/wp\/v2\/pages\/11838"}],"wp:attachment":[{"href":"https:\/\/karpaten-meat.com\/de\/wp-json\/wp\/v2\/media?parent=11945"}],"curies":[{"name":"wp","href":"https:\/\/api.w.org\/{rel}","templated":true}]}}