{"id":11947,"date":"2019-07-04T12:57:04","date_gmt":"2019-07-04T12:57:04","guid":{"rendered":"https:\/\/karpaten-meat.com\/soziales-engagement\/"},"modified":"2019-07-04T13:04:43","modified_gmt":"2019-07-04T13:04:43","slug":"soziales-engagement","status":"publish","type":"page","link":"https:\/\/karpaten-meat.com\/de\/soziales-engagement\/","title":{"rendered":"SOZIALES ENGAGEMENT"},"content":{"rendered":"<div class=\"wpb-content-wrapper\"><p>[vc_row][vc_column][vc_gallery interval=&#8220;5&#8243; images=&#8220;4014,4015&#8243; img_size=&#8220;full&#8220; onclick=&#8220;&#8220; disable_navigation_arrows=&#8220;yes&#8220; show_navigation_controls=&#8220;yes&#8220;][\/vc_column][\/vc_row][vc_row][vc_column][vc_column_text]<\/p>\n<h3>SOZIALES ENGAGEMENT<\/h3>\n<p>[\/vc_column_text][\/vc_column][\/vc_row][vc_row][vc_column width=&#8220;1\/2&#8243; css=&#8220;.vc_custom_1491416708231{margin-top: 20px !important;margin-bottom: 60px !important;}&#8220;][vc_column_text]F\u00fcr den langfristigen Erfolg eines Unternehmens sind Menschen verantwortlich. Deshalb \u00fcbernehmen wir soziale Verantwortung. Zusammen mit ihren Mitarbeitern engagiert sich die Unternehmensgruppe Karpaten Meat in mehreren sozialen Projekten. Die Auswahl dieser Projekte entspricht dem Leitbild und der T\u00e4tigkeit des Unternehmens; sie werden gem\u00e4\u00df wirtschaftlicher, \u00f6kologischer, sozialer und kultureller Kriterien bewertet und richten sich nach den Bed\u00fcrfnissen der Gesellschaft, in der wir leben.[\/vc_column_text][\/vc_column][vc_column width=&#8220;1\/2&#8243; css=&#8220;.vc_custom_1491416718870{margin-top: 20px !important;margin-bottom: 60px !important;}&#8220;][vc_column_text]Unser sozialer Einsatz kommt zum Ausruck in Projekte zur Entwicklung einer nachhaltigen Landwirtschaft, sowie auch zur Entwicklung des Lebensstandards in den D\u00f6rfern und der Ausbildungsf\u00f6rderung. Das ergibt sich aus unserer \u00dcberzeugung, dass Investitionen in der Ausbildung der Jugend, Investitionen in der Zukunft unserer Gesellschaft sind.[\/vc_column_text][\/vc_column][\/vc_row]<\/p>\n<\/div>","protected":false},"excerpt":{"rendered":"<p>[vc_row][vc_column][vc_gallery interval=&#8220;5&#8243; images=&#8220;4014,4015&#8243; img_size=&#8220;full&#8220; onclick=&#8220;&#8220; disable_navigation_arrows=&#8220;yes&#8220; show_navigation_controls=&#8220;yes&#8220;][\/vc_column][\/vc_row][vc_row][vc_column][vc_column_text] SOZIALES ENGAGEMENT [\/vc_column_text][\/vc_column][\/vc_row][vc_row][vc_column width=&#8220;1\/2&#8243; css=&#8220;.vc_custom_1491416708231{margin-top: 20px !important;margin-bottom: 60px !important;}&#8220;][vc_column_text]F\u00fcr den langfristigen Erfolg eines Unternehmens sind Menschen verantwortlich. Deshalb&#8230;<\/p>\n","protected":false},"author":1,"featured_media":0,"parent":0,"menu_order":0,"comment_status":"closed","ping_status":"closed","template":"","meta":{"_exactmetrics_skip_tracking":false,"_exactmetrics_sitenote_active":false,"_exactmetrics_sitenote_note":"","_exactmetrics_sitenote_category":0,"footnotes":""},"yoast_head":"<!-- This site is optimized with the Yoast SEO plugin v23.0 - https:\/\/yoast.com\/wordpress\/plugins\/seo\/ -->\n<title>SOZIALES ENGAGEMENT - Karpaten Meat<\/title>\n<meta name=\"robots\" content=\"index, follow, max-snippet:-1, max-image-preview:large, max-video-preview:-1\" \/>\n<link rel=\"canonical\" href=\"https:\/\/karpaten-meat.com\/angajament-social\/\" \/>\n<meta property=\"og:locale\" content=\"de_DE\" \/>\n<meta property=\"og:type\" content=\"article\" \/>\n<meta property=\"og:title\" content=\"SOZIALES ENGAGEMENT - Karpaten Meat\" \/>\n<meta property=\"og:description\" content=\"[vc_row][vc_column][vc_gallery interval=&#8220;5&#8243; images=&#8220;4014,4015&#8243; img_size=&#8220;full&#8220; onclick=&#8220;&#8220; disable_navigation_arrows=&#8220;yes&#8220; show_navigation_controls=&#8220;yes&#8220;][\/vc_column][\/vc_row][vc_row][vc_column][vc_column_text] SOZIALES ENGAGEMENT [\/vc_column_text][\/vc_column][\/vc_row][vc_row][vc_column width=&#8220;1\/2&#8243; css=&#8220;.vc_custom_1491416708231{margin-top: 20px !important;margin-bottom: 60px !important;}&#8220;][vc_column_text]F\u00fcr den langfristigen Erfolg eines Unternehmens sind Menschen verantwortlich. Deshalb...\" \/>\n<meta property=\"og:url\" content=\"https:\/\/karpaten-meat.com\/angajament-social\/\" \/>\n<meta property=\"og:site_name\" content=\"Karpaten Meat\" \/>\n<meta property=\"article:modified_time\" content=\"2019-07-04T13:04:43+00:00\" \/>\n<meta name=\"twitter:card\" content=\"summary_large_image\" \/>\n<meta name=\"twitter:label1\" content=\"Gesch\u00e4tzte Lesezeit\" \/>\n\t<meta name=\"twitter:data1\" content=\"1\u00a0Minute\" \/>\n<script type=\"application\/ld+json\" class=\"yoast-schema-graph\">{\"@context\":\"https:\/\/schema.org\",\"@graph\":[{\"@type\":\"WebPage\",\"@id\":\"https:\/\/karpaten-meat.com\/angajament-social\/\",\"url\":\"https:\/\/karpaten-meat.com\/angajament-social\/\",\"name\":\"SOZIALES ENGAGEMENT - Karpaten Meat\",\"isPartOf\":{\"@id\":\"https:\/\/karpaten-meat.com\/#website\"},\"datePublished\":\"2019-07-04T12:57:04+00:00\",\"dateModified\":\"2019-07-04T13:04:43+00:00\",\"breadcrumb\":{\"@id\":\"https:\/\/karpaten-meat.com\/angajament-social\/#breadcrumb\"},\"inLanguage\":\"de\",\"potentialAction\":[{\"@type\":\"ReadAction\",\"target\":[\"https:\/\/karpaten-meat.com\/angajament-social\/\"]}]},{\"@type\":\"BreadcrumbList\",\"@id\":\"https:\/\/karpaten-meat.com\/angajament-social\/#breadcrumb\",\"itemListElement\":[{\"@type\":\"ListItem\",\"position\":1,\"name\":\"Prima pagin\u0103\",\"item\":\"https:\/\/karpaten-meat.com\/de\/\"},{\"@type\":\"ListItem\",\"position\":2,\"name\":\"SOZIALES ENGAGEMENT\"}]},{\"@type\":\"WebSite\",\"@id\":\"https:\/\/karpaten-meat.com\/#website\",\"url\":\"https:\/\/karpaten-meat.com\/\",\"name\":\"Karpaten Meat\",\"description\":\"from grass to beef\",\"potentialAction\":[{\"@type\":\"SearchAction\",\"target\":{\"@type\":\"EntryPoint\",\"urlTemplate\":\"https:\/\/karpaten-meat.com\/?s={search_term_string}\"},\"query-input\":\"required name=search_term_string\"}],\"inLanguage\":\"de\"}]}<\/script>\n<!-- \/ Yoast SEO plugin. -->","yoast_head_json":{"title":"SOZIALES ENGAGEMENT - Karpaten Meat","robots":{"index":"index","follow":"follow","max-snippet":"max-snippet:-1","max-image-preview":"max-image-preview:large","max-video-preview":"max-video-preview:-1"},"canonical":"https:\/\/karpaten-meat.com\/angajament-social\/","og_locale":"de_DE","og_type":"article","og_title":"SOZIALES ENGAGEMENT - Karpaten Meat","og_description":"[vc_row][vc_column][vc_gallery interval=&#8220;5&#8243; images=&#8220;4014,4015&#8243; img_size=&#8220;full&#8220; onclick=&#8220;&#8220; disable_navigation_arrows=&#8220;yes&#8220; show_navigation_controls=&#8220;yes&#8220;][\/vc_column][\/vc_row][vc_row][vc_column][vc_column_text] SOZIALES ENGAGEMENT [\/vc_column_text][\/vc_column][\/vc_row][vc_row][vc_column width=&#8220;1\/2&#8243; css=&#8220;.vc_custom_1491416708231{margin-top: 20px !important;margin-bottom: 60px !important;}&#8220;][vc_column_text]F\u00fcr den langfristigen Erfolg eines Unternehmens sind Menschen verantwortlich. Deshalb...","og_url":"https:\/\/karpaten-meat.com\/angajament-social\/","og_site_name":"Karpaten Meat","article_modified_time":"2019-07-04T13:04:43+00:00","twitter_card":"summary_large_image","twitter_misc":{"Gesch\u00e4tzte Lesezeit":"1\u00a0Minute"},"schema":{"@context":"https:\/\/schema.org","@graph":[{"@type":"WebPage","@id":"https:\/\/karpaten-meat.com\/angajament-social\/","url":"https:\/\/karpaten-meat.com\/angajament-social\/","name":"SOZIALES ENGAGEMENT - Karpaten Meat","isPartOf":{"@id":"https:\/\/karpaten-meat.com\/#website"},"datePublished":"2019-07-04T12:57:04+00:00","dateModified":"2019-07-04T13:04:43+00:00","breadcrumb":{"@id":"https:\/\/karpaten-meat.com\/angajament-social\/#breadcrumb"},"inLanguage":"de","potentialAction":[{"@type":"ReadAction","target":["https:\/\/karpaten-meat.com\/angajament-social\/"]}]},{"@type":"BreadcrumbList","@id":"https:\/\/karpaten-meat.com\/angajament-social\/#breadcrumb","itemListElement":[{"@type":"ListItem","position":1,"name":"Prima pagin\u0103","item":"https:\/\/karpaten-meat.com\/de\/"},{"@type":"ListItem","position":2,"name":"SOZIALES ENGAGEMENT"}]},{"@type":"WebSite","@id":"https:\/\/karpaten-meat.com\/#website","url":"https:\/\/karpaten-meat.com\/","name":"Karpaten Meat","description":"from grass to beef","potentialAction":[{"@type":"SearchAction","target":{"@type":"EntryPoint","urlTemplate":"https:\/\/karpaten-meat.com\/?s={search_term_string}"},"query-input":"required name=search_term_string"}],"inLanguage":"de"}]}},"_links":{"self":[{"href":"https:\/\/karpaten-meat.com\/de\/wp-json\/wp\/v2\/pages\/11947"}],"collection":[{"href":"https:\/\/karpaten-meat.com\/de\/wp-json\/wp\/v2\/pages"}],"about":[{"href":"https:\/\/karpaten-meat.com\/de\/wp-json\/wp\/v2\/types\/page"}],"author":[{"embeddable":true,"href":"https:\/\/karpaten-meat.com\/de\/wp-json\/wp\/v2\/users\/1"}],"replies":[{"embeddable":true,"href":"https:\/\/karpaten-meat.com\/de\/wp-json\/wp\/v2\/comments?post=11947"}],"version-history":[{"count":1,"href":"https:\/\/karpaten-meat.com\/de\/wp-json\/wp\/v2\/pages\/11947\/revisions"}],"predecessor-version":[{"id":11948,"href":"https:\/\/karpaten-meat.com\/de\/wp-json\/wp\/v2\/pages\/11947\/revisions\/11948"}],"wp:attachment":[{"href":"https:\/\/karpaten-meat.com\/de\/wp-json\/wp\/v2\/media?parent=11947"}],"curies":[{"name":"wp","href":"https:\/\/api.w.org\/{rel}","templated":true}]}}