{"id":4552,"date":"2017-07-19T11:41:15","date_gmt":"2017-07-19T11:41:15","guid":{"rendered":"http:\/\/devel.karpaten-meat.com\/?page_id=4552\/"},"modified":"2018-02-13T12:12:40","modified_gmt":"2018-02-13T12:12:40","slug":"kmg-in-romania","status":"publish","type":"page","link":"https:\/\/karpaten-meat.com\/en\/the-group\/kmg-in-romania\/","title":{"rendered":"KMG IN ROMANIA"},"content":{"rendered":"<div class=\"wpb-content-wrapper\"><p>[vc_row][vc_column][vc_gallery interval=&#8221;5&#8243; images=&#8221;948,611&#8243; img_size=&#8221;full&#8221; onclick=&#8221;&#8221; disable_navigation_arrows=&#8221;yes&#8221; show_navigation_controls=&#8221;yes&#8221;][\/vc_column][\/vc_row][vc_row][vc_column][vc_column_text]<\/p>\n<h3><b>KMG IN ROMANIA<\/b><\/h3>\n<p>[\/vc_column_text][\/vc_column][\/vc_row][vc_row][vc_column width=&#8221;1\/2&#8243; css=&#8221;.vc_custom_1492015768414{margin-top: 20px !important;margin-bottom: 10px !important;}&#8221;][vc_column_text]<span style=\"font-weight: 400;\">The project of creating an Angus beef cattle business started ten years ago, when its founders decided to give a chance to Romania\u2019s boundless natural potential. In time, they have turned from individual entrepreneurs into corporate developers, but everything started with an idea and a dream. For farmers with both courage and entrepreneurship, Romania is a country with almost endless possibilities, as the general manager of Karpaten Meat Group says: \u201cRomania is the country as far as the eye can see\u201d. Here Samuel Widmer and Stefan Jung found the ideal conditions for premium beef production on sustainable grasslands. <\/span><\/p>\n<p><span style=\"font-weight: 400;\">On a trip to Romania the founders saw the real potential of Transylvanian grasslands. The idea had been around for a while and so was will. Here, in the Carpathians they found the ideal place to start their first project so, in 2008 they established their first Angus breed cattle rearing farm and committed to producing high-quality beef, both environmentally and economically speaking.<\/span><\/p>\n<p>And here is how \u201c<a href=\"https:\/\/karpaten-meat.com\/en\/breeding\/\"><b>from grass to beef<\/b><\/a>\u201d started &#8211; beef from the Carpathians being the future of Angus in Europe. Therefore, our unit in Romania, based on a successful combination of resources for <a href=\"https:\/\/karpaten-meat.com\/en\/sales-beef\/quality\/\"><b>premium Angus beef production at the highest standards<\/b><\/a>,\u00a0 has become a model for future similar businesses in Europe. The goal of its founders is that European countries should be the main premium beef suppliers in Europe.[\/vc_column_text][\/vc_column][vc_column width=&#8221;1\/2&#8243; css=&#8221;.vc_custom_1492015776771{margin-top: 20px !important;margin-bottom: 10px !important;}&#8221;][vc_column_text]We, Karpaten Meat team, consider it our duty to contribute to the food consumption of the population with healthy and high-quality products. Accordingly, current <a href=\"https:\/\/karpaten-meat.com\/en\/the-group\/career\/\"><b>company values<\/b><\/a> reflect our agricultural heritage, honesty and integrity, trust and respect. For us, the way\u00a0we work is the way we live &#8211;\u00a0in harmony with nature and aligned to the highest possible quality standards, therefore this type of business is a perfect match to this country and what we are committed to achieve.\u00a0The Angus beef business promotes a sustainable future, and its entire structure is built on a foundation of respect for the relationships they are forging.<\/p>\n<p>&nbsp;<\/p>\n<p>The trend in Europe is that of increasing cattle production in the Balkan states. The founders of Karpaten Meat have recognized this trend and have established in Romania a\u00a0 \u00a0<a href=\"http:\/\/karpaten-meat.com\/en\/sales-cattle\/partner-program\/\"><b>functional hub of Angus cattle<\/b><\/a>, as well as a network for Angus calves production through the partnership programmes that we offer our collaborators. Our project also relies on links with trustworthy partners across Europe. Our Angus system is based on cooperation with partner companies, both for breeding and fattening. Therefore, there are mutual economic advantages, by specializing in individual production stages. As\u00a0 \u00a0<a href=\"http:\/\/karpaten-meat.com\/en\/sales-cattle\/consulting\/\"><b>system provider<\/b><\/a>, Karpaten Meat offers fair supply and acquisition contracts that are mutually beneficial.[\/vc_column_text][\/vc_column][\/vc_row][vc_row][vc_column width=&#8221;1\/3&#8243; css=&#8221;.vc_custom_1481813995397{margin-top: 30px !important;margin-bottom: 30px !important;}&#8221;]<div class=\"q_image_with_text_over  image_zoom \"><div class=\"shader\" style=\"background-color:rgba(0,0,0,0.01);\" data-hover-background-color=rgba(0,0,0,0.75) ><\/div><a class=\"q_image_with_text_link_class\" target=\"_self\" href=\"\/en\/sales-cattle\/\"><\/a><img decoding=\"async\" src=\"https:\/\/karpaten-meat.com\/wp-content\/uploads\/2016\/11\/0951.jpg\" alt=\" SALES ANGUS CATTLE\" \/><div class=\"front_holder\" ><div class=\"front_holder_inner\" style=\"border:none;\" ><div class=\"front_holder_bottom\"><div class=\"front_holder_inner2 \" ><h4 class=\"front_title visible_holder\" style=\"color: #ffffff;font-size: 32px;text-align: center;\"> SALES ANGUS CATTLE<\/h4> <div class='front_holder_new  without_separator  visible_holder_on_hover ' style=\"text-align: center;\"><p><\/p>\n<h3><\/h3>\n<p><\/p><\/div><\/div><\/div><\/div><\/div><\/div>[\/vc_column][vc_column width=&#8221;1\/3&#8243; css=&#8221;.vc_custom_1481814016374{margin-top: 30px !important;margin-bottom: 30px !important;}&#8221;]<div class=\"q_image_with_text_over  image_zoom \"><div class=\"shader\" style=\"background-color:rgba(0,0,0,0.01);\" data-hover-background-color=rgba(0,0,0,0.75) ><\/div><a class=\"q_image_with_text_link_class\" target=\"_self\" href=\"\/en\/sales-cattle\/angus-semen\/\"><\/a><img decoding=\"async\" src=\"https:\/\/karpaten-meat.com\/wp-content\/uploads\/2016\/08\/KM-JA-0516-075.jpg\" alt=\"ANGUS SEMEN\" \/><div class=\"front_holder\" ><div class=\"front_holder_inner\" style=\"border:none;\" ><div class=\"front_holder_bottom\"><div class=\"front_holder_inner2 \" ><h4 class=\"front_title visible_holder\" style=\"color: #ffffff;font-size: 32px;text-align: center;\">ANGUS SEMEN<\/h4><\/div><\/div><\/div><\/div><\/div>[\/vc_column][vc_column width=&#8221;1\/3&#8243; css=&#8221;.vc_custom_1481814033130{margin-top: 30px !important;margin-bottom: 30px !important;}&#8221;]<div class=\"q_image_with_text_over  image_zoom \"><div class=\"shader\" style=\"background-color:rgba(0,0,0,0.01);\" data-hover-background-color=rgba(0,0,0,0.75) ><\/div><a class=\"q_image_with_text_link_class\" target=\"_self\" href=\"\/en\/sales-cattle\/consulting\/\"><\/a><img decoding=\"async\" src=\"https:\/\/karpaten-meat.com\/wp-content\/uploads\/2016\/11\/5488_Bildgr\u00f6\u00dfe-\u00e4ndern.jpg\" alt=\" CONSULTING\" \/><div class=\"front_holder\" ><div class=\"front_holder_inner\" style=\"border:none;\" ><div class=\"front_holder_bottom\"><div class=\"front_holder_inner2 \" ><h4 class=\"front_title visible_holder\" style=\"color: #ffffff;font-size: 32px;text-align: center;\"> CONSULTING<\/h4> <div class='front_holder_new  without_separator  visible_holder_on_hover ' style=\"text-align: center;\"><p><\/p>\n<h3><\/h3>\n<p><\/p><\/div><\/div><\/div><\/div><\/div><\/div>[\/vc_column][\/vc_row][vc_row][vc_column width=&#8221;1\/3&#8243; css=&#8221;.vc_custom_1481813952218{margin-top: 0px !important;margin-bottom: 40px !important;}&#8221;]<div class=\"q_image_with_text_over  image_zoom \"><div class=\"shader\" style=\"background-color:rgba(0,0,0,0.01);\" data-hover-background-color=rgba(0,0,0,0.75) ><\/div><a class=\"q_image_with_text_link_class\" target=\"_self\" href=\"\/en\/sales-cattle\/technical-equipment\/\"><\/a><img decoding=\"async\" src=\"https:\/\/karpaten-meat.com\/wp-content\/uploads\/2016\/11\/KM-JAM-15-019-copy_Bildgr\u00f6\u00dfe-\u00e4ndern.jpg\" alt=\"TECHNICAL EQUIPMENT\" \/><div class=\"front_holder\" ><div class=\"front_holder_inner\" style=\"border:none;\" ><div class=\"front_holder_bottom\"><div class=\"front_holder_inner2 \" ><h4 class=\"front_title visible_holder\" style=\"color: #ffffff;font-size: 32px;text-align: center;\">TECHNICAL EQUIPMENT<\/h4> <div class='front_holder_new  without_separator  visible_holder_on_hover ' style=\"text-align: center;\"><p><\/p>\n<h3><\/h3>\n<p><\/p><\/div><\/div><\/div><\/div><\/div><\/div>[\/vc_column][vc_column width=&#8221;1\/3&#8243; css=&#8221;.vc_custom_1481813937587{margin-top: 0px !important;margin-bottom: 40px !important;}&#8221;]<div class=\"q_image_with_text_over  image_zoom \"><div class=\"shader\" style=\"background-color:rgba(0,0,0,0.01);\" data-hover-background-color=rgba(0,0,0,0.75) ><\/div><a class=\"q_image_with_text_link_class\" target=\"_self\" href=\"\/sales-cattle\/calves-acquisition\/\"><\/a><img decoding=\"async\" src=\"https:\/\/karpaten-meat.com\/wp-content\/uploads\/2016\/11\/KM-JAM-15-121_Bildgr\u00f6\u00dfe-\u00e4ndern.jpg\" alt=\"CALVES AQUISITION\" \/><div class=\"front_holder\" ><div class=\"front_holder_inner\" style=\"border:none;\" ><div class=\"front_holder_bottom\"><div class=\"front_holder_inner2 \" ><h4 class=\"front_title visible_holder\" style=\"color: #ffffff;font-size: 32px;text-align: center;\">CALVES AQUISITION<\/h4><\/div><\/div><\/div><\/div><\/div>[\/vc_column][vc_column width=&#8221;1\/3&#8243; css=&#8221;.vc_custom_1492015791921{margin-top: 0px !important;margin-bottom: 60px !important;}&#8221;]<div class=\"q_image_with_text_over  image_zoom \"><div class=\"shader\" style=\"background-color:rgba(0,0,0,0.01);\" data-hover-background-color=rgba(0,0,0,0.75) ><\/div><a class=\"q_image_with_text_link_class\" target=\"_self\" href=\"\/en\/sales-beef\/\"><\/a><img decoding=\"async\" src=\"https:\/\/karpaten-meat.com\/wp-content\/uploads\/2016\/11\/Clubsteak_2_2440_Bildgr\u00f6\u00dfe-\u00e4ndern.jpg\" alt=\" SALES ANGUS BEEF\" \/><div class=\"front_holder\" ><div class=\"front_holder_inner\" style=\"border:none;\" ><div class=\"front_holder_bottom\"><div class=\"front_holder_inner2 \" ><h4 class=\"front_title visible_holder\" style=\"color: #ffffff;font-size: 32px;text-align: center;\"> SALES ANGUS BEEF<\/h4><\/div><\/div><\/div><\/div><\/div>[\/vc_column][\/vc_row]<\/p>\n<\/div>","protected":false},"excerpt":{"rendered":"<p>[vc_row][vc_column][vc_gallery interval=&#8221;5&#8243; images=&#8221;948,611&#8243; img_size=&#8221;full&#8221; onclick=&#8221;&#8221; disable_navigation_arrows=&#8221;yes&#8221; show_navigation_controls=&#8221;yes&#8221;][\/vc_column][\/vc_row][vc_row][vc_column][vc_column_text] KMG IN ROMANIA [\/vc_column_text][\/vc_column][\/vc_row][vc_row][vc_column width=&#8221;1\/2&#8243; css=&#8221;.vc_custom_1492015768414{margin-top: 20px !important;margin-bottom: 10px !important;}&#8221;][vc_column_text]The project of creating an Angus beef cattle business&#8230;<\/p>\n","protected":false},"author":1,"featured_media":0,"parent":4544,"menu_order":0,"comment_status":"closed","ping_status":"closed","template":"","meta":{"_exactmetrics_skip_tracking":false,"_exactmetrics_sitenote_active":false,"_exactmetrics_sitenote_note":"","_exactmetrics_sitenote_category":0,"footnotes":""},"yoast_head":"<!-- This site is optimized with the Yoast SEO plugin v23.0 - https:\/\/yoast.com\/wordpress\/plugins\/seo\/ -->\n<title>KMG IN ROMANIA - Karpaten Meat<\/title>\n<meta name=\"robots\" content=\"index, follow, max-snippet:-1, max-image-preview:large, max-video-preview:-1\" \/>\n<link rel=\"canonical\" href=\"https:\/\/karpaten-meat.com\/grupul-de-firme\/kmg-in-romania\/\" \/>\n<meta property=\"og:locale\" content=\"en_US\" \/>\n<meta property=\"og:type\" content=\"article\" \/>\n<meta property=\"og:title\" content=\"KMG IN ROMANIA - Karpaten Meat\" \/>\n<meta property=\"og:description\" content=\"[vc_row][vc_column][vc_gallery interval=&#8221;5&#8243; images=&#8221;948,611&#8243; img_size=&#8221;full&#8221; onclick=&#8221;&#8221; disable_navigation_arrows=&#8221;yes&#8221; show_navigation_controls=&#8221;yes&#8221;][\/vc_column][\/vc_row][vc_row][vc_column][vc_column_text] KMG IN ROMANIA [\/vc_column_text][\/vc_column][\/vc_row][vc_row][vc_column width=&#8221;1\/2&#8243; css=&#8221;.vc_custom_1492015768414{margin-top: 20px !important;margin-bottom: 10px !important;}&#8221;][vc_column_text]The project of creating an Angus beef cattle business...\" \/>\n<meta property=\"og:url\" content=\"https:\/\/karpaten-meat.com\/grupul-de-firme\/kmg-in-romania\/\" \/>\n<meta property=\"og:site_name\" content=\"Karpaten Meat\" \/>\n<meta property=\"article:modified_time\" content=\"2018-02-13T12:12:40+00:00\" \/>\n<meta name=\"twitter:card\" content=\"summary_large_image\" \/>\n<meta name=\"twitter:label1\" content=\"Est. reading time\" \/>\n\t<meta name=\"twitter:data1\" content=\"5 minutes\" \/>\n<script type=\"application\/ld+json\" class=\"yoast-schema-graph\">{\"@context\":\"https:\/\/schema.org\",\"@graph\":[{\"@type\":\"WebPage\",\"@id\":\"https:\/\/karpaten-meat.com\/grupul-de-firme\/kmg-in-romania\/\",\"url\":\"https:\/\/karpaten-meat.com\/grupul-de-firme\/kmg-in-romania\/\",\"name\":\"KMG IN ROMANIA - Karpaten Meat\",\"isPartOf\":{\"@id\":\"https:\/\/karpaten-meat.com\/#website\"},\"datePublished\":\"2017-07-19T11:41:15+00:00\",\"dateModified\":\"2018-02-13T12:12:40+00:00\",\"breadcrumb\":{\"@id\":\"https:\/\/karpaten-meat.com\/grupul-de-firme\/kmg-in-romania\/#breadcrumb\"},\"inLanguage\":\"en-US\",\"potentialAction\":[{\"@type\":\"ReadAction\",\"target\":[\"https:\/\/karpaten-meat.com\/grupul-de-firme\/kmg-in-romania\/\"]}]},{\"@type\":\"BreadcrumbList\",\"@id\":\"https:\/\/karpaten-meat.com\/grupul-de-firme\/kmg-in-romania\/#breadcrumb\",\"itemListElement\":[{\"@type\":\"ListItem\",\"position\":1,\"name\":\"Prima pagin\u0103\",\"item\":\"https:\/\/karpaten-meat.com\/en\/\"},{\"@type\":\"ListItem\",\"position\":2,\"name\":\"THE GROUP\",\"item\":\"https:\/\/karpaten-meat.com\/en\/the-group\/\"},{\"@type\":\"ListItem\",\"position\":3,\"name\":\"KMG IN ROMANIA\"}]},{\"@type\":\"WebSite\",\"@id\":\"https:\/\/karpaten-meat.com\/#website\",\"url\":\"https:\/\/karpaten-meat.com\/\",\"name\":\"Karpaten Meat\",\"description\":\"from grass to beef\",\"potentialAction\":[{\"@type\":\"SearchAction\",\"target\":{\"@type\":\"EntryPoint\",\"urlTemplate\":\"https:\/\/karpaten-meat.com\/?s={search_term_string}\"},\"query-input\":\"required name=search_term_string\"}],\"inLanguage\":\"en-US\"}]}<\/script>\n<!-- \/ Yoast SEO plugin. -->","yoast_head_json":{"title":"KMG IN ROMANIA - Karpaten Meat","robots":{"index":"index","follow":"follow","max-snippet":"max-snippet:-1","max-image-preview":"max-image-preview:large","max-video-preview":"max-video-preview:-1"},"canonical":"https:\/\/karpaten-meat.com\/grupul-de-firme\/kmg-in-romania\/","og_locale":"en_US","og_type":"article","og_title":"KMG IN ROMANIA - Karpaten Meat","og_description":"[vc_row][vc_column][vc_gallery interval=&#8221;5&#8243; images=&#8221;948,611&#8243; img_size=&#8221;full&#8221; onclick=&#8221;&#8221; disable_navigation_arrows=&#8221;yes&#8221; show_navigation_controls=&#8221;yes&#8221;][\/vc_column][\/vc_row][vc_row][vc_column][vc_column_text] KMG IN ROMANIA [\/vc_column_text][\/vc_column][\/vc_row][vc_row][vc_column width=&#8221;1\/2&#8243; css=&#8221;.vc_custom_1492015768414{margin-top: 20px !important;margin-bottom: 10px !important;}&#8221;][vc_column_text]The project of creating an Angus beef cattle business...","og_url":"https:\/\/karpaten-meat.com\/grupul-de-firme\/kmg-in-romania\/","og_site_name":"Karpaten Meat","article_modified_time":"2018-02-13T12:12:40+00:00","twitter_card":"summary_large_image","twitter_misc":{"Est. reading time":"5 minutes"},"schema":{"@context":"https:\/\/schema.org","@graph":[{"@type":"WebPage","@id":"https:\/\/karpaten-meat.com\/grupul-de-firme\/kmg-in-romania\/","url":"https:\/\/karpaten-meat.com\/grupul-de-firme\/kmg-in-romania\/","name":"KMG IN ROMANIA - Karpaten Meat","isPartOf":{"@id":"https:\/\/karpaten-meat.com\/#website"},"datePublished":"2017-07-19T11:41:15+00:00","dateModified":"2018-02-13T12:12:40+00:00","breadcrumb":{"@id":"https:\/\/karpaten-meat.com\/grupul-de-firme\/kmg-in-romania\/#breadcrumb"},"inLanguage":"en-US","potentialAction":[{"@type":"ReadAction","target":["https:\/\/karpaten-meat.com\/grupul-de-firme\/kmg-in-romania\/"]}]},{"@type":"BreadcrumbList","@id":"https:\/\/karpaten-meat.com\/grupul-de-firme\/kmg-in-romania\/#breadcrumb","itemListElement":[{"@type":"ListItem","position":1,"name":"Prima pagin\u0103","item":"https:\/\/karpaten-meat.com\/en\/"},{"@type":"ListItem","position":2,"name":"THE GROUP","item":"https:\/\/karpaten-meat.com\/en\/the-group\/"},{"@type":"ListItem","position":3,"name":"KMG IN ROMANIA"}]},{"@type":"WebSite","@id":"https:\/\/karpaten-meat.com\/#website","url":"https:\/\/karpaten-meat.com\/","name":"Karpaten Meat","description":"from grass to beef","potentialAction":[{"@type":"SearchAction","target":{"@type":"EntryPoint","urlTemplate":"https:\/\/karpaten-meat.com\/?s={search_term_string}"},"query-input":"required name=search_term_string"}],"inLanguage":"en-US"}]}},"_links":{"self":[{"href":"https:\/\/karpaten-meat.com\/en\/wp-json\/wp\/v2\/pages\/4552"}],"collection":[{"href":"https:\/\/karpaten-meat.com\/en\/wp-json\/wp\/v2\/pages"}],"about":[{"href":"https:\/\/karpaten-meat.com\/en\/wp-json\/wp\/v2\/types\/page"}],"author":[{"embeddable":true,"href":"https:\/\/karpaten-meat.com\/en\/wp-json\/wp\/v2\/users\/1"}],"replies":[{"embeddable":true,"href":"https:\/\/karpaten-meat.com\/en\/wp-json\/wp\/v2\/comments?post=4552"}],"version-history":[{"count":13,"href":"https:\/\/karpaten-meat.com\/en\/wp-json\/wp\/v2\/pages\/4552\/revisions"}],"predecessor-version":[{"id":6181,"href":"https:\/\/karpaten-meat.com\/en\/wp-json\/wp\/v2\/pages\/4552\/revisions\/6181"}],"up":[{"embeddable":true,"href":"https:\/\/karpaten-meat.com\/en\/wp-json\/wp\/v2\/pages\/4544"}],"wp:attachment":[{"href":"https:\/\/karpaten-meat.com\/en\/wp-json\/wp\/v2\/media?parent=4552"}],"curies":[{"name":"wp","href":"https:\/\/api.w.org\/{rel}","templated":true}]}}